{"id":113,"date":"2020-05-28T10:00:02","date_gmt":"2020-05-28T10:00:02","guid":{"rendered":"https:\/\/stockholm43.qodeinteractive.com\/?page_id=113"},"modified":"2022-02-28T10:33:57","modified_gmt":"2022-02-28T10:33:57","slug":"o-projeto","status":"publish","type":"page","link":"https:\/\/www.salmonlink.uevora.pt\/en\/o-projeto\/","title":{"rendered":"The Project"},"content":{"rendered":"<p>[vc_row row_type=&#8221;row&#8221; use_row_as_full_screen_section=&#8221;no&#8221; type=&#8221;grid&#8221; text_align=&#8221;left&#8221; background_animation=&#8221;none&#8221; padding_top=&#8221;50&#8243; padding_bottom=&#8221;10&#8243; css_animation=&#8221;&#8221;][vc_column width=&#8221;2\/6&#8243;][\/vc_column][vc_column width=&#8221;2\/6&#8243;][vc_single_image image=&#8221;362&#8243; img_size=&#8221;500&#215;240&#8243; alignment=&#8221;center&#8221; onclick=&#8221;custom_link&#8221; qode_css_animation=&#8221;&#8221; link=&#8221;http:\/\/artifact.host\/salmonlink&#8221;][\/vc_column][vc_column width=&#8221;2\/6&#8243;][\/vc_column][\/vc_row][vc_row row_type=&#8221;row&#8221; use_row_as_full_screen_section=&#8221;no&#8221; type=&#8221;grid&#8221; text_align=&#8221;left&#8221; background_animation=&#8221;none&#8221; padding_top=&#8221;20&#8243; css_animation=&#8221;&#8221;][vc_column width=&#8221;1\/5&#8243;][\/vc_column][vc_column width=&#8221;3\/5&#8243;][vc_column_text]<\/p>\n<p style=\"text-align: center;\"><span style=\"font-size: 16px;\">Contribution of scientists and fishermen to the<\/span><\/p>\n<p style=\"text-align: center;\"><span style=\"font-size: 16px;\">conservation and participatory management of Atlantic<\/span><\/p>\n<p style=\"text-align: center;\"><span style=\"font-size: 16px;\">salmon populations in Portugal<\/span><\/p>\n<p style=\"text-align: center;\"><a href=\"https:\/\/www.mar2020.pt\/\" target=\"_blank\" rel=\"noopener\"><span style=\"font-size: 16px;\">(MAR-01.03.02-FEAMP-0048)<\/span><\/a><\/p>\n<p>[\/vc_column_text][\/vc_column][vc_column width=&#8221;1\/5&#8243;][\/vc_column][\/vc_row][vc_row row_type=&#8221;row&#8221; use_row_as_full_screen_section=&#8221;no&#8221; type=&#8221;grid&#8221; text_align=&#8221;left&#8221; background_animation=&#8221;none&#8221; padding_top=&#8221;60&#8243; css_animation=&#8221;&#8221;][vc_column][vc_column_text]<\/p>\n<h2><span style=\"text-decoration: underline; font-size: 48px;\">HOW?<\/span><\/h2>\n<p>[\/vc_column_text][\/vc_column][\/vc_row][vc_row row_type=&#8221;row&#8221; use_row_as_full_screen_section=&#8221;no&#8221; type=&#8221;grid&#8221; text_align=&#8221;left&#8221; background_animation=&#8221;none&#8221; padding_top=&#8221;30&#8243; css_animation=&#8221;&#8221;][vc_column width=&#8221;1\/6&#8243;][\/vc_column][vc_column width=&#8221;5\/6&#8243;][vc_column_text]<\/p>\n<p style=\"text-align: justify;\">The main objective of the project is the establishment of a network of contacts and partnerships, at a national level, between scientists and commercial and recreational fishermen in areas where Atlantic salmon occurs, that allows to increase the knowledge of these populations and, at the same time, and in a context of constant transfer of knowledge between the parties, adapt the current fishing legislation to the conservation and management needs of this endangered species.<\/p>\n<p>[\/vc_column_text][\/vc_column][\/vc_row][vc_row row_type=&#8221;row&#8221; use_row_as_full_screen_section=&#8221;no&#8221; type=&#8221;grid&#8221; text_align=&#8221;center&#8221; background_animation=&#8221;none&#8221; padding_top=&#8221;70&#8243; css_animation=&#8221;&#8221;][vc_column width=&#8221;1\/6&#8243;][\/vc_column][vc_column width=&#8221;2\/3&#8243;][vc_column_text]<\/p>\n<h2 style=\"text-align: center;\">THE SALMONLINK PROJECT COMPRISES FOUR ACTIONS THAT AIM TO:<\/h2>\n<p>[\/vc_column_text][\/vc_column][vc_column width=&#8221;1\/6&#8243;][\/vc_column][\/vc_row][vc_row row_type=&#8221;row&#8221; use_row_as_full_screen_section=&#8221;no&#8221; type=&#8221;grid&#8221; text_align=&#8221;center&#8221; background_animation=&#8221;none&#8221; padding_top=&#8221;70&#8243; css_animation=&#8221;&#8221;][vc_column width=&#8221;1\/4&#8243;][\/vc_column][vc_column width=&#8221;1\/4&#8243; offset=&#8221;vc_col-xs-6&#8243;][vc_single_image image=&#8221;1508&#8243; img_size=&#8221;full&#8221; alignment=&#8221;center&#8221; onclick=&#8221;custom_link&#8221; qode_css_animation=&#8221;element_from_bottom&#8221; link=&#8221;https:\/\/www.salmonlink.uevora.pt\/en\/as-4-acoes\/&#8221;][vc_separator type=&#8221;transparent&#8221; border_style=&#8221;&#8221; up=&#8221;40&#8243;][vc_single_image image=&#8221;1507&#8243; img_size=&#8221;full&#8221; alignment=&#8221;center&#8221; onclick=&#8221;custom_link&#8221; qode_css_animation=&#8221;element_from_bottom&#8221; link=&#8221;https:\/\/www.salmonlink.uevora.pt\/en\/as-4-acoes\/&#8221;][\/vc_column][vc_column width=&#8221;1\/4&#8243; css=&#8221;.vc_custom_1643840368954{padding-top: 100px !important;}&#8221; offset=&#8221;vc_col-xs-6&#8243;][vc_single_image image=&#8221;1510&#8243; img_size=&#8221;full&#8221; alignment=&#8221;center&#8221; onclick=&#8221;custom_link&#8221; qode_css_animation=&#8221;element_from_bottom&#8221; link=&#8221;https:\/\/www.salmonlink.uevora.pt\/en\/as-4-acoes\/&#8221;][vc_separator type=&#8221;transparent&#8221; border_style=&#8221;&#8221; up=&#8221;40&#8243;][vc_single_image image=&#8221;1509&#8243; img_size=&#8221;full&#8221; alignment=&#8221;center&#8221; onclick=&#8221;custom_link&#8221; qode_css_animation=&#8221;element_from_bottom&#8221; link=&#8221;https:\/\/www.salmonlink.uevora.pt\/en\/as-4-acoes\/&#8221;][\/vc_column][vc_column width=&#8221;1\/4&#8243;][\/vc_column][\/vc_row][vc_row row_type=&#8221;row&#8221; use_row_as_full_screen_section=&#8221;no&#8221; type=&#8221;grid&#8221; text_align=&#8221;left&#8221; background_animation=&#8221;none&#8221; padding_top=&#8221;60&#8243; css_animation=&#8221;&#8221;][vc_column width=&#8221;2\/5&#8243;][vc_column_text]<\/p>\n<h2 style=\"text-align: left;\"><span style=\"text-decoration: underline; font-size: 36px;\">STUDY AREA<\/span><\/h2>\n<p>[\/vc_column_text][\/vc_column][vc_column width=&#8221;1\/5&#8243;][\/vc_column][vc_column width=&#8221;1\/5&#8243;][\/vc_column][vc_column width=&#8221;1\/5&#8243;][\/vc_column][\/vc_row][vc_row row_type=&#8221;row&#8221; use_row_as_full_screen_section=&#8221;no&#8221; type=&#8221;grid&#8221; text_align=&#8221;center&#8221; background_animation=&#8221;none&#8221; padding_top=&#8221;50&#8243; css_animation=&#8221;&#8221;][vc_column width=&#8221;2\/5&#8243;][vc_column_text]<\/p>\n<p style=\"text-align: left; line-height: 40px;\">The SALMONLINK project focuses on those river basins where Atlantic salmon occurs in Portugal, namely the rivers Minho and Lima, where the main populations of this species occur, as well as the rivers C\u00e1vado and Douro, where the presence of this species is occasionally detected.<\/p>\n<p>[\/vc_column_text][\/vc_column][vc_column width=&#8221;3\/5&#8243;][vc_single_image image=&#8221;1514&#8243; img_size=&#8221;700&#215;495&#8243; qode_css_animation=&#8221;&#8221; css=&#8221;.vc_custom_1643742020735{padding-left: 50px !important;}&#8221;][vc_column_text css=&#8221;.vc_custom_1643390344414{padding-top: 15px !important;}&#8221;]<\/p>\n<h5 style=\"text-align: center;\"><em>Area of intervention of the SALMONLINK project.<\/em><\/h5>\n<h5 style=\"text-align: center;\"><em>The map indicates the areas, below the first insurmountable obstacle, that are still available for this species in each river and, thus, will be mainly focused on the project actions.<\/em><\/h5>\n<p>[\/vc_column_text][\/vc_column][\/vc_row][vc_row row_type=&#8221;row&#8221; use_row_as_full_screen_section=&#8221;no&#8221; type=&#8221;grid&#8221; text_align=&#8221;center&#8221; background_animation=&#8221;none&#8221; padding_top=&#8221;70&#8243; padding_bottom=&#8221;120&#8243; css_animation=&#8221;&#8221;][vc_column width=&#8221;1\/4&#8243;][\/vc_column][vc_column width=&#8221;1\/4&#8243; offset=&#8221;vc_col-xs-10&#8243;][vc_single_image image=&#8221;1515&#8243; img_size=&#8221;full&#8221; alignment=&#8221;center&#8221; onclick=&#8221;custom_link&#8221; qode_css_animation=&#8221;element_from_bottom&#8221; link=&#8221;https:\/\/www.salmonlink.uevora.pt\/equipa-e-parceiros\/&#8221; css=&#8221;.vc_custom_1643840627604{padding-top: 20px !important;padding-right: 40px !important;padding-left: 40px !important;}&#8221;][\/vc_column][vc_column width=&#8221;1\/4&#8243; offset=&#8221;vc_col-xs-10&#8243;][vc_single_image image=&#8221;1516&#8243; img_size=&#8221;full&#8221; alignment=&#8221;center&#8221; onclick=&#8221;custom_link&#8221; qode_css_animation=&#8221;element_from_bottom&#8221; link=&#8221;https:\/\/www.salmonlink.uevora.pt\/como-participar\/&#8221; css=&#8221;.vc_custom_1643840620023{padding-top: 20px !important;padding-right: 40px !important;padding-left: 40px !important;}&#8221;][\/vc_column][vc_column width=&#8221;1\/4&#8243;][\/vc_column][\/vc_row]<\/p>\n","protected":false},"excerpt":{"rendered":"<p>[vc_row row_type=&#8221;row&#8221; use_row_as_full_screen_section=&#8221;no&#8221; type=&#8221;grid&#8221; text_align=&#8221;left&#8221; background_animation=&#8221;none&#8221; padding_top=&#8221;50&#8243; padding_bottom=&#8221;10&#8243; css_animation=&#8221;&#8221;][vc_column width=&#8221;2\/6&#8243;][\/vc_column][vc_column width=&#8221;2\/6&#8243;][vc_single_image image=&#8221;362&#8243; img_size=&#8221;500&#215;240&#8243; alignment=&#8221;center&#8221; onclick=&#8221;custom_link&#8221; qode_css_animation=&#8221;&#8221; link=&#8221;http:\/\/artifact.host\/salmonlink&#8221;][\/vc_column][vc_column width=&#8221;2\/6&#8243;][\/vc_column][\/vc_row][vc_row row_type=&#8221;row&#8221; use_row_as_full_screen_section=&#8221;no&#8221; type=&#8221;grid&#8221; text_align=&#8221;left&#8221; background_animation=&#8221;none&#8221; padding_top=&#8221;20&#8243; css_animation=&#8221;&#8221;][vc_column width=&#8221;1\/5&#8243;][\/vc_column][vc_column width=&#8221;3\/5&#8243;][vc_column_text] Contribution of scientists and fishermen to the conservation and participatory management of Atlantic salmon populations in Portugal (MAR-01.03.02-FEAMP-0048)&#8230;<\/p>\n","protected":false},"author":1,"featured_media":0,"parent":0,"menu_order":0,"comment_status":"closed","ping_status":"closed","template":"full_width.php","meta":{"footnotes":""},"class_list":["post-113","page","type-page","status-publish","hentry"],"yoast_head":"<!-- This site is optimized with the Yoast SEO plugin v27.5 - https:\/\/yoast.com\/product\/yoast-seo-wordpress\/ -->\n<title>The Project<\/title>\n<meta name=\"description\" content=\"[vc_row row_type=&quot;row&quot; use_row_as_full_screen_section=&quot;no&quot; type=&quot;grid&quot; text_align=&quot;left&quot; background_animation=&quot;none&quot; padding_top=&quot;50&quot; padding_bottom=&quot;10&quot; css_animation=&quot;&quot;][vc_column width=&quot;2\/6&quot;][\/vc_column][vc_column width=&quot;2\/6&quot;][vc_single_image image=&quot;362&quot; img_size=&quot;500x240&quot; alignment=&quot;center&quot; onclick=&quot;custom_link&quot; qode_css_animation=&quot;&quot; link=&quot;http:\/\/artifact.host\/salmonlink&quot;][\/vc_column][vc_column width=&quot;2\/6&quot;][\/vc_column][\/vc_row][vc_row row_type=&quot;row&quot; use_row_as_full_screen_section=&quot;no&quot; type=&quot;grid&quot; text_align=&quot;left&quot; background_animation=&quot;none&quot; padding_top=&quot;20&quot; css_animation=&quot;&quot;][vc_column width=&quot;1\/5&quot;][\/vc_column][vc_column width=&quot;3\/5&quot;][vc_column_text] Contribution of scientists and fishermen to the conservation and participatory management of Atlantic salmon populations in Portugal (MAR-01.03.02-FEAMP-0048) [\/vc_column_text][\/vc_column][vc_column width=&quot;1\/5&quot;][\/vc_column][\/vc_row][vc_row row_type=&quot;row&quot; use_row_as_full_screen_section=&quot;no&quot; type=&quot;grid&quot; text_align=&quot;left&quot; background_animation=&quot;none&quot; padding_top=&quot;60&quot; css_animation=&quot;&quot;][vc_column][vc_column_text] HOW?&hellip;\" \/>\n<meta name=\"robots\" content=\"index, follow, max-snippet:-1, max-image-preview:large, max-video-preview:-1\" \/>\n<link rel=\"canonical\" href=\"\" \/>\n<meta property=\"og:locale\" content=\"en_US\" \/>\n<meta property=\"og:type\" content=\"article\" \/>\n<meta property=\"og:title\" content=\"The Project\" \/>\n<meta property=\"og:description\" content=\"[vc_row row_type=&quot;row&quot; use_row_as_full_screen_section=&quot;no&quot; type=&quot;grid&quot; text_align=&quot;left&quot; background_animation=&quot;none&quot; padding_top=&quot;50&quot; padding_bottom=&quot;10&quot; css_animation=&quot;&quot;][vc_column width=&quot;2\/6&quot;][\/vc_column][vc_column width=&quot;2\/6&quot;][vc_single_image image=&quot;362&quot; img_size=&quot;500x240&quot; alignment=&quot;center&quot; onclick=&quot;custom_link&quot; qode_css_animation=&quot;&quot; link=&quot;http:\/\/artifact.host\/salmonlink&quot;][\/vc_column][vc_column width=&quot;2\/6&quot;][\/vc_column][\/vc_row][vc_row row_type=&quot;row&quot; use_row_as_full_screen_section=&quot;no&quot; type=&quot;grid&quot; text_align=&quot;left&quot; background_animation=&quot;none&quot; padding_top=&quot;20&quot; css_animation=&quot;&quot;][vc_column width=&quot;1\/5&quot;][\/vc_column][vc_column width=&quot;3\/5&quot;][vc_column_text] Contribution of scientists and fishermen to the conservation and participatory management of Atlantic salmon populations in Portugal (MAR-01.03.02-FEAMP-0048) [\/vc_column_text][\/vc_column][vc_column width=&quot;1\/5&quot;][\/vc_column][\/vc_row][vc_row row_type=&quot;row&quot; use_row_as_full_screen_section=&quot;no&quot; type=&quot;grid&quot; text_align=&quot;left&quot; background_animation=&quot;none&quot; padding_top=&quot;60&quot; css_animation=&quot;&quot;][vc_column][vc_column_text] HOW?&hellip;\" \/>\n<meta property=\"og:url\" content=\"https:\/\/www.salmonlink.uevora.pt\/en\/o-projeto\/\" \/>\n<meta property=\"og:site_name\" content=\"SalmonLink\" \/>\n<meta property=\"article:publisher\" content=\"https:\/\/www.facebook.com\/salmonlinkuevora\/\" \/>\n<meta property=\"article:modified_time\" content=\"2022-02-28T10:33:57+00:00\" \/>\n<meta name=\"twitter:card\" content=\"summary_large_image\" \/>\n<meta name=\"twitter:label1\" content=\"Est. reading time\" \/>\n\t<meta name=\"twitter:data1\" content=\"2 minutes\" \/>\n<script type=\"application\/ld+json\" class=\"yoast-schema-graph\">{\"@context\":\"https:\\\/\\\/schema.org\",\"@graph\":[{\"@type\":\"WebPage\",\"@id\":\"https:\\\/\\\/www.salmonlink.uevora.pt\\\/en\\\/o-projeto\\\/\",\"url\":\"https:\\\/\\\/www.salmonlink.uevora.pt\\\/en\\\/o-projeto\\\/\",\"name\":\"O projeto - SalmonLink\",\"isPartOf\":{\"@id\":\"https:\\\/\\\/www.salmonlink.uevora.pt\\\/#website\"},\"datePublished\":\"2020-05-28T10:00:02+00:00\",\"dateModified\":\"2022-02-28T10:33:57+00:00\",\"description\":\"O projeto \u00e9 uma contribui\u00e7\u00e3o dos cientistas e pescadores para a conserva\u00e7\u00e3o e gest\u00e3o participada das popula\u00e7\u00f5es de salm\u00e3o do Atl\u00e2ntico.\",\"breadcrumb\":{\"@id\":\"https:\\\/\\\/www.salmonlink.uevora.pt\\\/en\\\/o-projeto\\\/#breadcrumb\"},\"inLanguage\":\"en-US\",\"potentialAction\":[{\"@type\":\"ReadAction\",\"target\":[\"https:\\\/\\\/www.salmonlink.uevora.pt\\\/en\\\/o-projeto\\\/\"]}]},{\"@type\":\"BreadcrumbList\",\"@id\":\"https:\\\/\\\/www.salmonlink.uevora.pt\\\/en\\\/o-projeto\\\/#breadcrumb\",\"itemListElement\":[{\"@type\":\"ListItem\",\"position\":1,\"name\":\"In\u00edcio\",\"item\":\"https:\\\/\\\/www.salmonlink.uevora.pt\\\/\"},{\"@type\":\"ListItem\",\"position\":2,\"name\":\"The Project\"}]},{\"@type\":\"WebSite\",\"@id\":\"https:\\\/\\\/www.salmonlink.uevora.pt\\\/en\\\/#website\",\"url\":\"https:\\\/\\\/www.salmonlink.uevora.pt\\\/en\\\/\",\"name\":\"SalmonLink\",\"description\":\"Gest\u00e3o e conserva\u00e7\u00e3o do salm\u00e3o do atl\u00e2ntico em Portugal\",\"publisher\":{\"@id\":\"https:\\\/\\\/www.salmonlink.uevora.pt\\\/en\\\/#organization\"},\"potentialAction\":[{\"@type\":\"SearchAction\",\"target\":{\"@type\":\"EntryPoint\",\"urlTemplate\":\"https:\\\/\\\/www.salmonlink.uevora.pt\\\/en\\\/?s={search_term_string}\"},\"query-input\":{\"@type\":\"PropertyValueSpecification\",\"valueRequired\":true,\"valueName\":\"search_term_string\"}}],\"inLanguage\":\"en-US\"},{\"@type\":\"Organization\",\"@id\":\"https:\\\/\\\/www.salmonlink.uevora.pt\\\/en\\\/#organization\",\"name\":\"SalmonLink\",\"url\":\"https:\\\/\\\/www.salmonlink.uevora.pt\\\/en\\\/\",\"logo\":{\"@type\":\"ImageObject\",\"inLanguage\":\"en-US\",\"@id\":\"https:\\\/\\\/www.salmonlink.uevora.pt\\\/en\\\/#\\\/schema\\\/logo\\\/image\\\/\",\"url\":\"https:\\\/\\\/www.salmonlink.uevora.pt\\\/wp-content\\\/uploads\\\/2022\\\/01\\\/Logo_SalmonLink_horiz_degrade-e1643409263851.png\",\"contentUrl\":\"https:\\\/\\\/www.salmonlink.uevora.pt\\\/wp-content\\\/uploads\\\/2022\\\/01\\\/Logo_SalmonLink_horiz_degrade-e1643409263851.png\",\"width\":1920,\"height\":1080,\"caption\":\"SalmonLink\"},\"image\":{\"@id\":\"https:\\\/\\\/www.salmonlink.uevora.pt\\\/en\\\/#\\\/schema\\\/logo\\\/image\\\/\"},\"sameAs\":[\"https:\\\/\\\/www.facebook.com\\\/salmonlinkuevora\\\/\"]}]}<\/script>\n<!-- \/ Yoast SEO plugin. -->","yoast_head_json":{"title":"The Project","description":"[vc_row row_type=\"row\" use_row_as_full_screen_section=\"no\" type=\"grid\" text_align=\"left\" background_animation=\"none\" padding_top=\"50\" padding_bottom=\"10\" css_animation=\"\"][vc_column width=\"2\/6\"][\/vc_column][vc_column width=\"2\/6\"][vc_single_image image=\"362\" img_size=\"500x240\" alignment=\"center\" onclick=\"custom_link\" qode_css_animation=\"\" link=\"http:\/\/artifact.host\/salmonlink\"][\/vc_column][vc_column width=\"2\/6\"][\/vc_column][\/vc_row][vc_row row_type=\"row\" use_row_as_full_screen_section=\"no\" type=\"grid\" text_align=\"left\" background_animation=\"none\" padding_top=\"20\" css_animation=\"\"][vc_column width=\"1\/5\"][\/vc_column][vc_column width=\"3\/5\"][vc_column_text] Contribution of scientists and fishermen to the conservation and participatory management of Atlantic salmon populations in Portugal (MAR-01.03.02-FEAMP-0048) [\/vc_column_text][\/vc_column][vc_column width=\"1\/5\"][\/vc_column][\/vc_row][vc_row row_type=\"row\" use_row_as_full_screen_section=\"no\" type=\"grid\" text_align=\"left\" background_animation=\"none\" padding_top=\"60\" css_animation=\"\"][vc_column][vc_column_text] HOW?&hellip;","robots":{"index":"index","follow":"follow","max-snippet":"max-snippet:-1","max-image-preview":"max-image-preview:large","max-video-preview":"max-video-preview:-1"},"canonical":"[vc_row row_type=\"row\" use_row_as_full_screen_section=\"no\" type=\"grid\" text_align=\"left\" background_animation=\"none\" padding_top=\"50\" padding_bottom=\"10\" css_animation=\"\"][vc_column width=\"2\/6\"][\/vc_column][vc_column width=\"2\/6\"][vc_single_image image=\"362\" img_size=\"500x240\" alignment=\"center\" onclick=\"custom_link\" qode_css_animation=\"\" link=\"http:\/\/artifact.host\/salmonlink\"][\/vc_column][vc_column width=\"2\/6\"][\/vc_column][\/vc_row][vc_row row_type=\"row\" use_row_as_full_screen_section=\"no\" type=\"grid\" text_align=\"left\" background_animation=\"none\" padding_top=\"20\" css_animation=\"\"][vc_column width=\"1\/5\"][\/vc_column][vc_column width=\"3\/5\"][vc_column_text] Contribution of scientists and fishermen to the conservation and participatory management of Atlantic salmon populations in Portugal (MAR-01.03.02-FEAMP-0048) [\/vc_column_text][\/vc_column][vc_column width=\"1\/5\"][\/vc_column][\/vc_row][vc_row row_type=\"row\" use_row_as_full_screen_section=\"no\" type=\"grid\" text_align=\"left\" background_animation=\"none\" padding_top=\"60\" css_animation=\"\"][vc_column][vc_column_text] HOW?&hellip;","og_locale":"en_US","og_type":"article","og_title":"The Project","og_description":"[vc_row row_type=\"row\" use_row_as_full_screen_section=\"no\" type=\"grid\" text_align=\"left\" background_animation=\"none\" padding_top=\"50\" padding_bottom=\"10\" css_animation=\"\"][vc_column width=\"2\/6\"][\/vc_column][vc_column width=\"2\/6\"][vc_single_image image=\"362\" img_size=\"500x240\" alignment=\"center\" onclick=\"custom_link\" qode_css_animation=\"\" link=\"http:\/\/artifact.host\/salmonlink\"][\/vc_column][vc_column width=\"2\/6\"][\/vc_column][\/vc_row][vc_row row_type=\"row\" use_row_as_full_screen_section=\"no\" type=\"grid\" text_align=\"left\" background_animation=\"none\" padding_top=\"20\" css_animation=\"\"][vc_column width=\"1\/5\"][\/vc_column][vc_column width=\"3\/5\"][vc_column_text] Contribution of scientists and fishermen to the conservation and participatory management of Atlantic salmon populations in Portugal (MAR-01.03.02-FEAMP-0048) [\/vc_column_text][\/vc_column][vc_column width=\"1\/5\"][\/vc_column][\/vc_row][vc_row row_type=\"row\" use_row_as_full_screen_section=\"no\" type=\"grid\" text_align=\"left\" background_animation=\"none\" padding_top=\"60\" css_animation=\"\"][vc_column][vc_column_text] HOW?&hellip;","og_url":"https:\/\/www.salmonlink.uevora.pt\/en\/o-projeto\/","og_site_name":"SalmonLink","article_publisher":"https:\/\/www.facebook.com\/salmonlinkuevora\/","article_modified_time":"2022-02-28T10:33:57+00:00","twitter_card":"summary_large_image","twitter_misc":{"Est. reading time":"2 minutes"},"schema":{"@context":"https:\/\/schema.org","@graph":[{"@type":"WebPage","@id":"https:\/\/www.salmonlink.uevora.pt\/en\/o-projeto\/","url":"https:\/\/www.salmonlink.uevora.pt\/en\/o-projeto\/","name":"O projeto - SalmonLink","isPartOf":{"@id":"https:\/\/www.salmonlink.uevora.pt\/#website"},"datePublished":"2020-05-28T10:00:02+00:00","dateModified":"2022-02-28T10:33:57+00:00","description":"O projeto \u00e9 uma contribui\u00e7\u00e3o dos cientistas e pescadores para a conserva\u00e7\u00e3o e gest\u00e3o participada das popula\u00e7\u00f5es de salm\u00e3o do Atl\u00e2ntico.","breadcrumb":{"@id":"https:\/\/www.salmonlink.uevora.pt\/en\/o-projeto\/#breadcrumb"},"inLanguage":"en-US","potentialAction":[{"@type":"ReadAction","target":["https:\/\/www.salmonlink.uevora.pt\/en\/o-projeto\/"]}]},{"@type":"BreadcrumbList","@id":"https:\/\/www.salmonlink.uevora.pt\/en\/o-projeto\/#breadcrumb","itemListElement":[{"@type":"ListItem","position":1,"name":"In\u00edcio","item":"https:\/\/www.salmonlink.uevora.pt\/"},{"@type":"ListItem","position":2,"name":"The Project"}]},{"@type":"WebSite","@id":"https:\/\/www.salmonlink.uevora.pt\/en\/#website","url":"https:\/\/www.salmonlink.uevora.pt\/en\/","name":"SalmonLink","description":"Gest\u00e3o e conserva\u00e7\u00e3o do salm\u00e3o do atl\u00e2ntico em Portugal","publisher":{"@id":"https:\/\/www.salmonlink.uevora.pt\/en\/#organization"},"potentialAction":[{"@type":"SearchAction","target":{"@type":"EntryPoint","urlTemplate":"https:\/\/www.salmonlink.uevora.pt\/en\/?s={search_term_string}"},"query-input":{"@type":"PropertyValueSpecification","valueRequired":true,"valueName":"search_term_string"}}],"inLanguage":"en-US"},{"@type":"Organization","@id":"https:\/\/www.salmonlink.uevora.pt\/en\/#organization","name":"SalmonLink","url":"https:\/\/www.salmonlink.uevora.pt\/en\/","logo":{"@type":"ImageObject","inLanguage":"en-US","@id":"https:\/\/www.salmonlink.uevora.pt\/en\/#\/schema\/logo\/image\/","url":"https:\/\/www.salmonlink.uevora.pt\/wp-content\/uploads\/2022\/01\/Logo_SalmonLink_horiz_degrade-e1643409263851.png","contentUrl":"https:\/\/www.salmonlink.uevora.pt\/wp-content\/uploads\/2022\/01\/Logo_SalmonLink_horiz_degrade-e1643409263851.png","width":1920,"height":1080,"caption":"SalmonLink"},"image":{"@id":"https:\/\/www.salmonlink.uevora.pt\/en\/#\/schema\/logo\/image\/"},"sameAs":["https:\/\/www.facebook.com\/salmonlinkuevora\/"]}]}},"_links":{"self":[{"href":"https:\/\/www.salmonlink.uevora.pt\/en\/wp-json\/wp\/v2\/pages\/113","targetHints":{"allow":["GET"]}}],"collection":[{"href":"https:\/\/www.salmonlink.uevora.pt\/en\/wp-json\/wp\/v2\/pages"}],"about":[{"href":"https:\/\/www.salmonlink.uevora.pt\/en\/wp-json\/wp\/v2\/types\/page"}],"author":[{"embeddable":true,"href":"https:\/\/www.salmonlink.uevora.pt\/en\/wp-json\/wp\/v2\/users\/1"}],"replies":[{"embeddable":true,"href":"https:\/\/www.salmonlink.uevora.pt\/en\/wp-json\/wp\/v2\/comments?post=113"}],"version-history":[{"count":157,"href":"https:\/\/www.salmonlink.uevora.pt\/en\/wp-json\/wp\/v2\/pages\/113\/revisions"}],"predecessor-version":[{"id":2229,"href":"https:\/\/www.salmonlink.uevora.pt\/en\/wp-json\/wp\/v2\/pages\/113\/revisions\/2229"}],"wp:attachment":[{"href":"https:\/\/www.salmonlink.uevora.pt\/en\/wp-json\/wp\/v2\/media?parent=113"}],"curies":[{"name":"wp","href":"https:\/\/api.w.org\/{rel}","templated":true}]}}