{"id":1149,"date":"2021-12-13T15:03:10","date_gmt":"2021-12-13T15:03:10","guid":{"rendered":"https:\/\/www.salmonlink.uevora.pt\/?page_id=1149"},"modified":"2022-02-23T17:08:48","modified_gmt":"2022-02-23T17:08:48","slug":"artigos-cientificos-e-relatorios-tecnicos","status":"publish","type":"page","link":"https:\/\/www.salmonlink.uevora.pt\/en\/artigos-cientificos-e-relatorios-tecnicos\/","title":{"rendered":"Scientific Articles & Technical Reports"},"content":{"rendered":"<p>[vc_row row_type=&#8221;row&#8221; use_row_as_full_screen_section=&#8221;no&#8221; type=&#8221;full_width&#8221; text_align=&#8221;left&#8221; background_animation=&#8221;none&#8221; css_animation=&#8221;&#8221;][vc_column][vc_column_text][\/vc_column_text][\/vc_column][\/vc_row][vc_row row_type=&#8221;row&#8221; use_row_as_full_screen_section=&#8221;no&#8221; type=&#8221;full_width&#8221; text_align=&#8221;left&#8221; background_animation=&#8221;none&#8221; css_animation=&#8221;&#8221;][vc_column][vc_empty_space height=&#8221;120px&#8221;][\/vc_column][\/vc_row][vc_row row_type=&#8221;row&#8221; use_row_as_full_screen_section=&#8221;no&#8221; type=&#8221;full_width&#8221; text_align=&#8221;left&#8221; background_animation=&#8221;none&#8221; css_animation=&#8221;&#8221;][vc_column width=&#8221;1\/4&#8243;][\/vc_column][vc_column width=&#8221;3\/4&#8243;][vc_column_text]<\/p>\n<h2 style=\"text-align: left;\">File repository<\/h2>\n<p>[\/vc_column_text][vc_column_text]<\/p>\n<div class=\"vc_row wpb_row section vc_row-fluid \">\n<div class=\" full_section_inner clearfix\">\n<div class=\"wpb_column vc_column_container vc_col-sm-9\">\n<div class=\"vc_column-inner\">\n<div class=\"wpb_wrapper\">\n<div class=\"wpb_text_column wpb_content_element vc_custom_1643402877248\">\n<div class=\"wpb_wrapper\">\n<p>Academic files associated with the SalmonLink Project provided by the team.<\/p>\n<\/div>\n<\/div>\n<\/div>\n<\/div>\n<\/div>\n<\/div>\n<\/div>\n<p>[\/vc_column_text][\/vc_column][\/vc_row][vc_row row_type=&#8221;row&#8221; use_row_as_full_screen_section=&#8221;no&#8221; type=&#8221;full_width&#8221; text_align=&#8221;left&#8221; background_animation=&#8221;none&#8221; padding_top=&#8221;50&#8243; css_animation=&#8221;&#8221;][vc_column width=&#8221;1\/4&#8243;][\/vc_column][vc_column width=&#8221;3\/4&#8243;][vc_column_text]<\/p>\n<h6 style=\"text-align: left;\">Scientific Articles &amp; Technical Reports<\/h6>\n<p>[\/vc_column_text][vc_column_text]<\/p>\n<table style=\"border-collapse: collapse; width: 76.3594%;\">\n<tbody>\n<tr>\n<td style=\"width: 19.811%; vertical-align: middle; text-align: left;\" scope=\"col\"><img loading=\"lazy\" decoding=\"async\" class=\"alignnone wp-image-1012\" src=\"https:\/\/www.salmonlink.uevora.pt\/wp-content\/uploads\/2021\/12\/Untitled-3-300x153.png\" alt=\"\" width=\"200\" height=\"102\" srcset=\"https:\/\/www.salmonlink.uevora.pt\/wp-content\/uploads\/2021\/12\/Untitled-3-300x153.png 300w, https:\/\/www.salmonlink.uevora.pt\/wp-content\/uploads\/2021\/12\/Untitled-3.png 692w\" sizes=\"auto, (max-width: 200px) 100vw, 200px\" \/><\/td>\n<td style=\"width: 58.0526%; text-align: left; vertical-align: middle;\">17\/11\/2021 \u2013\u00a0<a href=\"https:\/\/www.salmonlink.uevora.pt\/wp-content\/uploads\/2021\/11\/Lennox-et-al.-2021-The-quest-for-successful-Atlantic-salmon-restoratio.._.pdf\" target=\"_blank\" rel=\"noopener\">Artigo Publicado \u2013 ICES Journal of Marine Science<\/a><\/td>\n<\/tr>\n<\/tbody>\n<\/table>\n<p>[\/vc_column_text][\/vc_column][\/vc_row][vc_row row_type=&#8221;row&#8221; use_row_as_full_screen_section=&#8221;no&#8221; type=&#8221;full_width&#8221; text_align=&#8221;left&#8221; background_animation=&#8221;none&#8221; css_animation=&#8221;&#8221;][vc_column][vc_empty_space height=&#8221;120px&#8221;][\/vc_column][\/vc_row][vc_row row_type=&#8221;row&#8221; use_row_as_full_screen_section=&#8221;no&#8221; type=&#8221;full_width&#8221; text_align=&#8221;left&#8221; background_animation=&#8221;none&#8221; css_animation=&#8221;&#8221;][vc_column][vc_column_text][\/vc_column_text][\/vc_column][\/vc_row]<\/p>\n","protected":false},"excerpt":{"rendered":"<p>[vc_row row_type=&#8221;row&#8221; use_row_as_full_screen_section=&#8221;no&#8221; type=&#8221;full_width&#8221; text_align=&#8221;left&#8221; background_animation=&#8221;none&#8221; css_animation=&#8221;&#8221;][vc_column][vc_column_text][\/vc_column_text][\/vc_column][\/vc_row][vc_row row_type=&#8221;row&#8221; use_row_as_full_screen_section=&#8221;no&#8221; type=&#8221;full_width&#8221; text_align=&#8221;left&#8221; background_animation=&#8221;none&#8221; css_animation=&#8221;&#8221;][vc_column][vc_empty_space height=&#8221;120px&#8221;][\/vc_column][\/vc_row][vc_row row_type=&#8221;row&#8221; use_row_as_full_screen_section=&#8221;no&#8221; type=&#8221;full_width&#8221; text_align=&#8221;left&#8221; background_animation=&#8221;none&#8221; css_animation=&#8221;&#8221;][vc_column width=&#8221;1\/4&#8243;][\/vc_column][vc_column width=&#8221;3\/4&#8243;][vc_column_text] File repository [\/vc_column_text][vc_column_text] Academic files associated with the SalmonLink Project provided by the team. [\/vc_column_text][\/vc_column][\/vc_row][vc_row row_type=&#8221;row&#8221; use_row_as_full_screen_section=&#8221;no&#8221; type=&#8221;full_width&#8221; text_align=&#8221;left&#8221; background_animation=&#8221;none&#8221; padding_top=&#8221;50&#8243; css_animation=&#8221;&#8221;][vc_column width=&#8221;1\/4&#8243;][\/vc_column][vc_column&#8230;<\/p>\n","protected":false},"author":1,"featured_media":0,"parent":0,"menu_order":0,"comment_status":"closed","ping_status":"closed","template":"full_width.php","meta":{"footnotes":""},"class_list":["post-1149","page","type-page","status-publish","hentry"],"yoast_head":"<!-- This site is optimized with the Yoast SEO plugin v27.5 - https:\/\/yoast.com\/product\/yoast-seo-wordpress\/ -->\n<title>Scientific Articles &amp; Technical Reports<\/title>\n<meta name=\"description\" content=\"[vc_row row_type=&quot;row&quot; use_row_as_full_screen_section=&quot;no&quot; type=&quot;full_width&quot; text_align=&quot;left&quot; background_animation=&quot;none&quot; css_animation=&quot;&quot;][vc_column][vc_column_text][\/vc_column_text][\/vc_column][\/vc_row][vc_row row_type=&quot;row&quot; use_row_as_full_screen_section=&quot;no&quot; type=&quot;full_width&quot; text_align=&quot;left&quot; background_animation=&quot;none&quot; css_animation=&quot;&quot;][vc_column][vc_empty_space height=&quot;120px&quot;][\/vc_column][\/vc_row][vc_row row_type=&quot;row&quot; use_row_as_full_screen_section=&quot;no&quot; type=&quot;full_width&quot; text_align=&quot;left&quot; background_animation=&quot;none&quot; css_animation=&quot;&quot;][vc_column width=&quot;1\/4&quot;][\/vc_column][vc_column width=&quot;3\/4&quot;][vc_column_text] File repository [\/vc_column_text][vc_column_text] Academic files associated with the SalmonLink Project provided by the team. [\/vc_column_text][\/vc_column][\/vc_row][vc_row row_type=&quot;row&quot; use_row_as_full_screen_section=&quot;no&quot; type=&quot;full_width&quot; text_align=&quot;left&quot; background_animation=&quot;none&quot; padding_top=&quot;50&quot; css_animation=&quot;&quot;][vc_column width=&quot;1\/4&quot;][\/vc_column][vc_column width=&quot;3\/4&quot;][vc_column_text] Scientific Articles &amp; Technical Reports [\/vc_column_text][vc_column_text] 17\/11\/2021 \u2013\u00a0Artigo Publicado&hellip;\" \/>\n<meta name=\"robots\" content=\"index, follow, max-snippet:-1, max-image-preview:large, max-video-preview:-1\" \/>\n<link rel=\"canonical\" href=\"http:\/\/[vc_row%20row_type=row%20use_row_as_full_screen_section=no%20type=full_width%20text_align=left%20background_animation=none%20css_animation=][vc_column][vc_column_text][\/vc_column_text%5D%5B\/vc_column%5D%5B\/vc_row%5D%5Bvc_row%20row_type=row%20use_row_as_full_screen_section=no%20type=full_width%20text_align=left%20background_animation=none%20css_animation=%5D%5Bvc_column%5D%5Bvc_empty_space%20height=120px%5D%5B\/vc_column%5D%5B\/vc_row%5D%5Bvc_row%20row_type=row%20use_row_as_full_screen_section=no%20type=full_width%20text_align=left%20background_animation=none%20css_animation=%5D%5Bvc_column%20width=1\/4%5D%5B\/vc_column%5D%5Bvc_column%20width=3\/4%5D%5Bvc_column_text%5D%20File%20repository%20%5B\/vc_column_text%5D%5Bvc_column_text%5D%20Academic%20files%20associated%20with%20the%20SalmonLink%20Project%20provided%20by%20the%20team.%20%5B\/vc_column_text%5D%5B\/vc_column%5D%5B\/vc_row%5D%5Bvc_row%20row_type=row%20use_row_as_full_screen_section=no%20type=full_width%20text_align=left%20background_animation=none%20padding_top=50%20css_animation=%5D%5Bvc_column%20width=1\/4%5D%5B\/vc_column%5D%5Bvc_column%20width=3\/4%5D%5Bvc_column_text%5D%20Scientific%20Articles%20&amp;%20Technical%20Reports%20%5B\/vc_column_text%5D%5Bvc_column_text%5D%2017\/11\/2021%20\u2013\u00a0Artigo%20Publicado&hellip;\" \/>\n<meta property=\"og:locale\" content=\"en_US\" \/>\n<meta property=\"og:type\" content=\"article\" \/>\n<meta property=\"og:title\" content=\"Scientific Articles &amp; Technical Reports\" \/>\n<meta property=\"og:description\" content=\"[vc_row row_type=&quot;row&quot; use_row_as_full_screen_section=&quot;no&quot; type=&quot;full_width&quot; text_align=&quot;left&quot; background_animation=&quot;none&quot; css_animation=&quot;&quot;][vc_column][vc_column_text][\/vc_column_text][\/vc_column][\/vc_row][vc_row row_type=&quot;row&quot; use_row_as_full_screen_section=&quot;no&quot; type=&quot;full_width&quot; text_align=&quot;left&quot; background_animation=&quot;none&quot; css_animation=&quot;&quot;][vc_column][vc_empty_space height=&quot;120px&quot;][\/vc_column][\/vc_row][vc_row row_type=&quot;row&quot; use_row_as_full_screen_section=&quot;no&quot; type=&quot;full_width&quot; text_align=&quot;left&quot; background_animation=&quot;none&quot; css_animation=&quot;&quot;][vc_column width=&quot;1\/4&quot;][\/vc_column][vc_column width=&quot;3\/4&quot;][vc_column_text] File repository [\/vc_column_text][vc_column_text] Academic files associated with the SalmonLink Project provided by the team. [\/vc_column_text][\/vc_column][\/vc_row][vc_row row_type=&quot;row&quot; use_row_as_full_screen_section=&quot;no&quot; type=&quot;full_width&quot; text_align=&quot;left&quot; background_animation=&quot;none&quot; padding_top=&quot;50&quot; css_animation=&quot;&quot;][vc_column width=&quot;1\/4&quot;][\/vc_column][vc_column width=&quot;3\/4&quot;][vc_column_text] Scientific Articles &amp; Technical Reports [\/vc_column_text][vc_column_text] 17\/11\/2021 \u2013\u00a0Artigo Publicado&hellip;\" \/>\n<meta property=\"og:url\" content=\"https:\/\/www.salmonlink.uevora.pt\/en\/artigos-cientificos-e-relatorios-tecnicos\/\" \/>\n<meta property=\"og:site_name\" content=\"SalmonLink\" \/>\n<meta property=\"article:publisher\" content=\"https:\/\/www.facebook.com\/salmonlinkuevora\/\" \/>\n<meta property=\"article:modified_time\" content=\"2022-02-23T17:08:48+00:00\" \/>\n<meta property=\"og:image\" content=\"https:\/\/www.salmonlink.uevora.pt\/wp-content\/uploads\/2021\/12\/Untitled-3-300x153.png\" \/>\n<meta name=\"twitter:card\" content=\"summary_large_image\" \/>\n<meta name=\"twitter:label1\" content=\"Est. reading time\" \/>\n\t<meta name=\"twitter:data1\" content=\"1 minute\" \/>\n<script type=\"application\/ld+json\" class=\"yoast-schema-graph\">{\"@context\":\"https:\\\/\\\/schema.org\",\"@graph\":[{\"@type\":\"WebPage\",\"@id\":\"https:\\\/\\\/www.salmonlink.uevora.pt\\\/en\\\/artigos-cientificos-e-relatorios-tecnicos\\\/\",\"url\":\"https:\\\/\\\/www.salmonlink.uevora.pt\\\/en\\\/artigos-cientificos-e-relatorios-tecnicos\\\/\",\"name\":\"Artigos Cient\u00edficos e Relat\u00f3rios T\u00e9cnicos - SalmonLink\",\"isPartOf\":{\"@id\":\"https:\\\/\\\/www.salmonlink.uevora.pt\\\/#website\"},\"primaryImageOfPage\":{\"@id\":\"https:\\\/\\\/www.salmonlink.uevora.pt\\\/en\\\/artigos-cientificos-e-relatorios-tecnicos\\\/#primaryimage\"},\"image\":{\"@id\":\"https:\\\/\\\/www.salmonlink.uevora.pt\\\/en\\\/artigos-cientificos-e-relatorios-tecnicos\\\/#primaryimage\"},\"thumbnailUrl\":\"https:\\\/\\\/www.salmonlink.uevora.pt\\\/wp-content\\\/uploads\\\/2021\\\/12\\\/Untitled-3-300x153.png\",\"datePublished\":\"2021-12-13T15:03:10+00:00\",\"dateModified\":\"2022-02-23T17:08:48+00:00\",\"breadcrumb\":{\"@id\":\"https:\\\/\\\/www.salmonlink.uevora.pt\\\/en\\\/artigos-cientificos-e-relatorios-tecnicos\\\/#breadcrumb\"},\"inLanguage\":\"en-US\",\"potentialAction\":[{\"@type\":\"ReadAction\",\"target\":[\"https:\\\/\\\/www.salmonlink.uevora.pt\\\/en\\\/artigos-cientificos-e-relatorios-tecnicos\\\/\"]}]},{\"@type\":\"ImageObject\",\"inLanguage\":\"en-US\",\"@id\":\"https:\\\/\\\/www.salmonlink.uevora.pt\\\/en\\\/artigos-cientificos-e-relatorios-tecnicos\\\/#primaryimage\",\"url\":\"https:\\\/\\\/www.salmonlink.uevora.pt\\\/wp-content\\\/uploads\\\/2021\\\/12\\\/Untitled-3-300x153.png\",\"contentUrl\":\"https:\\\/\\\/www.salmonlink.uevora.pt\\\/wp-content\\\/uploads\\\/2021\\\/12\\\/Untitled-3-300x153.png\"},{\"@type\":\"BreadcrumbList\",\"@id\":\"https:\\\/\\\/www.salmonlink.uevora.pt\\\/en\\\/artigos-cientificos-e-relatorios-tecnicos\\\/#breadcrumb\",\"itemListElement\":[{\"@type\":\"ListItem\",\"position\":1,\"name\":\"In\u00edcio\",\"item\":\"https:\\\/\\\/www.salmonlink.uevora.pt\\\/\"},{\"@type\":\"ListItem\",\"position\":2,\"name\":\"Scientific Articles & Technical Reports\"}]},{\"@type\":\"WebSite\",\"@id\":\"https:\\\/\\\/www.salmonlink.uevora.pt\\\/en\\\/#website\",\"url\":\"https:\\\/\\\/www.salmonlink.uevora.pt\\\/en\\\/\",\"name\":\"SalmonLink\",\"description\":\"Gest\u00e3o e conserva\u00e7\u00e3o do salm\u00e3o do atl\u00e2ntico em Portugal\",\"publisher\":{\"@id\":\"https:\\\/\\\/www.salmonlink.uevora.pt\\\/en\\\/#organization\"},\"potentialAction\":[{\"@type\":\"SearchAction\",\"target\":{\"@type\":\"EntryPoint\",\"urlTemplate\":\"https:\\\/\\\/www.salmonlink.uevora.pt\\\/en\\\/?s={search_term_string}\"},\"query-input\":{\"@type\":\"PropertyValueSpecification\",\"valueRequired\":true,\"valueName\":\"search_term_string\"}}],\"inLanguage\":\"en-US\"},{\"@type\":\"Organization\",\"@id\":\"https:\\\/\\\/www.salmonlink.uevora.pt\\\/en\\\/#organization\",\"name\":\"SalmonLink\",\"url\":\"https:\\\/\\\/www.salmonlink.uevora.pt\\\/en\\\/\",\"logo\":{\"@type\":\"ImageObject\",\"inLanguage\":\"en-US\",\"@id\":\"https:\\\/\\\/www.salmonlink.uevora.pt\\\/en\\\/#\\\/schema\\\/logo\\\/image\\\/\",\"url\":\"https:\\\/\\\/www.salmonlink.uevora.pt\\\/wp-content\\\/uploads\\\/2022\\\/01\\\/Logo_SalmonLink_horiz_degrade-e1643409263851.png\",\"contentUrl\":\"https:\\\/\\\/www.salmonlink.uevora.pt\\\/wp-content\\\/uploads\\\/2022\\\/01\\\/Logo_SalmonLink_horiz_degrade-e1643409263851.png\",\"width\":1920,\"height\":1080,\"caption\":\"SalmonLink\"},\"image\":{\"@id\":\"https:\\\/\\\/www.salmonlink.uevora.pt\\\/en\\\/#\\\/schema\\\/logo\\\/image\\\/\"},\"sameAs\":[\"https:\\\/\\\/www.facebook.com\\\/salmonlinkuevora\\\/\"]}]}<\/script>\n<!-- \/ Yoast SEO plugin. -->","yoast_head_json":{"title":"Scientific Articles & Technical Reports","description":"[vc_row row_type=\"row\" use_row_as_full_screen_section=\"no\" type=\"full_width\" text_align=\"left\" background_animation=\"none\" css_animation=\"\"][vc_column][vc_column_text][\/vc_column_text][\/vc_column][\/vc_row][vc_row row_type=\"row\" use_row_as_full_screen_section=\"no\" type=\"full_width\" text_align=\"left\" background_animation=\"none\" css_animation=\"\"][vc_column][vc_empty_space height=\"120px\"][\/vc_column][\/vc_row][vc_row row_type=\"row\" use_row_as_full_screen_section=\"no\" type=\"full_width\" text_align=\"left\" background_animation=\"none\" css_animation=\"\"][vc_column width=\"1\/4\"][\/vc_column][vc_column width=\"3\/4\"][vc_column_text] File repository [\/vc_column_text][vc_column_text] Academic files associated with the SalmonLink Project provided by the team. [\/vc_column_text][\/vc_column][\/vc_row][vc_row row_type=\"row\" use_row_as_full_screen_section=\"no\" type=\"full_width\" text_align=\"left\" background_animation=\"none\" padding_top=\"50\" css_animation=\"\"][vc_column width=\"1\/4\"][\/vc_column][vc_column width=\"3\/4\"][vc_column_text] Scientific Articles &amp; Technical Reports [\/vc_column_text][vc_column_text] 17\/11\/2021 \u2013\u00a0Artigo Publicado&hellip;","robots":{"index":"index","follow":"follow","max-snippet":"max-snippet:-1","max-image-preview":"max-image-preview:large","max-video-preview":"max-video-preview:-1"},"canonical":"[vc_row row_type=\"row\" use_row_as_full_screen_section=\"no\" type=\"full_width\" text_align=\"left\" background_animation=\"none\" css_animation=\"\"][vc_column][vc_column_text][\/vc_column_text][\/vc_column][\/vc_row][vc_row row_type=\"row\" use_row_as_full_screen_section=\"no\" type=\"full_width\" text_align=\"left\" background_animation=\"none\" css_animation=\"\"][vc_column][vc_empty_space height=\"120px\"][\/vc_column][\/vc_row][vc_row row_type=\"row\" use_row_as_full_screen_section=\"no\" type=\"full_width\" text_align=\"left\" background_animation=\"none\" css_animation=\"\"][vc_column width=\"1\/4\"][\/vc_column][vc_column width=\"3\/4\"][vc_column_text] File repository [\/vc_column_text][vc_column_text] Academic files associated with the SalmonLink Project provided by the team. [\/vc_column_text][\/vc_column][\/vc_row][vc_row row_type=\"row\" use_row_as_full_screen_section=\"no\" type=\"full_width\" text_align=\"left\" background_animation=\"none\" padding_top=\"50\" css_animation=\"\"][vc_column width=\"1\/4\"][\/vc_column][vc_column width=\"3\/4\"][vc_column_text] Scientific Articles &amp; Technical Reports [\/vc_column_text][vc_column_text] 17\/11\/2021 \u2013\u00a0Artigo Publicado&hellip;","og_locale":"en_US","og_type":"article","og_title":"Scientific Articles & Technical Reports","og_description":"[vc_row row_type=\"row\" use_row_as_full_screen_section=\"no\" type=\"full_width\" text_align=\"left\" background_animation=\"none\" css_animation=\"\"][vc_column][vc_column_text][\/vc_column_text][\/vc_column][\/vc_row][vc_row row_type=\"row\" use_row_as_full_screen_section=\"no\" type=\"full_width\" text_align=\"left\" background_animation=\"none\" css_animation=\"\"][vc_column][vc_empty_space height=\"120px\"][\/vc_column][\/vc_row][vc_row row_type=\"row\" use_row_as_full_screen_section=\"no\" type=\"full_width\" text_align=\"left\" background_animation=\"none\" css_animation=\"\"][vc_column width=\"1\/4\"][\/vc_column][vc_column width=\"3\/4\"][vc_column_text] File repository [\/vc_column_text][vc_column_text] Academic files associated with the SalmonLink Project provided by the team. [\/vc_column_text][\/vc_column][\/vc_row][vc_row row_type=\"row\" use_row_as_full_screen_section=\"no\" type=\"full_width\" text_align=\"left\" background_animation=\"none\" padding_top=\"50\" css_animation=\"\"][vc_column width=\"1\/4\"][\/vc_column][vc_column width=\"3\/4\"][vc_column_text] Scientific Articles &amp; Technical Reports [\/vc_column_text][vc_column_text] 17\/11\/2021 \u2013\u00a0Artigo Publicado&hellip;","og_url":"https:\/\/www.salmonlink.uevora.pt\/en\/artigos-cientificos-e-relatorios-tecnicos\/","og_site_name":"SalmonLink","article_publisher":"https:\/\/www.facebook.com\/salmonlinkuevora\/","article_modified_time":"2022-02-23T17:08:48+00:00","og_image":[{"url":"https:\/\/www.salmonlink.uevora.pt\/wp-content\/uploads\/2021\/12\/Untitled-3-300x153.png","type":"","width":"","height":""}],"twitter_card":"summary_large_image","twitter_misc":{"Est. reading time":"1 minute"},"schema":{"@context":"https:\/\/schema.org","@graph":[{"@type":"WebPage","@id":"https:\/\/www.salmonlink.uevora.pt\/en\/artigos-cientificos-e-relatorios-tecnicos\/","url":"https:\/\/www.salmonlink.uevora.pt\/en\/artigos-cientificos-e-relatorios-tecnicos\/","name":"Artigos Cient\u00edficos e Relat\u00f3rios T\u00e9cnicos - SalmonLink","isPartOf":{"@id":"https:\/\/www.salmonlink.uevora.pt\/#website"},"primaryImageOfPage":{"@id":"https:\/\/www.salmonlink.uevora.pt\/en\/artigos-cientificos-e-relatorios-tecnicos\/#primaryimage"},"image":{"@id":"https:\/\/www.salmonlink.uevora.pt\/en\/artigos-cientificos-e-relatorios-tecnicos\/#primaryimage"},"thumbnailUrl":"https:\/\/www.salmonlink.uevora.pt\/wp-content\/uploads\/2021\/12\/Untitled-3-300x153.png","datePublished":"2021-12-13T15:03:10+00:00","dateModified":"2022-02-23T17:08:48+00:00","breadcrumb":{"@id":"https:\/\/www.salmonlink.uevora.pt\/en\/artigos-cientificos-e-relatorios-tecnicos\/#breadcrumb"},"inLanguage":"en-US","potentialAction":[{"@type":"ReadAction","target":["https:\/\/www.salmonlink.uevora.pt\/en\/artigos-cientificos-e-relatorios-tecnicos\/"]}]},{"@type":"ImageObject","inLanguage":"en-US","@id":"https:\/\/www.salmonlink.uevora.pt\/en\/artigos-cientificos-e-relatorios-tecnicos\/#primaryimage","url":"https:\/\/www.salmonlink.uevora.pt\/wp-content\/uploads\/2021\/12\/Untitled-3-300x153.png","contentUrl":"https:\/\/www.salmonlink.uevora.pt\/wp-content\/uploads\/2021\/12\/Untitled-3-300x153.png"},{"@type":"BreadcrumbList","@id":"https:\/\/www.salmonlink.uevora.pt\/en\/artigos-cientificos-e-relatorios-tecnicos\/#breadcrumb","itemListElement":[{"@type":"ListItem","position":1,"name":"In\u00edcio","item":"https:\/\/www.salmonlink.uevora.pt\/"},{"@type":"ListItem","position":2,"name":"Scientific Articles & Technical Reports"}]},{"@type":"WebSite","@id":"https:\/\/www.salmonlink.uevora.pt\/en\/#website","url":"https:\/\/www.salmonlink.uevora.pt\/en\/","name":"SalmonLink","description":"Gest\u00e3o e conserva\u00e7\u00e3o do salm\u00e3o do atl\u00e2ntico em Portugal","publisher":{"@id":"https:\/\/www.salmonlink.uevora.pt\/en\/#organization"},"potentialAction":[{"@type":"SearchAction","target":{"@type":"EntryPoint","urlTemplate":"https:\/\/www.salmonlink.uevora.pt\/en\/?s={search_term_string}"},"query-input":{"@type":"PropertyValueSpecification","valueRequired":true,"valueName":"search_term_string"}}],"inLanguage":"en-US"},{"@type":"Organization","@id":"https:\/\/www.salmonlink.uevora.pt\/en\/#organization","name":"SalmonLink","url":"https:\/\/www.salmonlink.uevora.pt\/en\/","logo":{"@type":"ImageObject","inLanguage":"en-US","@id":"https:\/\/www.salmonlink.uevora.pt\/en\/#\/schema\/logo\/image\/","url":"https:\/\/www.salmonlink.uevora.pt\/wp-content\/uploads\/2022\/01\/Logo_SalmonLink_horiz_degrade-e1643409263851.png","contentUrl":"https:\/\/www.salmonlink.uevora.pt\/wp-content\/uploads\/2022\/01\/Logo_SalmonLink_horiz_degrade-e1643409263851.png","width":1920,"height":1080,"caption":"SalmonLink"},"image":{"@id":"https:\/\/www.salmonlink.uevora.pt\/en\/#\/schema\/logo\/image\/"},"sameAs":["https:\/\/www.facebook.com\/salmonlinkuevora\/"]}]}},"_links":{"self":[{"href":"https:\/\/www.salmonlink.uevora.pt\/en\/wp-json\/wp\/v2\/pages\/1149","targetHints":{"allow":["GET"]}}],"collection":[{"href":"https:\/\/www.salmonlink.uevora.pt\/en\/wp-json\/wp\/v2\/pages"}],"about":[{"href":"https:\/\/www.salmonlink.uevora.pt\/en\/wp-json\/wp\/v2\/types\/page"}],"author":[{"embeddable":true,"href":"https:\/\/www.salmonlink.uevora.pt\/en\/wp-json\/wp\/v2\/users\/1"}],"replies":[{"embeddable":true,"href":"https:\/\/www.salmonlink.uevora.pt\/en\/wp-json\/wp\/v2\/comments?post=1149"}],"version-history":[{"count":11,"href":"https:\/\/www.salmonlink.uevora.pt\/en\/wp-json\/wp\/v2\/pages\/1149\/revisions"}],"predecessor-version":[{"id":2171,"href":"https:\/\/www.salmonlink.uevora.pt\/en\/wp-json\/wp\/v2\/pages\/1149\/revisions\/2171"}],"wp:attachment":[{"href":"https:\/\/www.salmonlink.uevora.pt\/en\/wp-json\/wp\/v2\/media?parent=1149"}],"curies":[{"name":"wp","href":"https:\/\/api.w.org\/{rel}","templated":true}]}}