{"id":1154,"date":"2021-12-13T15:04:56","date_gmt":"2021-12-13T15:04:56","guid":{"rendered":"https:\/\/www.salmonlink.uevora.pt\/?page_id=1154"},"modified":"2022-02-23T17:08:48","modified_gmt":"2022-02-23T17:08:48","slug":"apresentacoes","status":"publish","type":"page","link":"https:\/\/www.salmonlink.uevora.pt\/en\/apresentacoes\/","title":{"rendered":"Presentations"},"content":{"rendered":"<p>[vc_row row_type=&#8221;row&#8221; use_row_as_full_screen_section=&#8221;no&#8221; type=&#8221;full_width&#8221; text_align=&#8221;left&#8221; background_animation=&#8221;none&#8221; css_animation=&#8221;&#8221;][vc_column][vc_empty_space height=&#8221;120px&#8221;][\/vc_column][\/vc_row][vc_row row_type=&#8221;row&#8221; use_row_as_full_screen_section=&#8221;no&#8221; type=&#8221;full_width&#8221; text_align=&#8221;left&#8221; background_animation=&#8221;none&#8221; css_animation=&#8221;&#8221;][vc_column width=&#8221;1\/4&#8243;][\/vc_column][vc_column width=&#8221;3\/4&#8243;][vc_column_text]<\/p>\n<h2 style=\"text-align: left;\">File Repository<\/h2>\n<p>[\/vc_column_text][vc_column_text]<\/p>\n<p style=\"text-align: left;\">Academic files associated with the SalmonLink Project provided by the team.<\/p>\n<p>[\/vc_column_text][\/vc_column][\/vc_row][vc_row row_type=&#8221;row&#8221; use_row_as_full_screen_section=&#8221;no&#8221; type=&#8221;full_width&#8221; text_align=&#8221;left&#8221; background_animation=&#8221;none&#8221; padding_top=&#8221;50&#8243; css_animation=&#8221;&#8221;][vc_column width=&#8221;1\/4&#8243;][\/vc_column][vc_column width=&#8221;3\/4&#8243;][vc_column_text]<\/p>\n<h6 style=\"text-align: left;\">Academic Presentations<\/h6>\n<p>[\/vc_column_text][vc_column_text]<\/p>\n<table style=\"border-collapse: collapse; width: 76.3594%;\">\n<tbody>\n<tr>\n<td style=\"width: 19.811%; vertical-align: middle; text-align: left;\" scope=\"col\"><img loading=\"lazy\" decoding=\"async\" class=\"alignnone wp-image-1014\" src=\"https:\/\/www.salmonlink.uevora.pt\/wp-content\/uploads\/2021\/12\/Captura-de-Tela-2021-12-05-a\u0300s-22.27.43-300x169.png\" alt=\"\" width=\"200\" height=\"113\" srcset=\"https:\/\/www.salmonlink.uevora.pt\/wp-content\/uploads\/2021\/12\/Captura-de-Tela-2021-12-05-a\u0300s-22.27.43-300x169.png 300w, https:\/\/www.salmonlink.uevora.pt\/wp-content\/uploads\/2021\/12\/Captura-de-Tela-2021-12-05-a\u0300s-22.27.43-1024x576.png 1024w, https:\/\/www.salmonlink.uevora.pt\/wp-content\/uploads\/2021\/12\/Captura-de-Tela-2021-12-05-a\u0300s-22.27.43-768x432.png 768w, https:\/\/www.salmonlink.uevora.pt\/wp-content\/uploads\/2021\/12\/Captura-de-Tela-2021-12-05-a\u0300s-22.27.43-1536x864.png 1536w, https:\/\/www.salmonlink.uevora.pt\/wp-content\/uploads\/2021\/12\/Captura-de-Tela-2021-12-05-a\u0300s-22.27.43-700x394.png 700w, https:\/\/www.salmonlink.uevora.pt\/wp-content\/uploads\/2021\/12\/Captura-de-Tela-2021-12-05-a\u0300s-22.27.43-1100x619.png 1100w, https:\/\/www.salmonlink.uevora.pt\/wp-content\/uploads\/2021\/12\/Captura-de-Tela-2021-12-05-a\u0300s-22.27.43.png 1902w\" sizes=\"auto, (max-width: 200px) 100vw, 200px\" \/><\/td>\n<td style=\"width: 58.0526%; text-align: left; vertical-align: middle;\">17\/11\/2021 &#8211; <span style=\"text-decoration: underline;\"><a href=\"https:\/\/www.salmonlink.uevora.pt\/wp-content\/uploads\/2021\/11\/Simposio-Minho_Alexandre-et-al.pdf\" target=\"_blank\" rel=\"noopener\">Simp\u00f3sio Ib\u00e9rico &#8211; A vida no Limite &#8211; Carlos Alexandre<\/a><\/span><\/td>\n<\/tr>\n<\/tbody>\n<\/table>\n<p>[\/vc_column_text][\/vc_column][\/vc_row][vc_row row_type=&#8221;row&#8221; use_row_as_full_screen_section=&#8221;no&#8221; type=&#8221;full_width&#8221; text_align=&#8221;left&#8221; background_animation=&#8221;none&#8221; css_animation=&#8221;&#8221;][vc_column][vc_empty_space height=&#8221;120px&#8221;][\/vc_column][\/vc_row]<\/p>\n","protected":false},"excerpt":{"rendered":"<p>[vc_row row_type=&#8221;row&#8221; use_row_as_full_screen_section=&#8221;no&#8221; type=&#8221;full_width&#8221; text_align=&#8221;left&#8221; background_animation=&#8221;none&#8221; css_animation=&#8221;&#8221;][vc_column][vc_empty_space height=&#8221;120px&#8221;][\/vc_column][\/vc_row][vc_row row_type=&#8221;row&#8221; use_row_as_full_screen_section=&#8221;no&#8221; type=&#8221;full_width&#8221; text_align=&#8221;left&#8221; background_animation=&#8221;none&#8221; css_animation=&#8221;&#8221;][vc_column width=&#8221;1\/4&#8243;][\/vc_column][vc_column width=&#8221;3\/4&#8243;][vc_column_text] File Repository [\/vc_column_text][vc_column_text] Academic files associated with the SalmonLink Project provided by the team. [\/vc_column_text][\/vc_column][\/vc_row][vc_row row_type=&#8221;row&#8221; use_row_as_full_screen_section=&#8221;no&#8221; type=&#8221;full_width&#8221; text_align=&#8221;left&#8221; background_animation=&#8221;none&#8221; padding_top=&#8221;50&#8243; css_animation=&#8221;&#8221;][vc_column width=&#8221;1\/4&#8243;][\/vc_column][vc_column width=&#8221;3\/4&#8243;][vc_column_text] Academic Presentations [\/vc_column_text][vc_column_text] 17\/11\/2021 &#8211;&#8230;<\/p>\n","protected":false},"author":1,"featured_media":0,"parent":0,"menu_order":0,"comment_status":"closed","ping_status":"closed","template":"full_width.php","meta":{"footnotes":""},"class_list":["post-1154","page","type-page","status-publish","hentry"],"yoast_head":"<!-- This site is optimized with the Yoast SEO plugin v27.5 - https:\/\/yoast.com\/product\/yoast-seo-wordpress\/ -->\n<title>Presentations<\/title>\n<meta name=\"description\" content=\"[vc_row row_type=&quot;row&quot; use_row_as_full_screen_section=&quot;no&quot; type=&quot;full_width&quot; text_align=&quot;left&quot; background_animation=&quot;none&quot; css_animation=&quot;&quot;][vc_column][vc_empty_space height=&quot;120px&quot;][\/vc_column][\/vc_row][vc_row row_type=&quot;row&quot; use_row_as_full_screen_section=&quot;no&quot; type=&quot;full_width&quot; text_align=&quot;left&quot; background_animation=&quot;none&quot; css_animation=&quot;&quot;][vc_column width=&quot;1\/4&quot;][\/vc_column][vc_column width=&quot;3\/4&quot;][vc_column_text] File Repository [\/vc_column_text][vc_column_text] Academic files associated with the SalmonLink Project provided by the team. [\/vc_column_text][\/vc_column][\/vc_row][vc_row row_type=&quot;row&quot; use_row_as_full_screen_section=&quot;no&quot; type=&quot;full_width&quot; text_align=&quot;left&quot; background_animation=&quot;none&quot; padding_top=&quot;50&quot; css_animation=&quot;&quot;][vc_column width=&quot;1\/4&quot;][\/vc_column][vc_column width=&quot;3\/4&quot;][vc_column_text] Academic Presentations [\/vc_column_text][vc_column_text] 17\/11\/2021 - Simp\u00f3sio Ib\u00e9rico - A vida no Limite - Carlos Alexandre&hellip;\" \/>\n<meta name=\"robots\" content=\"index, follow, max-snippet:-1, max-image-preview:large, max-video-preview:-1\" \/>\n<link rel=\"canonical\" href=\"http:\/\/[vc_row%20row_type=row%20use_row_as_full_screen_section=no%20type=full_width%20text_align=left%20background_animation=none%20css_animation=][vc_column][vc_empty_space%20height=120px][\/vc_column%5D%5B\/vc_row%5D%5Bvc_row%20row_type=row%20use_row_as_full_screen_section=no%20type=full_width%20text_align=left%20background_animation=none%20css_animation=%5D%5Bvc_column%20width=1\/4%5D%5B\/vc_column%5D%5Bvc_column%20width=3\/4%5D%5Bvc_column_text%5D%20File%20Repository%20%5B\/vc_column_text%5D%5Bvc_column_text%5D%20Academic%20files%20associated%20with%20the%20SalmonLink%20Project%20provided%20by%20the%20team.%20%5B\/vc_column_text%5D%5B\/vc_column%5D%5B\/vc_row%5D%5Bvc_row%20row_type=row%20use_row_as_full_screen_section=no%20type=full_width%20text_align=left%20background_animation=none%20padding_top=50%20css_animation=%5D%5Bvc_column%20width=1\/4%5D%5B\/vc_column%5D%5Bvc_column%20width=3\/4%5D%5Bvc_column_text%5D%20Academic%20Presentations%20%5B\/vc_column_text%5D%5Bvc_column_text%5D%2017\/11\/2021%20-%20Simp\u00f3sio%20Ib\u00e9rico%20-%20A%20vida%20no%20Limite%20-%20Carlos%20Alexandre&hellip;\" \/>\n<meta property=\"og:locale\" content=\"en_US\" \/>\n<meta property=\"og:type\" content=\"article\" \/>\n<meta property=\"og:title\" content=\"Presentations\" \/>\n<meta property=\"og:description\" content=\"[vc_row row_type=&quot;row&quot; use_row_as_full_screen_section=&quot;no&quot; type=&quot;full_width&quot; text_align=&quot;left&quot; background_animation=&quot;none&quot; css_animation=&quot;&quot;][vc_column][vc_empty_space height=&quot;120px&quot;][\/vc_column][\/vc_row][vc_row row_type=&quot;row&quot; use_row_as_full_screen_section=&quot;no&quot; type=&quot;full_width&quot; text_align=&quot;left&quot; background_animation=&quot;none&quot; css_animation=&quot;&quot;][vc_column width=&quot;1\/4&quot;][\/vc_column][vc_column width=&quot;3\/4&quot;][vc_column_text] File Repository [\/vc_column_text][vc_column_text] Academic files associated with the SalmonLink Project provided by the team. [\/vc_column_text][\/vc_column][\/vc_row][vc_row row_type=&quot;row&quot; use_row_as_full_screen_section=&quot;no&quot; type=&quot;full_width&quot; text_align=&quot;left&quot; background_animation=&quot;none&quot; padding_top=&quot;50&quot; css_animation=&quot;&quot;][vc_column width=&quot;1\/4&quot;][\/vc_column][vc_column width=&quot;3\/4&quot;][vc_column_text] Academic Presentations [\/vc_column_text][vc_column_text] 17\/11\/2021 - Simp\u00f3sio Ib\u00e9rico - A vida no Limite - Carlos Alexandre&hellip;\" \/>\n<meta property=\"og:url\" content=\"https:\/\/www.salmonlink.uevora.pt\/en\/apresentacoes\/\" \/>\n<meta property=\"og:site_name\" content=\"SalmonLink\" \/>\n<meta property=\"article:publisher\" content=\"https:\/\/www.facebook.com\/salmonlinkuevora\/\" \/>\n<meta property=\"article:modified_time\" content=\"2022-02-23T17:08:48+00:00\" \/>\n<meta property=\"og:image\" content=\"https:\/\/www.salmonlink.uevora.pt\/wp-content\/uploads\/2021\/12\/Captura-de-Tela-2021-12-05-a\u0300s-22.27.43-300x169.png\" \/>\n<meta name=\"twitter:card\" content=\"summary_large_image\" \/>\n<meta name=\"twitter:label1\" content=\"Est. reading time\" \/>\n\t<meta name=\"twitter:data1\" content=\"1 minute\" \/>\n<script type=\"application\/ld+json\" class=\"yoast-schema-graph\">{\"@context\":\"https:\\\/\\\/schema.org\",\"@graph\":[{\"@type\":\"WebPage\",\"@id\":\"https:\\\/\\\/www.salmonlink.uevora.pt\\\/en\\\/apresentacoes\\\/\",\"url\":\"https:\\\/\\\/www.salmonlink.uevora.pt\\\/en\\\/apresentacoes\\\/\",\"name\":\"Apresenta\u00e7\u00f5es - SalmonLink\",\"isPartOf\":{\"@id\":\"https:\\\/\\\/www.salmonlink.uevora.pt\\\/#website\"},\"datePublished\":\"2021-12-13T15:04:56+00:00\",\"dateModified\":\"2022-02-23T17:08:48+00:00\",\"breadcrumb\":{\"@id\":\"https:\\\/\\\/www.salmonlink.uevora.pt\\\/en\\\/apresentacoes\\\/#breadcrumb\"},\"inLanguage\":\"en-US\",\"potentialAction\":[{\"@type\":\"ReadAction\",\"target\":[\"https:\\\/\\\/www.salmonlink.uevora.pt\\\/en\\\/apresentacoes\\\/\"]}]},{\"@type\":\"BreadcrumbList\",\"@id\":\"https:\\\/\\\/www.salmonlink.uevora.pt\\\/en\\\/apresentacoes\\\/#breadcrumb\",\"itemListElement\":[{\"@type\":\"ListItem\",\"position\":1,\"name\":\"In\u00edcio\",\"item\":\"https:\\\/\\\/www.salmonlink.uevora.pt\\\/\"},{\"@type\":\"ListItem\",\"position\":2,\"name\":\"Presentations\"}]},{\"@type\":\"WebSite\",\"@id\":\"https:\\\/\\\/www.salmonlink.uevora.pt\\\/en\\\/#website\",\"url\":\"https:\\\/\\\/www.salmonlink.uevora.pt\\\/en\\\/\",\"name\":\"SalmonLink\",\"description\":\"Gest\u00e3o e conserva\u00e7\u00e3o do salm\u00e3o do atl\u00e2ntico em Portugal\",\"publisher\":{\"@id\":\"https:\\\/\\\/www.salmonlink.uevora.pt\\\/en\\\/#organization\"},\"potentialAction\":[{\"@type\":\"SearchAction\",\"target\":{\"@type\":\"EntryPoint\",\"urlTemplate\":\"https:\\\/\\\/www.salmonlink.uevora.pt\\\/en\\\/?s={search_term_string}\"},\"query-input\":{\"@type\":\"PropertyValueSpecification\",\"valueRequired\":true,\"valueName\":\"search_term_string\"}}],\"inLanguage\":\"en-US\"},{\"@type\":\"Organization\",\"@id\":\"https:\\\/\\\/www.salmonlink.uevora.pt\\\/en\\\/#organization\",\"name\":\"SalmonLink\",\"url\":\"https:\\\/\\\/www.salmonlink.uevora.pt\\\/en\\\/\",\"logo\":{\"@type\":\"ImageObject\",\"inLanguage\":\"en-US\",\"@id\":\"https:\\\/\\\/www.salmonlink.uevora.pt\\\/en\\\/#\\\/schema\\\/logo\\\/image\\\/\",\"url\":\"https:\\\/\\\/www.salmonlink.uevora.pt\\\/wp-content\\\/uploads\\\/2022\\\/01\\\/Logo_SalmonLink_horiz_degrade-e1643409263851.png\",\"contentUrl\":\"https:\\\/\\\/www.salmonlink.uevora.pt\\\/wp-content\\\/uploads\\\/2022\\\/01\\\/Logo_SalmonLink_horiz_degrade-e1643409263851.png\",\"width\":1920,\"height\":1080,\"caption\":\"SalmonLink\"},\"image\":{\"@id\":\"https:\\\/\\\/www.salmonlink.uevora.pt\\\/en\\\/#\\\/schema\\\/logo\\\/image\\\/\"},\"sameAs\":[\"https:\\\/\\\/www.facebook.com\\\/salmonlinkuevora\\\/\"]}]}<\/script>\n<!-- \/ Yoast SEO plugin. -->","yoast_head_json":{"title":"Presentations","description":"[vc_row row_type=\"row\" use_row_as_full_screen_section=\"no\" type=\"full_width\" text_align=\"left\" background_animation=\"none\" css_animation=\"\"][vc_column][vc_empty_space height=\"120px\"][\/vc_column][\/vc_row][vc_row row_type=\"row\" use_row_as_full_screen_section=\"no\" type=\"full_width\" text_align=\"left\" background_animation=\"none\" css_animation=\"\"][vc_column width=\"1\/4\"][\/vc_column][vc_column width=\"3\/4\"][vc_column_text] File Repository [\/vc_column_text][vc_column_text] Academic files associated with the SalmonLink Project provided by the team. [\/vc_column_text][\/vc_column][\/vc_row][vc_row row_type=\"row\" use_row_as_full_screen_section=\"no\" type=\"full_width\" text_align=\"left\" background_animation=\"none\" padding_top=\"50\" css_animation=\"\"][vc_column width=\"1\/4\"][\/vc_column][vc_column width=\"3\/4\"][vc_column_text] Academic Presentations [\/vc_column_text][vc_column_text] 17\/11\/2021 - Simp\u00f3sio Ib\u00e9rico - A vida no Limite - Carlos Alexandre&hellip;","robots":{"index":"index","follow":"follow","max-snippet":"max-snippet:-1","max-image-preview":"max-image-preview:large","max-video-preview":"max-video-preview:-1"},"canonical":"[vc_row row_type=\"row\" use_row_as_full_screen_section=\"no\" type=\"full_width\" text_align=\"left\" background_animation=\"none\" css_animation=\"\"][vc_column][vc_empty_space height=\"120px\"][\/vc_column][\/vc_row][vc_row row_type=\"row\" use_row_as_full_screen_section=\"no\" type=\"full_width\" text_align=\"left\" background_animation=\"none\" css_animation=\"\"][vc_column width=\"1\/4\"][\/vc_column][vc_column width=\"3\/4\"][vc_column_text] File Repository [\/vc_column_text][vc_column_text] Academic files associated with the SalmonLink Project provided by the team. [\/vc_column_text][\/vc_column][\/vc_row][vc_row row_type=\"row\" use_row_as_full_screen_section=\"no\" type=\"full_width\" text_align=\"left\" background_animation=\"none\" padding_top=\"50\" css_animation=\"\"][vc_column width=\"1\/4\"][\/vc_column][vc_column width=\"3\/4\"][vc_column_text] Academic Presentations [\/vc_column_text][vc_column_text] 17\/11\/2021 - Simp\u00f3sio Ib\u00e9rico - A vida no Limite - Carlos Alexandre&hellip;","og_locale":"en_US","og_type":"article","og_title":"Presentations","og_description":"[vc_row row_type=\"row\" use_row_as_full_screen_section=\"no\" type=\"full_width\" text_align=\"left\" background_animation=\"none\" css_animation=\"\"][vc_column][vc_empty_space height=\"120px\"][\/vc_column][\/vc_row][vc_row row_type=\"row\" use_row_as_full_screen_section=\"no\" type=\"full_width\" text_align=\"left\" background_animation=\"none\" css_animation=\"\"][vc_column width=\"1\/4\"][\/vc_column][vc_column width=\"3\/4\"][vc_column_text] File Repository [\/vc_column_text][vc_column_text] Academic files associated with the SalmonLink Project provided by the team. [\/vc_column_text][\/vc_column][\/vc_row][vc_row row_type=\"row\" use_row_as_full_screen_section=\"no\" type=\"full_width\" text_align=\"left\" background_animation=\"none\" padding_top=\"50\" css_animation=\"\"][vc_column width=\"1\/4\"][\/vc_column][vc_column width=\"3\/4\"][vc_column_text] Academic Presentations [\/vc_column_text][vc_column_text] 17\/11\/2021 - Simp\u00f3sio Ib\u00e9rico - A vida no Limite - Carlos Alexandre&hellip;","og_url":"https:\/\/www.salmonlink.uevora.pt\/en\/apresentacoes\/","og_site_name":"SalmonLink","article_publisher":"https:\/\/www.facebook.com\/salmonlinkuevora\/","article_modified_time":"2022-02-23T17:08:48+00:00","og_image":[{"url":"https:\/\/www.salmonlink.uevora.pt\/wp-content\/uploads\/2021\/12\/Captura-de-Tela-2021-12-05-a\u0300s-22.27.43-300x169.png","type":"","width":"","height":""}],"twitter_card":"summary_large_image","twitter_misc":{"Est. reading time":"1 minute"},"schema":{"@context":"https:\/\/schema.org","@graph":[{"@type":"WebPage","@id":"https:\/\/www.salmonlink.uevora.pt\/en\/apresentacoes\/","url":"https:\/\/www.salmonlink.uevora.pt\/en\/apresentacoes\/","name":"Apresenta\u00e7\u00f5es - SalmonLink","isPartOf":{"@id":"https:\/\/www.salmonlink.uevora.pt\/#website"},"datePublished":"2021-12-13T15:04:56+00:00","dateModified":"2022-02-23T17:08:48+00:00","breadcrumb":{"@id":"https:\/\/www.salmonlink.uevora.pt\/en\/apresentacoes\/#breadcrumb"},"inLanguage":"en-US","potentialAction":[{"@type":"ReadAction","target":["https:\/\/www.salmonlink.uevora.pt\/en\/apresentacoes\/"]}]},{"@type":"BreadcrumbList","@id":"https:\/\/www.salmonlink.uevora.pt\/en\/apresentacoes\/#breadcrumb","itemListElement":[{"@type":"ListItem","position":1,"name":"In\u00edcio","item":"https:\/\/www.salmonlink.uevora.pt\/"},{"@type":"ListItem","position":2,"name":"Presentations"}]},{"@type":"WebSite","@id":"https:\/\/www.salmonlink.uevora.pt\/en\/#website","url":"https:\/\/www.salmonlink.uevora.pt\/en\/","name":"SalmonLink","description":"Gest\u00e3o e conserva\u00e7\u00e3o do salm\u00e3o do atl\u00e2ntico em Portugal","publisher":{"@id":"https:\/\/www.salmonlink.uevora.pt\/en\/#organization"},"potentialAction":[{"@type":"SearchAction","target":{"@type":"EntryPoint","urlTemplate":"https:\/\/www.salmonlink.uevora.pt\/en\/?s={search_term_string}"},"query-input":{"@type":"PropertyValueSpecification","valueRequired":true,"valueName":"search_term_string"}}],"inLanguage":"en-US"},{"@type":"Organization","@id":"https:\/\/www.salmonlink.uevora.pt\/en\/#organization","name":"SalmonLink","url":"https:\/\/www.salmonlink.uevora.pt\/en\/","logo":{"@type":"ImageObject","inLanguage":"en-US","@id":"https:\/\/www.salmonlink.uevora.pt\/en\/#\/schema\/logo\/image\/","url":"https:\/\/www.salmonlink.uevora.pt\/wp-content\/uploads\/2022\/01\/Logo_SalmonLink_horiz_degrade-e1643409263851.png","contentUrl":"https:\/\/www.salmonlink.uevora.pt\/wp-content\/uploads\/2022\/01\/Logo_SalmonLink_horiz_degrade-e1643409263851.png","width":1920,"height":1080,"caption":"SalmonLink"},"image":{"@id":"https:\/\/www.salmonlink.uevora.pt\/en\/#\/schema\/logo\/image\/"},"sameAs":["https:\/\/www.facebook.com\/salmonlinkuevora\/"]}]}},"_links":{"self":[{"href":"https:\/\/www.salmonlink.uevora.pt\/en\/wp-json\/wp\/v2\/pages\/1154","targetHints":{"allow":["GET"]}}],"collection":[{"href":"https:\/\/www.salmonlink.uevora.pt\/en\/wp-json\/wp\/v2\/pages"}],"about":[{"href":"https:\/\/www.salmonlink.uevora.pt\/en\/wp-json\/wp\/v2\/types\/page"}],"author":[{"embeddable":true,"href":"https:\/\/www.salmonlink.uevora.pt\/en\/wp-json\/wp\/v2\/users\/1"}],"replies":[{"embeddable":true,"href":"https:\/\/www.salmonlink.uevora.pt\/en\/wp-json\/wp\/v2\/comments?post=1154"}],"version-history":[{"count":6,"href":"https:\/\/www.salmonlink.uevora.pt\/en\/wp-json\/wp\/v2\/pages\/1154\/revisions"}],"predecessor-version":[{"id":2169,"href":"https:\/\/www.salmonlink.uevora.pt\/en\/wp-json\/wp\/v2\/pages\/1154\/revisions\/2169"}],"wp:attachment":[{"href":"https:\/\/www.salmonlink.uevora.pt\/en\/wp-json\/wp\/v2\/media?parent=1154"}],"curies":[{"name":"wp","href":"https:\/\/api.w.org\/{rel}","templated":true}]}}