{"id":443,"date":"2021-08-27T10:07:24","date_gmt":"2021-08-27T13:07:24","guid":{"rendered":"https:\/\/www.salmonlink.uevora.pt\/?page_id=443"},"modified":"2022-02-28T10:37:30","modified_gmt":"2022-02-28T10:37:30","slug":"as-4-acoes","status":"publish","type":"page","link":"https:\/\/www.salmonlink.uevora.pt\/en\/as-4-acoes\/","title":{"rendered":"The 4 Actions"},"content":{"rendered":"<\/p>\n<!-- \/wp:post-content -->\n\n<!-- wp:shortcode -->\n[vc_row row_type=&#8221;row&#8221; use_row_as_full_screen_section=&#8221;no&#8221; type=&#8221;grid&#8221; text_align=&#8221;center&#8221; background_animation=&#8221;none&#8221; padding_top=&#8221;50&#8243; css_animation=&#8221;&#8221;][vc_column][vc_column_text]\n<h2 style=\"text-align: center;\">THE SALMONLINK PROJECT COMPRISES<\/h2>\n<h2 style=\"text-align: center;\">FOUR ACTIONS THAT AIM TO:<\/h2>\n[\/vc_column_text][\/vc_column][\/vc_row]\n<!-- \/wp:shortcode -->\n\n<!-- wp:paragraph -->\n<p>[vc_row row_type=&#8221;row&#8221; use_row_as_full_screen_section=&#8221;no&#8221; type=&#8221;grid&#8221; text_align=&#8221;left&#8221; background_animation=&#8221;none&#8221; padding_top=&#8221;80&#8243; css_animation=&#8221;&#8221;][vc_column width=&#8221;1\/2&#8243; offset=&#8221;vc_col-xs-12&#8243;][vc_single_image image=&#8221;1521&#8243; img_size=&#8221;full&#8221; alignment=&#8221;center&#8221; qode_css_animation=&#8221;element_from_bottom&#8221;][\/vc_column][vc_column css_animation=&#8221;fadeInUp&#8221; width=&#8221;1\/2&#8243; offset=&#8221;vc_col-xs-12&#8243; el_class=&#8221;quadro_actions_02&#8243;][vc_single_image image=&#8221;1519&#8243; img_size=&#8221;full&#8221; alignment=&#8221;center&#8221; qode_css_animation=&#8221;element_from_bottom&#8221;][\/vc_column][\/vc_row][vc_row row_type=&#8221;row&#8221; use_row_as_full_screen_section=&#8221;no&#8221; type=&#8221;grid&#8221; text_align=&#8221;left&#8221; background_animation=&#8221;none&#8221; css_animation=&#8221;&#8221;][vc_column width=&#8221;1\/2&#8243; offset=&#8221;vc_col-xs-12&#8243; el_class=&#8221;quadro_actions_03&#8243;][vc_single_image image=&#8221;1520&#8243; img_size=&#8221;full&#8221; alignment=&#8221;center&#8221; qode_css_animation=&#8221;element_from_bottom&#8221;][\/vc_column][vc_column css_animation=&#8221;fadeInUp&#8221; width=&#8221;1\/2&#8243; offset=&#8221;vc_col-xs-12&#8243; el_class=&#8221;quadro_actions_04&#8243;][vc_single_image image=&#8221;1522&#8243; img_size=&#8221;full&#8221; alignment=&#8221;center&#8221; qode_css_animation=&#8221;element_from_bottom&#8221;][\/vc_column][\/vc_row][vc_row row_type=&#8221;row&#8221; use_row_as_full_screen_section=&#8221;no&#8221; type=&#8221;grid&#8221; text_align=&#8221;center&#8221; background_animation=&#8221;none&#8221; padding_top=&#8221;70&#8243; padding_bottom=&#8221;120&#8243; css_animation=&#8221;&#8221;][vc_column width=&#8221;1\/6&#8243;][\/vc_column][vc_column width=&#8221;2\/6&#8243;][vc_single_image image=&#8221;1528&#8243; img_size=&#8221;full&#8221; alignment=&#8221;center&#8221; onclick=&#8221;custom_link&#8221; qode_css_animation=&#8221;element_from_bottom&#8221; link=&#8221;https:\/\/www.salmonlink.uevora.pt\/conservacao-e-ameacas\/&#8221; css=&#8221;.vc_custom_1643842565985{padding-top: 20px !important;}&#8221;][\/vc_column][vc_column width=&#8221;2\/6&#8243;][vc_single_image image=&#8221;1527&#8243; img_size=&#8221;full&#8221; alignment=&#8221;center&#8221; onclick=&#8221;custom_link&#8221; qode_css_animation=&#8221;element_from_bottom&#8221; link=&#8221;https:\/\/www.salmonlink.uevora.pt\/en\/o-salmao\/&#8221; css=&#8221;.vc_custom_1644598079340{padding-top: 20px !important;}&#8221;][\/vc_column][vc_column width=&#8221;1\/6&#8243;][\/vc_column][\/vc_row][:]<\/p>\n<!-- \/wp:paragraph -->","protected":false},"excerpt":{"rendered":"<p>[vc_row row_type=&#8221;row&#8221; use_row_as_full_screen_section=&#8221;no&#8221; type=&#8221;grid&#8221; text_align=&#8221;center&#8221; background_animation=&#8221;none&#8221; padding_top=&#8221;50&#8243; css_animation=&#8221;&#8221;][vc_column][vc_column_text] THE SALMONLINK PROJECT COMPRISES FOUR ACTIONS THAT AIM TO: [\/vc_column_text][\/vc_column][\/vc_row] [vc_row row_type=&#8221;row&#8221; use_row_as_full_screen_section=&#8221;no&#8221; type=&#8221;grid&#8221; text_align=&#8221;left&#8221; background_animation=&#8221;none&#8221; padding_top=&#8221;80&#8243; css_animation=&#8221;&#8221;][vc_column width=&#8221;1\/2&#8243; offset=&#8221;vc_col-xs-12&#8243;][vc_single_image image=&#8221;1521&#8243; img_size=&#8221;full&#8221; alignment=&#8221;center&#8221; qode_css_animation=&#8221;element_from_bottom&#8221;][\/vc_column][vc_column css_animation=&#8221;fadeInUp&#8221; width=&#8221;1\/2&#8243; offset=&#8221;vc_col-xs-12&#8243; el_class=&#8221;quadro_actions_02&#8243;][vc_single_image image=&#8221;1519&#8243; img_size=&#8221;full&#8221; alignment=&#8221;center&#8221; qode_css_animation=&#8221;element_from_bottom&#8221;][\/vc_column][\/vc_row][vc_row row_type=&#8221;row&#8221; use_row_as_full_screen_section=&#8221;no&#8221; type=&#8221;grid&#8221; text_align=&#8221;left&#8221; background_animation=&#8221;none&#8221;&#8230;<\/p>\n","protected":false},"author":1,"featured_media":0,"parent":0,"menu_order":0,"comment_status":"closed","ping_status":"closed","template":"full_width.php","meta":{"footnotes":""},"class_list":["post-443","page","type-page","status-publish","hentry"],"yoast_head":"<!-- This site is optimized with the Yoast SEO plugin v27.5 - https:\/\/yoast.com\/product\/yoast-seo-wordpress\/ -->\n<title>The 4 Actions<\/title>\n<meta name=\"description\" content=\"[vc_row row_type=&quot;row&quot; use_row_as_full_screen_section=&quot;no&quot; type=&quot;grid&quot; text_align=&quot;center&quot; background_animation=&quot;none&quot; padding_top=&quot;50&quot; css_animation=&quot;&quot;][vc_column][vc_column_text] THE SALMONLINK PROJECT COMPRISES FOUR ACTIONS THAT AIM TO: [\/vc_column_text][\/vc_column][\/vc_row] [vc_row row_type=&quot;row&quot; use_row_as_full_screen_section=&quot;no&quot; type=&quot;grid&quot; text_align=&quot;left&quot; background_animation=&quot;none&quot; padding_top=&quot;80&quot; css_animation=&quot;&quot;][vc_column width=&quot;1\/2&quot; offset=&quot;vc_col-xs-12&quot;][vc_single_image image=&quot;1521&quot; img_size=&quot;full&quot; alignment=&quot;center&quot; qode_css_animation=&quot;element_from_bottom&quot;][\/vc_column][vc_column css_animation=&quot;fadeInUp&quot; width=&quot;1\/2&quot; offset=&quot;vc_col-xs-12&quot; el_class=&quot;quadro_actions_02&quot;][vc_single_image image=&quot;1519&quot; img_size=&quot;full&quot; alignment=&quot;center&quot; qode_css_animation=&quot;element_from_bottom&quot;][\/vc_column][\/vc_row][vc_row row_type=&quot;row&quot; use_row_as_full_screen_section=&quot;no&quot; type=&quot;grid&quot; text_align=&quot;left&quot; background_animation=&quot;none&quot; css_animation=&quot;&quot;][vc_column width=&quot;1\/2&quot; offset=&quot;vc_col-xs-12&quot; el_class=&quot;quadro_actions_03&quot;][vc_single_image image=&quot;1520&quot; img_size=&quot;full&quot; alignment=&quot;center&quot; qode_css_animation=&quot;element_from_bottom&quot;][\/vc_column][vc_column css_animation=&quot;fadeInUp&quot; width=&quot;1\/2&quot;&hellip;\" \/>\n<meta name=\"robots\" content=\"index, follow, max-snippet:-1, max-image-preview:large, max-video-preview:-1\" \/>\n<link rel=\"canonical\" href=\"\" \/>\n<meta property=\"og:locale\" content=\"en_US\" \/>\n<meta property=\"og:type\" content=\"article\" \/>\n<meta property=\"og:title\" content=\"The 4 Actions\" \/>\n<meta property=\"og:description\" content=\"[vc_row row_type=&quot;row&quot; use_row_as_full_screen_section=&quot;no&quot; type=&quot;grid&quot; text_align=&quot;center&quot; background_animation=&quot;none&quot; padding_top=&quot;50&quot; css_animation=&quot;&quot;][vc_column][vc_column_text] THE SALMONLINK PROJECT COMPRISES FOUR ACTIONS THAT AIM TO: [\/vc_column_text][\/vc_column][\/vc_row] [vc_row row_type=&quot;row&quot; use_row_as_full_screen_section=&quot;no&quot; type=&quot;grid&quot; text_align=&quot;left&quot; background_animation=&quot;none&quot; padding_top=&quot;80&quot; css_animation=&quot;&quot;][vc_column width=&quot;1\/2&quot; offset=&quot;vc_col-xs-12&quot;][vc_single_image image=&quot;1521&quot; img_size=&quot;full&quot; alignment=&quot;center&quot; qode_css_animation=&quot;element_from_bottom&quot;][\/vc_column][vc_column css_animation=&quot;fadeInUp&quot; width=&quot;1\/2&quot; offset=&quot;vc_col-xs-12&quot; el_class=&quot;quadro_actions_02&quot;][vc_single_image image=&quot;1519&quot; img_size=&quot;full&quot; alignment=&quot;center&quot; qode_css_animation=&quot;element_from_bottom&quot;][\/vc_column][\/vc_row][vc_row row_type=&quot;row&quot; use_row_as_full_screen_section=&quot;no&quot; type=&quot;grid&quot; text_align=&quot;left&quot; background_animation=&quot;none&quot; css_animation=&quot;&quot;][vc_column width=&quot;1\/2&quot; offset=&quot;vc_col-xs-12&quot; el_class=&quot;quadro_actions_03&quot;][vc_single_image image=&quot;1520&quot; img_size=&quot;full&quot; alignment=&quot;center&quot; qode_css_animation=&quot;element_from_bottom&quot;][\/vc_column][vc_column css_animation=&quot;fadeInUp&quot; width=&quot;1\/2&quot;&hellip;\" \/>\n<meta property=\"og:url\" content=\"https:\/\/www.salmonlink.uevora.pt\/en\/as-4-acoes\/\" \/>\n<meta property=\"og:site_name\" content=\"SalmonLink\" \/>\n<meta property=\"article:publisher\" content=\"https:\/\/www.facebook.com\/salmonlinkuevora\/\" \/>\n<meta property=\"article:modified_time\" content=\"2022-02-28T10:37:30+00:00\" \/>\n<meta name=\"twitter:card\" content=\"summary_large_image\" \/>\n<meta name=\"twitter:label1\" content=\"Est. reading time\" \/>\n\t<meta name=\"twitter:data1\" content=\"1 minute\" \/>\n<script type=\"application\/ld+json\" class=\"yoast-schema-graph\">{\"@context\":\"https:\\\/\\\/schema.org\",\"@graph\":[{\"@type\":\"WebPage\",\"@id\":\"https:\\\/\\\/www.salmonlink.uevora.pt\\\/en\\\/as-4-acoes\\\/\",\"url\":\"https:\\\/\\\/www.salmonlink.uevora.pt\\\/en\\\/as-4-acoes\\\/\",\"name\":\"As 4 a\u00e7\u00f5es do projeto SalmonLink- SalmonLink\",\"isPartOf\":{\"@id\":\"https:\\\/\\\/www.salmonlink.uevora.pt\\\/#website\"},\"datePublished\":\"2021-08-27T13:07:24+00:00\",\"dateModified\":\"2022-02-28T10:37:30+00:00\",\"description\":\"O projeto SalmonLink inclui 4 a\u00e7\u00f5es espec\u00edficas que tem como objetivo a boa gest\u00e3o e conserva\u00e7\u00e3o da popula\u00e7\u00e3o de salm\u00e3o em Portugal.\",\"breadcrumb\":{\"@id\":\"https:\\\/\\\/www.salmonlink.uevora.pt\\\/en\\\/as-4-acoes\\\/#breadcrumb\"},\"inLanguage\":\"en-US\",\"potentialAction\":[{\"@type\":\"ReadAction\",\"target\":[\"https:\\\/\\\/www.salmonlink.uevora.pt\\\/en\\\/as-4-acoes\\\/\"]}]},{\"@type\":\"BreadcrumbList\",\"@id\":\"https:\\\/\\\/www.salmonlink.uevora.pt\\\/en\\\/as-4-acoes\\\/#breadcrumb\",\"itemListElement\":[{\"@type\":\"ListItem\",\"position\":1,\"name\":\"In\u00edcio\",\"item\":\"https:\\\/\\\/www.salmonlink.uevora.pt\\\/\"},{\"@type\":\"ListItem\",\"position\":2,\"name\":\"The 4 Actions\"}]},{\"@type\":\"WebSite\",\"@id\":\"https:\\\/\\\/www.salmonlink.uevora.pt\\\/en\\\/#website\",\"url\":\"https:\\\/\\\/www.salmonlink.uevora.pt\\\/en\\\/\",\"name\":\"SalmonLink\",\"description\":\"Gest\u00e3o e conserva\u00e7\u00e3o do salm\u00e3o do atl\u00e2ntico em Portugal\",\"publisher\":{\"@id\":\"https:\\\/\\\/www.salmonlink.uevora.pt\\\/en\\\/#organization\"},\"potentialAction\":[{\"@type\":\"SearchAction\",\"target\":{\"@type\":\"EntryPoint\",\"urlTemplate\":\"https:\\\/\\\/www.salmonlink.uevora.pt\\\/en\\\/?s={search_term_string}\"},\"query-input\":{\"@type\":\"PropertyValueSpecification\",\"valueRequired\":true,\"valueName\":\"search_term_string\"}}],\"inLanguage\":\"en-US\"},{\"@type\":\"Organization\",\"@id\":\"https:\\\/\\\/www.salmonlink.uevora.pt\\\/en\\\/#organization\",\"name\":\"SalmonLink\",\"url\":\"https:\\\/\\\/www.salmonlink.uevora.pt\\\/en\\\/\",\"logo\":{\"@type\":\"ImageObject\",\"inLanguage\":\"en-US\",\"@id\":\"https:\\\/\\\/www.salmonlink.uevora.pt\\\/en\\\/#\\\/schema\\\/logo\\\/image\\\/\",\"url\":\"https:\\\/\\\/www.salmonlink.uevora.pt\\\/wp-content\\\/uploads\\\/2022\\\/01\\\/Logo_SalmonLink_horiz_degrade-e1643409263851.png\",\"contentUrl\":\"https:\\\/\\\/www.salmonlink.uevora.pt\\\/wp-content\\\/uploads\\\/2022\\\/01\\\/Logo_SalmonLink_horiz_degrade-e1643409263851.png\",\"width\":1920,\"height\":1080,\"caption\":\"SalmonLink\"},\"image\":{\"@id\":\"https:\\\/\\\/www.salmonlink.uevora.pt\\\/en\\\/#\\\/schema\\\/logo\\\/image\\\/\"},\"sameAs\":[\"https:\\\/\\\/www.facebook.com\\\/salmonlinkuevora\\\/\"]}]}<\/script>\n<!-- \/ Yoast SEO plugin. -->","yoast_head_json":{"title":"The 4 Actions","description":"[vc_row row_type=\"row\" use_row_as_full_screen_section=\"no\" type=\"grid\" text_align=\"center\" background_animation=\"none\" padding_top=\"50\" css_animation=\"\"][vc_column][vc_column_text] THE SALMONLINK PROJECT COMPRISES FOUR ACTIONS THAT AIM TO: [\/vc_column_text][\/vc_column][\/vc_row] [vc_row row_type=\"row\" use_row_as_full_screen_section=\"no\" type=\"grid\" text_align=\"left\" background_animation=\"none\" padding_top=\"80\" css_animation=\"\"][vc_column width=\"1\/2\" offset=\"vc_col-xs-12\"][vc_single_image image=\"1521\" img_size=\"full\" alignment=\"center\" qode_css_animation=\"element_from_bottom\"][\/vc_column][vc_column css_animation=\"fadeInUp\" width=\"1\/2\" offset=\"vc_col-xs-12\" el_class=\"quadro_actions_02\"][vc_single_image image=\"1519\" img_size=\"full\" alignment=\"center\" qode_css_animation=\"element_from_bottom\"][\/vc_column][\/vc_row][vc_row row_type=\"row\" use_row_as_full_screen_section=\"no\" type=\"grid\" text_align=\"left\" background_animation=\"none\" css_animation=\"\"][vc_column width=\"1\/2\" offset=\"vc_col-xs-12\" el_class=\"quadro_actions_03\"][vc_single_image image=\"1520\" img_size=\"full\" alignment=\"center\" qode_css_animation=\"element_from_bottom\"][\/vc_column][vc_column css_animation=\"fadeInUp\" width=\"1\/2\"&hellip;","robots":{"index":"index","follow":"follow","max-snippet":"max-snippet:-1","max-image-preview":"max-image-preview:large","max-video-preview":"max-video-preview:-1"},"canonical":"[vc_row row_type=\"row\" use_row_as_full_screen_section=\"no\" type=\"grid\" text_align=\"center\" background_animation=\"none\" padding_top=\"50\" css_animation=\"\"][vc_column][vc_column_text] THE SALMONLINK PROJECT COMPRISES FOUR ACTIONS THAT AIM TO: [\/vc_column_text][\/vc_column][\/vc_row] [vc_row row_type=\"row\" use_row_as_full_screen_section=\"no\" type=\"grid\" text_align=\"left\" background_animation=\"none\" padding_top=\"80\" css_animation=\"\"][vc_column width=\"1\/2\" offset=\"vc_col-xs-12\"][vc_single_image image=\"1521\" img_size=\"full\" alignment=\"center\" qode_css_animation=\"element_from_bottom\"][\/vc_column][vc_column css_animation=\"fadeInUp\" width=\"1\/2\" offset=\"vc_col-xs-12\" el_class=\"quadro_actions_02\"][vc_single_image image=\"1519\" img_size=\"full\" alignment=\"center\" qode_css_animation=\"element_from_bottom\"][\/vc_column][\/vc_row][vc_row row_type=\"row\" use_row_as_full_screen_section=\"no\" type=\"grid\" text_align=\"left\" background_animation=\"none\" css_animation=\"\"][vc_column width=\"1\/2\" offset=\"vc_col-xs-12\" el_class=\"quadro_actions_03\"][vc_single_image image=\"1520\" img_size=\"full\" alignment=\"center\" qode_css_animation=\"element_from_bottom\"][\/vc_column][vc_column css_animation=\"fadeInUp\" width=\"1\/2\"&hellip;","og_locale":"en_US","og_type":"article","og_title":"The 4 Actions","og_description":"[vc_row row_type=\"row\" use_row_as_full_screen_section=\"no\" type=\"grid\" text_align=\"center\" background_animation=\"none\" padding_top=\"50\" css_animation=\"\"][vc_column][vc_column_text] THE SALMONLINK PROJECT COMPRISES FOUR ACTIONS THAT AIM TO: [\/vc_column_text][\/vc_column][\/vc_row] [vc_row row_type=\"row\" use_row_as_full_screen_section=\"no\" type=\"grid\" text_align=\"left\" background_animation=\"none\" padding_top=\"80\" css_animation=\"\"][vc_column width=\"1\/2\" offset=\"vc_col-xs-12\"][vc_single_image image=\"1521\" img_size=\"full\" alignment=\"center\" qode_css_animation=\"element_from_bottom\"][\/vc_column][vc_column css_animation=\"fadeInUp\" width=\"1\/2\" offset=\"vc_col-xs-12\" el_class=\"quadro_actions_02\"][vc_single_image image=\"1519\" img_size=\"full\" alignment=\"center\" qode_css_animation=\"element_from_bottom\"][\/vc_column][\/vc_row][vc_row row_type=\"row\" use_row_as_full_screen_section=\"no\" type=\"grid\" text_align=\"left\" background_animation=\"none\" css_animation=\"\"][vc_column width=\"1\/2\" offset=\"vc_col-xs-12\" el_class=\"quadro_actions_03\"][vc_single_image image=\"1520\" img_size=\"full\" alignment=\"center\" qode_css_animation=\"element_from_bottom\"][\/vc_column][vc_column css_animation=\"fadeInUp\" width=\"1\/2\"&hellip;","og_url":"https:\/\/www.salmonlink.uevora.pt\/en\/as-4-acoes\/","og_site_name":"SalmonLink","article_publisher":"https:\/\/www.facebook.com\/salmonlinkuevora\/","article_modified_time":"2022-02-28T10:37:30+00:00","twitter_card":"summary_large_image","twitter_misc":{"Est. reading time":"1 minute"},"schema":{"@context":"https:\/\/schema.org","@graph":[{"@type":"WebPage","@id":"https:\/\/www.salmonlink.uevora.pt\/en\/as-4-acoes\/","url":"https:\/\/www.salmonlink.uevora.pt\/en\/as-4-acoes\/","name":"As 4 a\u00e7\u00f5es do projeto SalmonLink- SalmonLink","isPartOf":{"@id":"https:\/\/www.salmonlink.uevora.pt\/#website"},"datePublished":"2021-08-27T13:07:24+00:00","dateModified":"2022-02-28T10:37:30+00:00","description":"O projeto SalmonLink inclui 4 a\u00e7\u00f5es espec\u00edficas que tem como objetivo a boa gest\u00e3o e conserva\u00e7\u00e3o da popula\u00e7\u00e3o de salm\u00e3o em Portugal.","breadcrumb":{"@id":"https:\/\/www.salmonlink.uevora.pt\/en\/as-4-acoes\/#breadcrumb"},"inLanguage":"en-US","potentialAction":[{"@type":"ReadAction","target":["https:\/\/www.salmonlink.uevora.pt\/en\/as-4-acoes\/"]}]},{"@type":"BreadcrumbList","@id":"https:\/\/www.salmonlink.uevora.pt\/en\/as-4-acoes\/#breadcrumb","itemListElement":[{"@type":"ListItem","position":1,"name":"In\u00edcio","item":"https:\/\/www.salmonlink.uevora.pt\/"},{"@type":"ListItem","position":2,"name":"The 4 Actions"}]},{"@type":"WebSite","@id":"https:\/\/www.salmonlink.uevora.pt\/en\/#website","url":"https:\/\/www.salmonlink.uevora.pt\/en\/","name":"SalmonLink","description":"Gest\u00e3o e conserva\u00e7\u00e3o do salm\u00e3o do atl\u00e2ntico em Portugal","publisher":{"@id":"https:\/\/www.salmonlink.uevora.pt\/en\/#organization"},"potentialAction":[{"@type":"SearchAction","target":{"@type":"EntryPoint","urlTemplate":"https:\/\/www.salmonlink.uevora.pt\/en\/?s={search_term_string}"},"query-input":{"@type":"PropertyValueSpecification","valueRequired":true,"valueName":"search_term_string"}}],"inLanguage":"en-US"},{"@type":"Organization","@id":"https:\/\/www.salmonlink.uevora.pt\/en\/#organization","name":"SalmonLink","url":"https:\/\/www.salmonlink.uevora.pt\/en\/","logo":{"@type":"ImageObject","inLanguage":"en-US","@id":"https:\/\/www.salmonlink.uevora.pt\/en\/#\/schema\/logo\/image\/","url":"https:\/\/www.salmonlink.uevora.pt\/wp-content\/uploads\/2022\/01\/Logo_SalmonLink_horiz_degrade-e1643409263851.png","contentUrl":"https:\/\/www.salmonlink.uevora.pt\/wp-content\/uploads\/2022\/01\/Logo_SalmonLink_horiz_degrade-e1643409263851.png","width":1920,"height":1080,"caption":"SalmonLink"},"image":{"@id":"https:\/\/www.salmonlink.uevora.pt\/en\/#\/schema\/logo\/image\/"},"sameAs":["https:\/\/www.facebook.com\/salmonlinkuevora\/"]}]}},"_links":{"self":[{"href":"https:\/\/www.salmonlink.uevora.pt\/en\/wp-json\/wp\/v2\/pages\/443","targetHints":{"allow":["GET"]}}],"collection":[{"href":"https:\/\/www.salmonlink.uevora.pt\/en\/wp-json\/wp\/v2\/pages"}],"about":[{"href":"https:\/\/www.salmonlink.uevora.pt\/en\/wp-json\/wp\/v2\/types\/page"}],"author":[{"embeddable":true,"href":"https:\/\/www.salmonlink.uevora.pt\/en\/wp-json\/wp\/v2\/users\/1"}],"replies":[{"embeddable":true,"href":"https:\/\/www.salmonlink.uevora.pt\/en\/wp-json\/wp\/v2\/comments?post=443"}],"version-history":[{"count":102,"href":"https:\/\/www.salmonlink.uevora.pt\/en\/wp-json\/wp\/v2\/pages\/443\/revisions"}],"predecessor-version":[{"id":2298,"href":"https:\/\/www.salmonlink.uevora.pt\/en\/wp-json\/wp\/v2\/pages\/443\/revisions\/2298"}],"wp:attachment":[{"href":"https:\/\/www.salmonlink.uevora.pt\/en\/wp-json\/wp\/v2\/media?parent=443"}],"curies":[{"name":"wp","href":"https:\/\/api.w.org\/{rel}","templated":true}]}}