{"id":519,"date":"2021-08-28T14:25:09","date_gmt":"2021-08-28T17:25:09","guid":{"rendered":"https:\/\/www.salmonlink.uevora.pt\/?page_id=519"},"modified":"2022-02-23T17:08:52","modified_gmt":"2022-02-23T17:08:52","slug":"como-participar","status":"publish","type":"page","link":"https:\/\/www.salmonlink.uevora.pt\/en\/como-participar\/","title":{"rendered":"Volunteering"},"content":{"rendered":"<p>[vc_row row_type=&#8221;row&#8221; use_row_as_full_screen_section=&#8221;no&#8221; type=&#8221;grid&#8221; text_align=&#8221;left&#8221; background_animation=&#8221;none&#8221; padding_top=&#8221;70&#8243; css_animation=&#8221;&#8221;][vc_column][vc_column_text]<\/p>\n<h2 style=\"text-align: center;\"><strong>We can all be part of the SALMONLINK network! <\/strong><\/h2>\n<h2 style=\"text-align: center;\"><strong>Ask us how!<\/strong><\/h2>\n<p>[\/vc_column_text][\/vc_column][\/vc_row][vc_row row_type=&#8221;row&#8221; use_row_as_full_screen_section=&#8221;no&#8221; type=&#8221;grid&#8221; text_align=&#8221;left&#8221; background_animation=&#8221;none&#8221; padding_top=&#8221;30&#8243; padding_bottom=&#8221;20&#8243; css_animation=&#8221;&#8221;][vc_column width=&#8221;1\/6&#8243;][\/vc_column][vc_column width=&#8221;2\/3&#8243;][vc_column_text]If you are a fisherman and you catch a salmon, you can participate in this project by:[\/vc_column_text][\/vc_column][vc_column width=&#8221;1\/6&#8243;][\/vc_column][\/vc_row][vc_row row_type=&#8221;row&#8221; use_row_as_full_screen_section=&#8221;no&#8221; type=&#8221;grid&#8221; text_align=&#8221;left&#8221; background_animation=&#8221;none&#8221; padding_top=&#8221;20&#8243; css_animation=&#8221;&#8221;][vc_column width=&#8221;1\/6&#8243;][\/vc_column][vc_column width=&#8221;2\/6&#8243;][vc_empty_space height=&#8221;45px&#8221;][vc_column_text]<\/p>\n<ul>\n<li>Collecting scales, for analysis of the age and life cycle of the fish;<\/li>\n<\/ul>\n<p>&nbsp;<\/p>\n<ul>\n<li>Collecting a tissue sample from the adipose fin for future analysis of the genetic profile of the fish.<\/li>\n<\/ul>\n<p>[\/vc_column_text][\/vc_column][vc_column width=&#8221;2\/6&#8243;][vc_single_image image=&#8221;975&#8243; img_size=&#8221;full&#8221; alignment=&#8221;right&#8221; qode_css_animation=&#8221;&#8221;][\/vc_column][vc_column width=&#8221;1\/6&#8243;][\/vc_column][\/vc_row][vc_row row_type=&#8221;row&#8221; use_row_as_full_screen_section=&#8221;no&#8221; type=&#8221;grid&#8221; text_align=&#8221;left&#8221; background_animation=&#8221;none&#8221; padding_top=&#8221;30&#8243; css_animation=&#8221;&#8221;][vc_column width=&#8221;1\/6&#8243;][\/vc_column][vc_column width=&#8221;2\/3&#8243;][vc_column_text]Sharing any information related to the salmon is an important contribution to increase the existent knowledge about this species and, thus, contribute to its conservation. Contact us if you have information on catches, sightings, passage, accumulation areas, etc.<\/p>\n<p>You can also participate as a volunteer in our work, learning first-hand about the fieldwork carried out, as well as about the ecosystems that are home to this iconic species of our rivers.[\/vc_column_text][\/vc_column][vc_column width=&#8221;1\/6&#8243;][\/vc_column][\/vc_row][vc_row row_type=&#8221;row&#8221; use_row_as_full_screen_section=&#8221;no&#8221; type=&#8221;grid&#8221; text_align=&#8221;left&#8221; background_animation=&#8221;none&#8221; padding_top=&#8221;60&#8243; css_animation=&#8221;&#8221;][vc_column width=&#8221;2\/6&#8243;][\/vc_column][vc_column width=&#8221;1\/3&#8243;][vc_column_text css=&#8221;.vc_custom_1643395705751{border-radius: 1px !important;}&#8221;]<\/p>\n<h2 style=\"text-align: center;\"><strong>CONTACT US!<\/strong><\/h2>\n<p>&nbsp;<\/p>\n<p style=\"text-align: center;\"><span style=\"font-size: 16px;\"><a href=\"mailto:salmonlink@uevora.pt\" target=\"_blank\" rel=\"noopener\"><span style=\"text-decoration: underline;\">salmonlink@uevora.pt<\/span><\/a><\/span><\/p>\n<p style=\"text-align: center;\"><span style=\"font-size: 16px;\">Carlos Alexandre: <span style=\"text-decoration: underline;\"><a href=\"mailto:cmea@uevora.pt\">cmea@uevora.pt<\/a><\/span><\/span><\/p>\n<p style=\"text-align: center;\"><span style=\"font-size: 16px;\">Sara Silva: <span style=\"text-decoration: underline;\"><a href=\"mailto:ssrs@uevora.pt\">ssrs@uevora.pt<\/a><\/span><\/span><\/p>\n<p>[\/vc_column_text][\/vc_column][vc_column width=&#8221;2\/6&#8243;][\/vc_column][\/vc_row][vc_row row_type=&#8221;row&#8221; use_row_as_full_screen_section=&#8221;no&#8221; type=&#8221;grid&#8221; text_align=&#8221;center&#8221; background_animation=&#8221;none&#8221; padding_top=&#8221;80&#8243; padding_bottom=&#8221;100&#8243; css_animation=&#8221;&#8221;][vc_column width=&#8221;1\/4&#8243;][\/vc_column][vc_column width=&#8221;1\/4&#8243; css=&#8221;.vc_custom_1630668912497{background-position: center !important;background-repeat: no-repeat !important;background-size: contain !important;}&#8221; el_class=&#8221;caixas_projeto&#8221;][vc_single_image image=&#8221;1561&#8243; img_size=&#8221;full&#8221; alignment=&#8221;center&#8221; onclick=&#8221;custom_link&#8221; qode_css_animation=&#8221;element_from_bottom&#8221; link=&#8221;https:\/\/www.salmonlink.uevora.pt\/biologia-e-ecologia\/&#8221;][\/vc_column][vc_column width=&#8221;1\/4&#8243; css=&#8221;.vc_custom_1630668923969{background-position: center !important;background-repeat: no-repeat !important;background-size: contain !important;}&#8221; el_class=&#8221;caixas_projeto&#8221;][vc_single_image image=&#8221;1528&#8243; img_size=&#8221;full&#8221; alignment=&#8221;center&#8221; onclick=&#8221;custom_link&#8221; qode_css_animation=&#8221;element_from_bottom&#8221; link=&#8221;https:\/\/www.salmonlink.uevora.pt\/conservacao-e-ameacas\/&#8221;][\/vc_column][vc_column width=&#8221;1\/4&#8243;][\/vc_column][\/vc_row]<\/p>\n","protected":false},"excerpt":{"rendered":"<p>[vc_row row_type=&#8221;row&#8221; use_row_as_full_screen_section=&#8221;no&#8221; type=&#8221;grid&#8221; text_align=&#8221;left&#8221; background_animation=&#8221;none&#8221; padding_top=&#8221;70&#8243; css_animation=&#8221;&#8221;][vc_column][vc_column_text] We can all be part of the SALMONLINK network! Ask us how! [\/vc_column_text][\/vc_column][\/vc_row][vc_row row_type=&#8221;row&#8221; use_row_as_full_screen_section=&#8221;no&#8221; type=&#8221;grid&#8221; text_align=&#8221;left&#8221; background_animation=&#8221;none&#8221; padding_top=&#8221;30&#8243; padding_bottom=&#8221;20&#8243; css_animation=&#8221;&#8221;][vc_column width=&#8221;1\/6&#8243;][\/vc_column][vc_column width=&#8221;2\/3&#8243;][vc_column_text]If you are a fisherman and you catch a salmon, you can participate in this&#8230;<\/p>\n","protected":false},"author":1,"featured_media":0,"parent":0,"menu_order":0,"comment_status":"closed","ping_status":"closed","template":"full_width.php","meta":{"footnotes":""},"class_list":["post-519","page","type-page","status-publish","hentry"],"yoast_head":"<!-- This site is optimized with the Yoast SEO plugin v27.5 - https:\/\/yoast.com\/product\/yoast-seo-wordpress\/ -->\n<title>Volunteering<\/title>\n<meta name=\"description\" content=\"[vc_row row_type=&quot;row&quot; use_row_as_full_screen_section=&quot;no&quot; type=&quot;grid&quot; text_align=&quot;left&quot; background_animation=&quot;none&quot; padding_top=&quot;70&quot; css_animation=&quot;&quot;][vc_column][vc_column_text] We can all be part of the SALMONLINK network! Ask us how! [\/vc_column_text][\/vc_column][\/vc_row][vc_row row_type=&quot;row&quot; use_row_as_full_screen_section=&quot;no&quot; type=&quot;grid&quot; text_align=&quot;left&quot; background_animation=&quot;none&quot; padding_top=&quot;30&quot; padding_bottom=&quot;20&quot; css_animation=&quot;&quot;][vc_column width=&quot;1\/6&quot;][\/vc_column][vc_column width=&quot;2\/3&quot;][vc_column_text]If you are a fisherman and you catch a salmon, you can participate in this project by:[\/vc_column_text][\/vc_column][vc_column width=&quot;1\/6&quot;][\/vc_column][\/vc_row][vc_row row_type=&quot;row&quot; use_row_as_full_screen_section=&quot;no&quot; type=&quot;grid&quot; text_align=&quot;left&quot; background_animation=&quot;none&quot; padding_top=&quot;20&quot; css_animation=&quot;&quot;][vc_column&hellip;\" \/>\n<meta name=\"robots\" content=\"index, follow, max-snippet:-1, max-image-preview:large, max-video-preview:-1\" \/>\n<link rel=\"canonical\" href=\"\" \/>\n<meta property=\"og:locale\" content=\"en_US\" \/>\n<meta property=\"og:type\" content=\"article\" \/>\n<meta property=\"og:title\" content=\"Volunteering\" \/>\n<meta property=\"og:description\" content=\"[vc_row row_type=&quot;row&quot; use_row_as_full_screen_section=&quot;no&quot; type=&quot;grid&quot; text_align=&quot;left&quot; background_animation=&quot;none&quot; padding_top=&quot;70&quot; css_animation=&quot;&quot;][vc_column][vc_column_text] We can all be part of the SALMONLINK network! Ask us how! [\/vc_column_text][\/vc_column][\/vc_row][vc_row row_type=&quot;row&quot; use_row_as_full_screen_section=&quot;no&quot; type=&quot;grid&quot; text_align=&quot;left&quot; background_animation=&quot;none&quot; padding_top=&quot;30&quot; padding_bottom=&quot;20&quot; css_animation=&quot;&quot;][vc_column width=&quot;1\/6&quot;][\/vc_column][vc_column width=&quot;2\/3&quot;][vc_column_text]If you are a fisherman and you catch a salmon, you can participate in this project by:[\/vc_column_text][\/vc_column][vc_column width=&quot;1\/6&quot;][\/vc_column][\/vc_row][vc_row row_type=&quot;row&quot; use_row_as_full_screen_section=&quot;no&quot; type=&quot;grid&quot; text_align=&quot;left&quot; background_animation=&quot;none&quot; padding_top=&quot;20&quot; css_animation=&quot;&quot;][vc_column&hellip;\" \/>\n<meta property=\"og:url\" content=\"https:\/\/www.salmonlink.uevora.pt\/en\/como-participar\/\" \/>\n<meta property=\"og:site_name\" content=\"SalmonLink\" \/>\n<meta property=\"article:publisher\" content=\"https:\/\/www.facebook.com\/salmonlinkuevora\/\" \/>\n<meta property=\"article:modified_time\" content=\"2022-02-23T17:08:52+00:00\" \/>\n<meta name=\"twitter:card\" content=\"summary_large_image\" \/>\n<meta name=\"twitter:label1\" content=\"Est. reading time\" \/>\n\t<meta name=\"twitter:data1\" content=\"2 minutes\" \/>\n<script type=\"application\/ld+json\" class=\"yoast-schema-graph\">{\"@context\":\"https:\\\/\\\/schema.org\",\"@graph\":[{\"@type\":\"WebPage\",\"@id\":\"https:\\\/\\\/www.salmonlink.uevora.pt\\\/en\\\/como-participar\\\/\",\"url\":\"https:\\\/\\\/www.salmonlink.uevora.pt\\\/en\\\/como-participar\\\/\",\"name\":\"Como participar - SalmonLink\",\"isPartOf\":{\"@id\":\"https:\\\/\\\/www.salmonlink.uevora.pt\\\/#website\"},\"datePublished\":\"2021-08-28T17:25:09+00:00\",\"dateModified\":\"2022-02-23T17:08:52+00:00\",\"description\":\"Saiba como participar do projeto SalmonLink. A partilha de qualquer informa\u00e7\u00e3o relacionada com o salm\u00e3o \u00e9 uma importante contribui\u00e7\u00e3o.\",\"breadcrumb\":{\"@id\":\"https:\\\/\\\/www.salmonlink.uevora.pt\\\/en\\\/como-participar\\\/#breadcrumb\"},\"inLanguage\":\"en-US\",\"potentialAction\":[{\"@type\":\"ReadAction\",\"target\":[\"https:\\\/\\\/www.salmonlink.uevora.pt\\\/en\\\/como-participar\\\/\"]}]},{\"@type\":\"BreadcrumbList\",\"@id\":\"https:\\\/\\\/www.salmonlink.uevora.pt\\\/en\\\/como-participar\\\/#breadcrumb\",\"itemListElement\":[{\"@type\":\"ListItem\",\"position\":1,\"name\":\"In\u00edcio\",\"item\":\"https:\\\/\\\/www.salmonlink.uevora.pt\\\/\"},{\"@type\":\"ListItem\",\"position\":2,\"name\":\"Volunteering\"}]},{\"@type\":\"WebSite\",\"@id\":\"https:\\\/\\\/www.salmonlink.uevora.pt\\\/en\\\/#website\",\"url\":\"https:\\\/\\\/www.salmonlink.uevora.pt\\\/en\\\/\",\"name\":\"SalmonLink\",\"description\":\"Gest\u00e3o e conserva\u00e7\u00e3o do salm\u00e3o do atl\u00e2ntico em Portugal\",\"publisher\":{\"@id\":\"https:\\\/\\\/www.salmonlink.uevora.pt\\\/en\\\/#organization\"},\"potentialAction\":[{\"@type\":\"SearchAction\",\"target\":{\"@type\":\"EntryPoint\",\"urlTemplate\":\"https:\\\/\\\/www.salmonlink.uevora.pt\\\/en\\\/?s={search_term_string}\"},\"query-input\":{\"@type\":\"PropertyValueSpecification\",\"valueRequired\":true,\"valueName\":\"search_term_string\"}}],\"inLanguage\":\"en-US\"},{\"@type\":\"Organization\",\"@id\":\"https:\\\/\\\/www.salmonlink.uevora.pt\\\/en\\\/#organization\",\"name\":\"SalmonLink\",\"url\":\"https:\\\/\\\/www.salmonlink.uevora.pt\\\/en\\\/\",\"logo\":{\"@type\":\"ImageObject\",\"inLanguage\":\"en-US\",\"@id\":\"https:\\\/\\\/www.salmonlink.uevora.pt\\\/en\\\/#\\\/schema\\\/logo\\\/image\\\/\",\"url\":\"https:\\\/\\\/www.salmonlink.uevora.pt\\\/wp-content\\\/uploads\\\/2022\\\/01\\\/Logo_SalmonLink_horiz_degrade-e1643409263851.png\",\"contentUrl\":\"https:\\\/\\\/www.salmonlink.uevora.pt\\\/wp-content\\\/uploads\\\/2022\\\/01\\\/Logo_SalmonLink_horiz_degrade-e1643409263851.png\",\"width\":1920,\"height\":1080,\"caption\":\"SalmonLink\"},\"image\":{\"@id\":\"https:\\\/\\\/www.salmonlink.uevora.pt\\\/en\\\/#\\\/schema\\\/logo\\\/image\\\/\"},\"sameAs\":[\"https:\\\/\\\/www.facebook.com\\\/salmonlinkuevora\\\/\"]}]}<\/script>\n<!-- \/ Yoast SEO plugin. -->","yoast_head_json":{"title":"Volunteering","description":"[vc_row row_type=\"row\" use_row_as_full_screen_section=\"no\" type=\"grid\" text_align=\"left\" background_animation=\"none\" padding_top=\"70\" css_animation=\"\"][vc_column][vc_column_text] We can all be part of the SALMONLINK network! Ask us how! [\/vc_column_text][\/vc_column][\/vc_row][vc_row row_type=\"row\" use_row_as_full_screen_section=\"no\" type=\"grid\" text_align=\"left\" background_animation=\"none\" padding_top=\"30\" padding_bottom=\"20\" css_animation=\"\"][vc_column width=\"1\/6\"][\/vc_column][vc_column width=\"2\/3\"][vc_column_text]If you are a fisherman and you catch a salmon, you can participate in this project by:[\/vc_column_text][\/vc_column][vc_column width=\"1\/6\"][\/vc_column][\/vc_row][vc_row row_type=\"row\" use_row_as_full_screen_section=\"no\" type=\"grid\" text_align=\"left\" background_animation=\"none\" padding_top=\"20\" css_animation=\"\"][vc_column&hellip;","robots":{"index":"index","follow":"follow","max-snippet":"max-snippet:-1","max-image-preview":"max-image-preview:large","max-video-preview":"max-video-preview:-1"},"canonical":"[vc_row row_type=\"row\" use_row_as_full_screen_section=\"no\" type=\"grid\" text_align=\"left\" background_animation=\"none\" padding_top=\"70\" css_animation=\"\"][vc_column][vc_column_text] We can all be part of the SALMONLINK network! Ask us how! [\/vc_column_text][\/vc_column][\/vc_row][vc_row row_type=\"row\" use_row_as_full_screen_section=\"no\" type=\"grid\" text_align=\"left\" background_animation=\"none\" padding_top=\"30\" padding_bottom=\"20\" css_animation=\"\"][vc_column width=\"1\/6\"][\/vc_column][vc_column width=\"2\/3\"][vc_column_text]If you are a fisherman and you catch a salmon, you can participate in this project by:[\/vc_column_text][\/vc_column][vc_column width=\"1\/6\"][\/vc_column][\/vc_row][vc_row row_type=\"row\" use_row_as_full_screen_section=\"no\" type=\"grid\" text_align=\"left\" background_animation=\"none\" padding_top=\"20\" css_animation=\"\"][vc_column&hellip;","og_locale":"en_US","og_type":"article","og_title":"Volunteering","og_description":"[vc_row row_type=\"row\" use_row_as_full_screen_section=\"no\" type=\"grid\" text_align=\"left\" background_animation=\"none\" padding_top=\"70\" css_animation=\"\"][vc_column][vc_column_text] We can all be part of the SALMONLINK network! Ask us how! [\/vc_column_text][\/vc_column][\/vc_row][vc_row row_type=\"row\" use_row_as_full_screen_section=\"no\" type=\"grid\" text_align=\"left\" background_animation=\"none\" padding_top=\"30\" padding_bottom=\"20\" css_animation=\"\"][vc_column width=\"1\/6\"][\/vc_column][vc_column width=\"2\/3\"][vc_column_text]If you are a fisherman and you catch a salmon, you can participate in this project by:[\/vc_column_text][\/vc_column][vc_column width=\"1\/6\"][\/vc_column][\/vc_row][vc_row row_type=\"row\" use_row_as_full_screen_section=\"no\" type=\"grid\" text_align=\"left\" background_animation=\"none\" padding_top=\"20\" css_animation=\"\"][vc_column&hellip;","og_url":"https:\/\/www.salmonlink.uevora.pt\/en\/como-participar\/","og_site_name":"SalmonLink","article_publisher":"https:\/\/www.facebook.com\/salmonlinkuevora\/","article_modified_time":"2022-02-23T17:08:52+00:00","twitter_card":"summary_large_image","twitter_misc":{"Est. reading time":"2 minutes"},"schema":{"@context":"https:\/\/schema.org","@graph":[{"@type":"WebPage","@id":"https:\/\/www.salmonlink.uevora.pt\/en\/como-participar\/","url":"https:\/\/www.salmonlink.uevora.pt\/en\/como-participar\/","name":"Como participar - SalmonLink","isPartOf":{"@id":"https:\/\/www.salmonlink.uevora.pt\/#website"},"datePublished":"2021-08-28T17:25:09+00:00","dateModified":"2022-02-23T17:08:52+00:00","description":"Saiba como participar do projeto SalmonLink. A partilha de qualquer informa\u00e7\u00e3o relacionada com o salm\u00e3o \u00e9 uma importante contribui\u00e7\u00e3o.","breadcrumb":{"@id":"https:\/\/www.salmonlink.uevora.pt\/en\/como-participar\/#breadcrumb"},"inLanguage":"en-US","potentialAction":[{"@type":"ReadAction","target":["https:\/\/www.salmonlink.uevora.pt\/en\/como-participar\/"]}]},{"@type":"BreadcrumbList","@id":"https:\/\/www.salmonlink.uevora.pt\/en\/como-participar\/#breadcrumb","itemListElement":[{"@type":"ListItem","position":1,"name":"In\u00edcio","item":"https:\/\/www.salmonlink.uevora.pt\/"},{"@type":"ListItem","position":2,"name":"Volunteering"}]},{"@type":"WebSite","@id":"https:\/\/www.salmonlink.uevora.pt\/en\/#website","url":"https:\/\/www.salmonlink.uevora.pt\/en\/","name":"SalmonLink","description":"Gest\u00e3o e conserva\u00e7\u00e3o do salm\u00e3o do atl\u00e2ntico em Portugal","publisher":{"@id":"https:\/\/www.salmonlink.uevora.pt\/en\/#organization"},"potentialAction":[{"@type":"SearchAction","target":{"@type":"EntryPoint","urlTemplate":"https:\/\/www.salmonlink.uevora.pt\/en\/?s={search_term_string}"},"query-input":{"@type":"PropertyValueSpecification","valueRequired":true,"valueName":"search_term_string"}}],"inLanguage":"en-US"},{"@type":"Organization","@id":"https:\/\/www.salmonlink.uevora.pt\/en\/#organization","name":"SalmonLink","url":"https:\/\/www.salmonlink.uevora.pt\/en\/","logo":{"@type":"ImageObject","inLanguage":"en-US","@id":"https:\/\/www.salmonlink.uevora.pt\/en\/#\/schema\/logo\/image\/","url":"https:\/\/www.salmonlink.uevora.pt\/wp-content\/uploads\/2022\/01\/Logo_SalmonLink_horiz_degrade-e1643409263851.png","contentUrl":"https:\/\/www.salmonlink.uevora.pt\/wp-content\/uploads\/2022\/01\/Logo_SalmonLink_horiz_degrade-e1643409263851.png","width":1920,"height":1080,"caption":"SalmonLink"},"image":{"@id":"https:\/\/www.salmonlink.uevora.pt\/en\/#\/schema\/logo\/image\/"},"sameAs":["https:\/\/www.facebook.com\/salmonlinkuevora\/"]}]}},"_links":{"self":[{"href":"https:\/\/www.salmonlink.uevora.pt\/en\/wp-json\/wp\/v2\/pages\/519","targetHints":{"allow":["GET"]}}],"collection":[{"href":"https:\/\/www.salmonlink.uevora.pt\/en\/wp-json\/wp\/v2\/pages"}],"about":[{"href":"https:\/\/www.salmonlink.uevora.pt\/en\/wp-json\/wp\/v2\/types\/page"}],"author":[{"embeddable":true,"href":"https:\/\/www.salmonlink.uevora.pt\/en\/wp-json\/wp\/v2\/users\/1"}],"replies":[{"embeddable":true,"href":"https:\/\/www.salmonlink.uevora.pt\/en\/wp-json\/wp\/v2\/comments?post=519"}],"version-history":[{"count":119,"href":"https:\/\/www.salmonlink.uevora.pt\/en\/wp-json\/wp\/v2\/pages\/519\/revisions"}],"predecessor-version":[{"id":2187,"href":"https:\/\/www.salmonlink.uevora.pt\/en\/wp-json\/wp\/v2\/pages\/519\/revisions\/2187"}],"wp:attachment":[{"href":"https:\/\/www.salmonlink.uevora.pt\/en\/wp-json\/wp\/v2\/media?parent=519"}],"curies":[{"name":"wp","href":"https:\/\/api.w.org\/{rel}","templated":true}]}}