{"id":612,"date":"2021-08-30T17:04:03","date_gmt":"2021-08-30T20:04:03","guid":{"rendered":"https:\/\/www.salmonlink.uevora.pt\/?page_id=612"},"modified":"2022-03-02T10:56:21","modified_gmt":"2022-03-02T10:56:21","slug":"o-salmao","status":"publish","type":"page","link":"https:\/\/www.salmonlink.uevora.pt\/en\/o-salmao\/","title":{"rendered":"The Salmon"},"content":{"rendered":"<p>[vc_row row_type=&#8221;row&#8221; use_row_as_full_screen_section=&#8221;no&#8221; type=&#8221;grid&#8221; text_align=&#8221;left&#8221; background_animation=&#8221;none&#8221; padding_top=&#8221;50&#8243; padding_bottom=&#8221;0&#8243; css_animation=&#8221;&#8221;][vc_column][vc_column_text]<\/p>\n<h2 style=\"text-align: center;\"><span style=\"text-decoration: underline;\"><strong>ATLANTIC SALMON<\/strong><\/span><\/h2>\n<p>[\/vc_column_text][\/vc_column][\/vc_row][vc_row row_type=&#8221;row&#8221; use_row_as_full_screen_section=&#8221;no&#8221; type=&#8221;grid&#8221; text_align=&#8221;left&#8221; background_animation=&#8221;none&#8221; padding_top=&#8221;10&#8243; css_animation=&#8221;&#8221;][vc_column width=&#8221;7\/12&#8243;][\/vc_column][vc_column width=&#8221;5\/12&#8243;][vc_column_text]<\/p>\n<h6>Salmo salar L.<\/h6>\n<p>[\/vc_column_text][\/vc_column][\/vc_row][vc_row row_type=&#8221;row&#8221; use_row_as_full_screen_section=&#8221;no&#8221; type=&#8221;full_width&#8221; text_align=&#8221;left&#8221; background_animation=&#8221;none&#8221; padding_top=&#8221;70&#8243; css_animation=&#8221;element_from_right&#8221;][vc_column][vc_single_image image=&#8221;824&#8243; img_size=&#8221;full&#8221; alignment=&#8221;center&#8221; qode_css_animation=&#8221;&#8221;][\/vc_column][\/vc_row][vc_row row_type=&#8221;row&#8221; use_row_as_full_screen_section=&#8221;no&#8221; type=&#8221;grid&#8221; text_align=&#8221;center&#8221; background_animation=&#8221;none&#8221; padding_top=&#8221;70&#8243; css_animation=&#8221;element_from_fade&#8221; transition_delay=&#8221;300&#8243;][vc_column][vc_column_text]<\/p>\n<h5 style=\"text-align: center;\">Atlantic salmon (Salmo salar, L.). \u00a9 Edward Westmacott<\/h5>\n<p>[\/vc_column_text][\/vc_column][\/vc_row][vc_row row_type=&#8221;row&#8221; use_row_as_full_screen_section=&#8221;no&#8221; type=&#8221;grid&#8221; text_align=&#8221;left&#8221; background_animation=&#8221;none&#8221; padding_top=&#8221;70&#8243; css_animation=&#8221;&#8221;][vc_column width=&#8221;3\/6&#8243;][vc_column_text]<\/p>\n<h2 style=\"text-align: left;\"><span style=\"text-decoration: underline;\">DISTRIBUTION<\/span><\/h2>\n<p>[\/vc_column_text][\/vc_column][vc_column width=&#8221;3\/6&#8243;][\/vc_column][\/vc_row][vc_row row_type=&#8221;row&#8221; use_row_as_full_screen_section=&#8221;no&#8221; type=&#8221;grid&#8221; text_align=&#8221;center&#8221; background_animation=&#8221;none&#8221; padding_top=&#8221;50&#8243; css_animation=&#8221;&#8221;][vc_column width=&#8221;1\/6&#8243;][\/vc_column][vc_column width=&#8221;5\/6&#8243;][vc_column_text]<\/p>\n<p style=\"text-align: justify;\">Atlantic salmon is a migratory fish species that occur in the Atlantic North, from the Arctic Circle, Iceland, the Baltic Sea to the North of the Iberian Peninsula, which represents its global southern distribution limit. In Portugal, the species only occurs in Minho and Lima river basins, with occasional records of some salmons in C\u00e1vado and Douro rivers. Historically, there are records of its occurrence in the Tagus river basin.<\/p>\n<p>[\/vc_column_text][\/vc_column][\/vc_row][vc_row row_type=&#8221;row&#8221; use_row_as_full_screen_section=&#8221;no&#8221; type=&#8221;grid&#8221; text_align=&#8221;left&#8221; background_animation=&#8221;none&#8221; padding_top=&#8221;50&#8243; css_animation=&#8221;&#8221;][vc_column css_animation=&#8221;slideInLeft&#8221; width=&#8221;3\/6&#8243;][vc_single_image image=&#8221;1564&#8243; img_size=&#8221;full&#8221; alignment=&#8221;center&#8221; qode_css_animation=&#8221;element_from_right&#8221;][\/vc_column][\/vc_row][vc_row row_type=&#8221;row&#8221; use_row_as_full_screen_section=&#8221;no&#8221; type=&#8221;full_width&#8221; text_align=&#8221;left&#8221; background_animation=&#8221;none&#8221; padding_top=&#8221;70&#8243; css_animation=&#8221;&#8221;][vc_column width=&#8221;1\/6&#8243;][\/vc_column][vc_column width=&#8221;2\/3&#8243;][vc_single_image image=&#8221;616&#8243; img_size=&#8221;full&#8221; alignment=&#8221;center&#8221; qode_css_animation=&#8221;&#8221;][\/vc_column][vc_column width=&#8221;1\/6&#8243;][\/vc_column][\/vc_row][vc_row row_type=&#8221;row&#8221; use_row_as_full_screen_section=&#8221;no&#8221; type=&#8221;grid&#8221; text_align=&#8221;left&#8221; background_animation=&#8221;none&#8221; padding_top=&#8221;20&#8243; css_animation=&#8221;&#8221;][vc_column width=&#8221;1\/6&#8243;][\/vc_column][vc_column width=&#8221;2\/3&#8243;][vc_column_text]<\/p>\n<h5 style=\"text-align: center;\">Global distribution of Atlantic salmon. Adapted from: AquaMaps<\/h5>\n<p>[\/vc_column_text][\/vc_column][vc_column width=&#8221;1\/6&#8243;][\/vc_column][\/vc_row][vc_row row_type=&#8221;row&#8221; use_row_as_full_screen_section=&#8221;no&#8221; type=&#8221;full_width&#8221; text_align=&#8221;left&#8221; background_animation=&#8221;none&#8221; padding_top=&#8221;70&#8243; padding_bottom=&#8221;120&#8243; css_animation=&#8221;&#8221;][vc_column width=&#8221;1\/4&#8243;][\/vc_column][vc_column width=&#8221;1\/4&#8243;][vc_single_image image=&#8221;1528&#8243; img_size=&#8221;full&#8221; alignment=&#8221;center&#8221; onclick=&#8221;custom_link&#8221; qode_css_animation=&#8221;element_from_bottom&#8221; link=&#8221;https:\/\/www.salmonlink.uevora.pt\/conservacao-e-ameacas\/&#8221; css=&#8221;.vc_custom_1643848580024{padding-top: 20px !important;}&#8221;][\/vc_column][vc_column width=&#8221;1\/4&#8243;][vc_single_image image=&#8221;1568&#8243; img_size=&#8221;full&#8221; alignment=&#8221;center&#8221; onclick=&#8221;custom_link&#8221; qode_css_animation=&#8221;element_from_bottom&#8221; link=&#8221;https:\/\/www.salmonlink.uevora.pt\/o-projeto\/&#8221; css=&#8221;.vc_custom_1643848590826{padding-top: 20px !important;}&#8221;][\/vc_column][vc_column width=&#8221;1\/4&#8243;][\/vc_column][\/vc_row]<\/p>\n","protected":false},"excerpt":{"rendered":"<p>[vc_row row_type=&#8221;row&#8221; use_row_as_full_screen_section=&#8221;no&#8221; type=&#8221;grid&#8221; text_align=&#8221;left&#8221; background_animation=&#8221;none&#8221; padding_top=&#8221;50&#8243; padding_bottom=&#8221;0&#8243; css_animation=&#8221;&#8221;][vc_column][vc_column_text] ATLANTIC SALMON [\/vc_column_text][\/vc_column][\/vc_row][vc_row row_type=&#8221;row&#8221; use_row_as_full_screen_section=&#8221;no&#8221; type=&#8221;grid&#8221; text_align=&#8221;left&#8221; background_animation=&#8221;none&#8221; padding_top=&#8221;10&#8243; css_animation=&#8221;&#8221;][vc_column width=&#8221;7\/12&#8243;][\/vc_column][vc_column width=&#8221;5\/12&#8243;][vc_column_text] Salmo salar L. [\/vc_column_text][\/vc_column][\/vc_row][vc_row row_type=&#8221;row&#8221; use_row_as_full_screen_section=&#8221;no&#8221; type=&#8221;full_width&#8221; text_align=&#8221;left&#8221; background_animation=&#8221;none&#8221; padding_top=&#8221;70&#8243; css_animation=&#8221;element_from_right&#8221;][vc_column][vc_single_image image=&#8221;824&#8243; img_size=&#8221;full&#8221; alignment=&#8221;center&#8221; qode_css_animation=&#8221;&#8221;][\/vc_column][\/vc_row][vc_row row_type=&#8221;row&#8221; use_row_as_full_screen_section=&#8221;no&#8221; type=&#8221;grid&#8221; text_align=&#8221;center&#8221; background_animation=&#8221;none&#8221; padding_top=&#8221;70&#8243; css_animation=&#8221;element_from_fade&#8221; transition_delay=&#8221;300&#8243;][vc_column][vc_column_text] Atlantic&#8230;<\/p>\n","protected":false},"author":1,"featured_media":0,"parent":0,"menu_order":0,"comment_status":"closed","ping_status":"closed","template":"full_width.php","meta":{"footnotes":""},"class_list":["post-612","page","type-page","status-publish","hentry"],"yoast_head":"<!-- This site is optimized with the Yoast SEO plugin v27.5 - https:\/\/yoast.com\/product\/yoast-seo-wordpress\/ -->\n<title>The Salmon<\/title>\n<meta name=\"description\" content=\"[vc_row row_type=&quot;row&quot; use_row_as_full_screen_section=&quot;no&quot; type=&quot;grid&quot; text_align=&quot;left&quot; background_animation=&quot;none&quot; padding_top=&quot;50&quot; padding_bottom=&quot;0&quot; css_animation=&quot;&quot;][vc_column][vc_column_text] ATLANTIC SALMON [\/vc_column_text][\/vc_column][\/vc_row][vc_row row_type=&quot;row&quot; use_row_as_full_screen_section=&quot;no&quot; type=&quot;grid&quot; text_align=&quot;left&quot; background_animation=&quot;none&quot; padding_top=&quot;10&quot; css_animation=&quot;&quot;][vc_column width=&quot;7\/12&quot;][\/vc_column][vc_column width=&quot;5\/12&quot;][vc_column_text] Salmo salar L. [\/vc_column_text][\/vc_column][\/vc_row][vc_row row_type=&quot;row&quot; use_row_as_full_screen_section=&quot;no&quot; type=&quot;full_width&quot; text_align=&quot;left&quot; background_animation=&quot;none&quot; padding_top=&quot;70&quot; css_animation=&quot;element_from_right&quot;][vc_column][vc_single_image image=&quot;824&quot; img_size=&quot;full&quot; alignment=&quot;center&quot; qode_css_animation=&quot;&quot;][\/vc_column][\/vc_row][vc_row row_type=&quot;row&quot; use_row_as_full_screen_section=&quot;no&quot; type=&quot;grid&quot; text_align=&quot;center&quot; background_animation=&quot;none&quot; padding_top=&quot;70&quot; css_animation=&quot;element_from_fade&quot; transition_delay=&quot;300&quot;][vc_column][vc_column_text] Atlantic salmon (Salmo salar, L.). \u00a9 Edward Westmacott [\/vc_column_text][\/vc_column][\/vc_row][vc_row row_type=&quot;row&quot; use_row_as_full_screen_section=&quot;no&quot;&hellip;\" \/>\n<meta name=\"robots\" content=\"index, follow, max-snippet:-1, max-image-preview:large, max-video-preview:-1\" \/>\n<link rel=\"canonical\" href=\"http:\/\/[vc_row%20row_type=row%20use_row_as_full_screen_section=no%20type=grid%20text_align=left%20background_animation=none%20padding_top=50%20padding_bottom=0%20css_animation=][vc_column][vc_column_text]%20ATLANTIC%20SALMON%20[\/vc_column_text%5D%5B\/vc_column%5D%5B\/vc_row%5D%5Bvc_row%20row_type=row%20use_row_as_full_screen_section=no%20type=grid%20text_align=left%20background_animation=none%20padding_top=10%20css_animation=%5D%5Bvc_column%20width=7\/12%5D%5B\/vc_column%5D%5Bvc_column%20width=5\/12%5D%5Bvc_column_text%5D%20Salmo%20salar%20L.%20%5B\/vc_column_text%5D%5B\/vc_column%5D%5B\/vc_row%5D%5Bvc_row%20row_type=row%20use_row_as_full_screen_section=no%20type=full_width%20text_align=left%20background_animation=none%20padding_top=70%20css_animation=element_from_right%5D%5Bvc_column%5D%5Bvc_single_image%20image=824%20img_size=full%20alignment=center%20qode_css_animation=%5D%5B\/vc_column%5D%5B\/vc_row%5D%5Bvc_row%20row_type=row%20use_row_as_full_screen_section=no%20type=grid%20text_align=center%20background_animation=none%20padding_top=70%20css_animation=element_from_fade%20transition_delay=300%5D%5Bvc_column%5D%5Bvc_column_text%5D%20Atlantic%20salmon%20(Salmo%20salar,%20L.).%20\u00a9%20Edward%20Westmacott%20%5B\/vc_column_text%5D%5B\/vc_column%5D%5B\/vc_row%5D%5Bvc_row%20row_type=row%20use_row_as_full_screen_section=no&hellip;\" \/>\n<meta property=\"og:locale\" content=\"en_US\" \/>\n<meta property=\"og:type\" content=\"article\" \/>\n<meta property=\"og:title\" content=\"The Salmon\" \/>\n<meta property=\"og:description\" content=\"[vc_row row_type=&quot;row&quot; use_row_as_full_screen_section=&quot;no&quot; type=&quot;grid&quot; text_align=&quot;left&quot; background_animation=&quot;none&quot; padding_top=&quot;50&quot; padding_bottom=&quot;0&quot; css_animation=&quot;&quot;][vc_column][vc_column_text] ATLANTIC SALMON [\/vc_column_text][\/vc_column][\/vc_row][vc_row row_type=&quot;row&quot; use_row_as_full_screen_section=&quot;no&quot; type=&quot;grid&quot; text_align=&quot;left&quot; background_animation=&quot;none&quot; padding_top=&quot;10&quot; css_animation=&quot;&quot;][vc_column width=&quot;7\/12&quot;][\/vc_column][vc_column width=&quot;5\/12&quot;][vc_column_text] Salmo salar L. [\/vc_column_text][\/vc_column][\/vc_row][vc_row row_type=&quot;row&quot; use_row_as_full_screen_section=&quot;no&quot; type=&quot;full_width&quot; text_align=&quot;left&quot; background_animation=&quot;none&quot; padding_top=&quot;70&quot; css_animation=&quot;element_from_right&quot;][vc_column][vc_single_image image=&quot;824&quot; img_size=&quot;full&quot; alignment=&quot;center&quot; qode_css_animation=&quot;&quot;][\/vc_column][\/vc_row][vc_row row_type=&quot;row&quot; use_row_as_full_screen_section=&quot;no&quot; type=&quot;grid&quot; text_align=&quot;center&quot; background_animation=&quot;none&quot; padding_top=&quot;70&quot; css_animation=&quot;element_from_fade&quot; transition_delay=&quot;300&quot;][vc_column][vc_column_text] Atlantic salmon (Salmo salar, L.). \u00a9 Edward Westmacott [\/vc_column_text][\/vc_column][\/vc_row][vc_row row_type=&quot;row&quot; use_row_as_full_screen_section=&quot;no&quot;&hellip;\" \/>\n<meta property=\"og:url\" content=\"https:\/\/www.salmonlink.uevora.pt\/en\/o-salmao\/\" \/>\n<meta property=\"og:site_name\" content=\"SalmonLink\" \/>\n<meta property=\"article:publisher\" content=\"https:\/\/www.facebook.com\/salmonlinkuevora\/\" \/>\n<meta property=\"article:modified_time\" content=\"2022-03-02T10:56:21+00:00\" \/>\n<meta name=\"twitter:card\" content=\"summary_large_image\" \/>\n<meta name=\"twitter:label1\" content=\"Est. reading time\" \/>\n\t<meta name=\"twitter:data1\" content=\"2 minutes\" \/>\n<script type=\"application\/ld+json\" class=\"yoast-schema-graph\">{\"@context\":\"https:\\\/\\\/schema.org\",\"@graph\":[{\"@type\":\"WebPage\",\"@id\":\"https:\\\/\\\/www.salmonlink.uevora.pt\\\/en\\\/o-salmao\\\/\",\"url\":\"https:\\\/\\\/www.salmonlink.uevora.pt\\\/en\\\/o-salmao\\\/\",\"name\":\"O salm\u00e3o do Atl\u00e2ntico - Saiba mais - SalmonLink\",\"isPartOf\":{\"@id\":\"https:\\\/\\\/www.salmonlink.uevora.pt\\\/#website\"},\"datePublished\":\"2021-08-30T20:04:03+00:00\",\"dateModified\":\"2022-03-02T10:56:21+00:00\",\"description\":\"O salm\u00e3o do Atl\u00e2ntico \u00e9 uma esp\u00e9cie migradora que ocorre no Atl\u00e2ntico Norte. Em Portugal, ocorre atualmente nas bacias dos rios Minho e Lima.\",\"breadcrumb\":{\"@id\":\"https:\\\/\\\/www.salmonlink.uevora.pt\\\/en\\\/o-salmao\\\/#breadcrumb\"},\"inLanguage\":\"en-US\",\"potentialAction\":[{\"@type\":\"ReadAction\",\"target\":[\"https:\\\/\\\/www.salmonlink.uevora.pt\\\/en\\\/o-salmao\\\/\"]}]},{\"@type\":\"BreadcrumbList\",\"@id\":\"https:\\\/\\\/www.salmonlink.uevora.pt\\\/en\\\/o-salmao\\\/#breadcrumb\",\"itemListElement\":[{\"@type\":\"ListItem\",\"position\":1,\"name\":\"In\u00edcio\",\"item\":\"https:\\\/\\\/www.salmonlink.uevora.pt\\\/\"},{\"@type\":\"ListItem\",\"position\":2,\"name\":\"The Salmon\"}]},{\"@type\":\"WebSite\",\"@id\":\"https:\\\/\\\/www.salmonlink.uevora.pt\\\/en\\\/#website\",\"url\":\"https:\\\/\\\/www.salmonlink.uevora.pt\\\/en\\\/\",\"name\":\"SalmonLink\",\"description\":\"Gest\u00e3o e conserva\u00e7\u00e3o do salm\u00e3o do atl\u00e2ntico em Portugal\",\"publisher\":{\"@id\":\"https:\\\/\\\/www.salmonlink.uevora.pt\\\/en\\\/#organization\"},\"potentialAction\":[{\"@type\":\"SearchAction\",\"target\":{\"@type\":\"EntryPoint\",\"urlTemplate\":\"https:\\\/\\\/www.salmonlink.uevora.pt\\\/en\\\/?s={search_term_string}\"},\"query-input\":{\"@type\":\"PropertyValueSpecification\",\"valueRequired\":true,\"valueName\":\"search_term_string\"}}],\"inLanguage\":\"en-US\"},{\"@type\":\"Organization\",\"@id\":\"https:\\\/\\\/www.salmonlink.uevora.pt\\\/en\\\/#organization\",\"name\":\"SalmonLink\",\"url\":\"https:\\\/\\\/www.salmonlink.uevora.pt\\\/en\\\/\",\"logo\":{\"@type\":\"ImageObject\",\"inLanguage\":\"en-US\",\"@id\":\"https:\\\/\\\/www.salmonlink.uevora.pt\\\/en\\\/#\\\/schema\\\/logo\\\/image\\\/\",\"url\":\"https:\\\/\\\/www.salmonlink.uevora.pt\\\/wp-content\\\/uploads\\\/2022\\\/01\\\/Logo_SalmonLink_horiz_degrade-e1643409263851.png\",\"contentUrl\":\"https:\\\/\\\/www.salmonlink.uevora.pt\\\/wp-content\\\/uploads\\\/2022\\\/01\\\/Logo_SalmonLink_horiz_degrade-e1643409263851.png\",\"width\":1920,\"height\":1080,\"caption\":\"SalmonLink\"},\"image\":{\"@id\":\"https:\\\/\\\/www.salmonlink.uevora.pt\\\/en\\\/#\\\/schema\\\/logo\\\/image\\\/\"},\"sameAs\":[\"https:\\\/\\\/www.facebook.com\\\/salmonlinkuevora\\\/\"]}]}<\/script>\n<!-- \/ Yoast SEO plugin. -->","yoast_head_json":{"title":"The Salmon","description":"[vc_row row_type=\"row\" use_row_as_full_screen_section=\"no\" type=\"grid\" text_align=\"left\" background_animation=\"none\" padding_top=\"50\" padding_bottom=\"0\" css_animation=\"\"][vc_column][vc_column_text] ATLANTIC SALMON [\/vc_column_text][\/vc_column][\/vc_row][vc_row row_type=\"row\" use_row_as_full_screen_section=\"no\" type=\"grid\" text_align=\"left\" background_animation=\"none\" padding_top=\"10\" css_animation=\"\"][vc_column width=\"7\/12\"][\/vc_column][vc_column width=\"5\/12\"][vc_column_text] Salmo salar L. [\/vc_column_text][\/vc_column][\/vc_row][vc_row row_type=\"row\" use_row_as_full_screen_section=\"no\" type=\"full_width\" text_align=\"left\" background_animation=\"none\" padding_top=\"70\" css_animation=\"element_from_right\"][vc_column][vc_single_image image=\"824\" img_size=\"full\" alignment=\"center\" qode_css_animation=\"\"][\/vc_column][\/vc_row][vc_row row_type=\"row\" use_row_as_full_screen_section=\"no\" type=\"grid\" text_align=\"center\" background_animation=\"none\" padding_top=\"70\" css_animation=\"element_from_fade\" transition_delay=\"300\"][vc_column][vc_column_text] Atlantic salmon (Salmo salar, L.). \u00a9 Edward Westmacott [\/vc_column_text][\/vc_column][\/vc_row][vc_row row_type=\"row\" use_row_as_full_screen_section=\"no\"&hellip;","robots":{"index":"index","follow":"follow","max-snippet":"max-snippet:-1","max-image-preview":"max-image-preview:large","max-video-preview":"max-video-preview:-1"},"canonical":"[vc_row row_type=\"row\" use_row_as_full_screen_section=\"no\" type=\"grid\" text_align=\"left\" background_animation=\"none\" padding_top=\"50\" padding_bottom=\"0\" css_animation=\"\"][vc_column][vc_column_text] ATLANTIC SALMON [\/vc_column_text][\/vc_column][\/vc_row][vc_row row_type=\"row\" use_row_as_full_screen_section=\"no\" type=\"grid\" text_align=\"left\" background_animation=\"none\" padding_top=\"10\" css_animation=\"\"][vc_column width=\"7\/12\"][\/vc_column][vc_column width=\"5\/12\"][vc_column_text] Salmo salar L. [\/vc_column_text][\/vc_column][\/vc_row][vc_row row_type=\"row\" use_row_as_full_screen_section=\"no\" type=\"full_width\" text_align=\"left\" background_animation=\"none\" padding_top=\"70\" css_animation=\"element_from_right\"][vc_column][vc_single_image image=\"824\" img_size=\"full\" alignment=\"center\" qode_css_animation=\"\"][\/vc_column][\/vc_row][vc_row row_type=\"row\" use_row_as_full_screen_section=\"no\" type=\"grid\" text_align=\"center\" background_animation=\"none\" padding_top=\"70\" css_animation=\"element_from_fade\" transition_delay=\"300\"][vc_column][vc_column_text] Atlantic salmon (Salmo salar, L.). \u00a9 Edward Westmacott [\/vc_column_text][\/vc_column][\/vc_row][vc_row row_type=\"row\" use_row_as_full_screen_section=\"no\"&hellip;","og_locale":"en_US","og_type":"article","og_title":"The Salmon","og_description":"[vc_row row_type=\"row\" use_row_as_full_screen_section=\"no\" type=\"grid\" text_align=\"left\" background_animation=\"none\" padding_top=\"50\" padding_bottom=\"0\" css_animation=\"\"][vc_column][vc_column_text] ATLANTIC SALMON [\/vc_column_text][\/vc_column][\/vc_row][vc_row row_type=\"row\" use_row_as_full_screen_section=\"no\" type=\"grid\" text_align=\"left\" background_animation=\"none\" padding_top=\"10\" css_animation=\"\"][vc_column width=\"7\/12\"][\/vc_column][vc_column width=\"5\/12\"][vc_column_text] Salmo salar L. [\/vc_column_text][\/vc_column][\/vc_row][vc_row row_type=\"row\" use_row_as_full_screen_section=\"no\" type=\"full_width\" text_align=\"left\" background_animation=\"none\" padding_top=\"70\" css_animation=\"element_from_right\"][vc_column][vc_single_image image=\"824\" img_size=\"full\" alignment=\"center\" qode_css_animation=\"\"][\/vc_column][\/vc_row][vc_row row_type=\"row\" use_row_as_full_screen_section=\"no\" type=\"grid\" text_align=\"center\" background_animation=\"none\" padding_top=\"70\" css_animation=\"element_from_fade\" transition_delay=\"300\"][vc_column][vc_column_text] Atlantic salmon (Salmo salar, L.). \u00a9 Edward Westmacott [\/vc_column_text][\/vc_column][\/vc_row][vc_row row_type=\"row\" use_row_as_full_screen_section=\"no\"&hellip;","og_url":"https:\/\/www.salmonlink.uevora.pt\/en\/o-salmao\/","og_site_name":"SalmonLink","article_publisher":"https:\/\/www.facebook.com\/salmonlinkuevora\/","article_modified_time":"2022-03-02T10:56:21+00:00","twitter_card":"summary_large_image","twitter_misc":{"Est. reading time":"2 minutes"},"schema":{"@context":"https:\/\/schema.org","@graph":[{"@type":"WebPage","@id":"https:\/\/www.salmonlink.uevora.pt\/en\/o-salmao\/","url":"https:\/\/www.salmonlink.uevora.pt\/en\/o-salmao\/","name":"O salm\u00e3o do Atl\u00e2ntico - Saiba mais - SalmonLink","isPartOf":{"@id":"https:\/\/www.salmonlink.uevora.pt\/#website"},"datePublished":"2021-08-30T20:04:03+00:00","dateModified":"2022-03-02T10:56:21+00:00","description":"O salm\u00e3o do Atl\u00e2ntico \u00e9 uma esp\u00e9cie migradora que ocorre no Atl\u00e2ntico Norte. Em Portugal, ocorre atualmente nas bacias dos rios Minho e Lima.","breadcrumb":{"@id":"https:\/\/www.salmonlink.uevora.pt\/en\/o-salmao\/#breadcrumb"},"inLanguage":"en-US","potentialAction":[{"@type":"ReadAction","target":["https:\/\/www.salmonlink.uevora.pt\/en\/o-salmao\/"]}]},{"@type":"BreadcrumbList","@id":"https:\/\/www.salmonlink.uevora.pt\/en\/o-salmao\/#breadcrumb","itemListElement":[{"@type":"ListItem","position":1,"name":"In\u00edcio","item":"https:\/\/www.salmonlink.uevora.pt\/"},{"@type":"ListItem","position":2,"name":"The Salmon"}]},{"@type":"WebSite","@id":"https:\/\/www.salmonlink.uevora.pt\/en\/#website","url":"https:\/\/www.salmonlink.uevora.pt\/en\/","name":"SalmonLink","description":"Gest\u00e3o e conserva\u00e7\u00e3o do salm\u00e3o do atl\u00e2ntico em Portugal","publisher":{"@id":"https:\/\/www.salmonlink.uevora.pt\/en\/#organization"},"potentialAction":[{"@type":"SearchAction","target":{"@type":"EntryPoint","urlTemplate":"https:\/\/www.salmonlink.uevora.pt\/en\/?s={search_term_string}"},"query-input":{"@type":"PropertyValueSpecification","valueRequired":true,"valueName":"search_term_string"}}],"inLanguage":"en-US"},{"@type":"Organization","@id":"https:\/\/www.salmonlink.uevora.pt\/en\/#organization","name":"SalmonLink","url":"https:\/\/www.salmonlink.uevora.pt\/en\/","logo":{"@type":"ImageObject","inLanguage":"en-US","@id":"https:\/\/www.salmonlink.uevora.pt\/en\/#\/schema\/logo\/image\/","url":"https:\/\/www.salmonlink.uevora.pt\/wp-content\/uploads\/2022\/01\/Logo_SalmonLink_horiz_degrade-e1643409263851.png","contentUrl":"https:\/\/www.salmonlink.uevora.pt\/wp-content\/uploads\/2022\/01\/Logo_SalmonLink_horiz_degrade-e1643409263851.png","width":1920,"height":1080,"caption":"SalmonLink"},"image":{"@id":"https:\/\/www.salmonlink.uevora.pt\/en\/#\/schema\/logo\/image\/"},"sameAs":["https:\/\/www.facebook.com\/salmonlinkuevora\/"]}]}},"_links":{"self":[{"href":"https:\/\/www.salmonlink.uevora.pt\/en\/wp-json\/wp\/v2\/pages\/612","targetHints":{"allow":["GET"]}}],"collection":[{"href":"https:\/\/www.salmonlink.uevora.pt\/en\/wp-json\/wp\/v2\/pages"}],"about":[{"href":"https:\/\/www.salmonlink.uevora.pt\/en\/wp-json\/wp\/v2\/types\/page"}],"author":[{"embeddable":true,"href":"https:\/\/www.salmonlink.uevora.pt\/en\/wp-json\/wp\/v2\/users\/1"}],"replies":[{"embeddable":true,"href":"https:\/\/www.salmonlink.uevora.pt\/en\/wp-json\/wp\/v2\/comments?post=612"}],"version-history":[{"count":45,"href":"https:\/\/www.salmonlink.uevora.pt\/en\/wp-json\/wp\/v2\/pages\/612\/revisions"}],"predecessor-version":[{"id":2265,"href":"https:\/\/www.salmonlink.uevora.pt\/en\/wp-json\/wp\/v2\/pages\/612\/revisions\/2265"}],"wp:attachment":[{"href":"https:\/\/www.salmonlink.uevora.pt\/en\/wp-json\/wp\/v2\/media?parent=612"}],"curies":[{"name":"wp","href":"https:\/\/api.w.org\/{rel}","templated":true}]}}