{"id":624,"date":"2021-08-30T18:36:50","date_gmt":"2021-08-30T21:36:50","guid":{"rendered":"https:\/\/www.salmonlink.uevora.pt\/?page_id=624"},"modified":"2022-02-23T17:08:51","modified_gmt":"2022-02-23T17:08:51","slug":"conservacao-e-ameacas","status":"publish","type":"page","link":"https:\/\/www.salmonlink.uevora.pt\/en\/conservacao-e-ameacas\/","title":{"rendered":"Conservation & Threats"},"content":{"rendered":"<p>[vc_row row_type=&#8221;row&#8221; use_row_as_full_screen_section=&#8221;no&#8221; type=&#8221;grid&#8221; text_align=&#8221;left&#8221; background_animation=&#8221;none&#8221; padding_top=&#8221;70&#8243; css_animation=&#8221;&#8221;][vc_column width=&#8221;1\/6&#8243;][\/vc_column][vc_column width=&#8221;2\/3&#8243;][vc_column_text]<\/p>\n<h2 style=\"text-align: left;\"><span style=\"text-decoration: underline;\">SOCIO-ECONOMIC VALUE<\/span><\/h2>\n<p>[\/vc_column_text][\/vc_column][vc_column width=&#8221;1\/6&#8243;][\/vc_column][\/vc_row][vc_row row_type=&#8221;row&#8221; use_row_as_full_screen_section=&#8221;no&#8221; type=&#8221;grid&#8221; text_align=&#8221;center&#8221; background_animation=&#8221;none&#8221; padding_top=&#8221;50&#8243; css_animation=&#8221;&#8221;][vc_column width=&#8221;2\/6&#8243;][\/vc_column][vc_column width=&#8221;3\/6&#8243;][vc_column_text]<\/p>\n<p style=\"text-align: justify;\">Atlantic salmon has a higher socio-economic value mainly due to its interest for recreational fishing, especially fly fishing, and is very important for local gastronomy. In some countries, such as Norway and the United Kingdom, this species is targeted by intensive aquaculture.<\/p>\n<p>[\/vc_column_text][\/vc_column][vc_column width=&#8221;1\/6&#8243;][\/vc_column][\/vc_row][vc_row row_type=&#8221;row&#8221; use_row_as_full_screen_section=&#8221;no&#8221; type=&#8221;grid&#8221; text_align=&#8221;left&#8221; background_animation=&#8221;none&#8221; padding_top=&#8221;40&#8243; padding_bottom=&#8221;10&#8243; css_animation=&#8221;&#8221;][vc_column width=&#8221;1\/4&#8243;][\/vc_column][vc_column width=&#8221;1\/2&#8243;][vc_single_image image=&#8221;628&#8243; img_size=&#8221;full&#8221; alignment=&#8221;center&#8221; qode_css_animation=&#8221;&#8221;][\/vc_column][vc_column width=&#8221;1\/4&#8243;][\/vc_column][\/vc_row][vc_row row_type=&#8221;row&#8221; use_row_as_full_screen_section=&#8221;no&#8221; type=&#8221;grid&#8221; text_align=&#8221;center&#8221; background_animation=&#8221;none&#8221; padding_top=&#8221;10&#8243; css_animation=&#8221;&#8221; transition_delay=&#8221;300&#8243;][vc_column][vc_column_text]<\/p>\n<h5 style=\"text-align: center;\">Fly fishing<\/h5>\n<p>[\/vc_column_text][\/vc_column][\/vc_row][vc_row row_type=&#8221;row&#8221; use_row_as_full_screen_section=&#8221;no&#8221; type=&#8221;grid&#8221; text_align=&#8221;left&#8221; background_animation=&#8221;none&#8221; padding_top=&#8221;70&#8243; css_animation=&#8221;&#8221;][vc_column width=&#8221;1\/6&#8243;][\/vc_column][vc_column width=&#8221;2\/3&#8243;][vc_column_text]<\/p>\n<h2><u>Conservation &amp; Threats<\/u><\/h2>\n<p>[\/vc_column_text][\/vc_column][vc_column width=&#8221;1\/6&#8243;][\/vc_column][\/vc_row][vc_row row_type=&#8221;row&#8221; use_row_as_full_screen_section=&#8221;no&#8221; type=&#8221;grid&#8221; text_align=&#8221;center&#8221; background_animation=&#8221;none&#8221; padding_top=&#8221;50&#8243; css_animation=&#8221;&#8221;][vc_column width=&#8221;1\/6&#8243;][\/vc_column][vc_column width=&#8221;2\/3&#8243;][vc_column_text]<\/p>\n<p style=\"text-align: justify;\">Atlantic salmon is currently classified as \u201cCritically Endangered\u201d \u2013 CR, according to the Portuguese Red List of Vertebrates. The main threat for this species is the habitat loss caused by dam construction and other barriers to the longitudinal connectivity of rivers. Other factors, such as aquatic pollution, the degradation of riparian galleries, the sand and gravel extraction, and the water extraction for different uses, have contributed to the degradation of the preferred habitats for this species.\u00a0 Knowing that Portuguese populations are in the southern limit of the species distribution, the global climatic change, with the progressive warming and increased periods of drought, contribute to increasing the impacts caused by habitat reduction.<\/p>\n<p style=\"text-align: justify;\">Intensive fishing activity is another factor that significantly affects this species, especially in marine feeding areas and during their spawning migration, in addition to the mortality resulting from illegal fishing.<\/p>\n<p>[\/vc_column_text][\/vc_column][vc_column width=&#8221;1\/6&#8243;][\/vc_column][\/vc_row][vc_row row_type=&#8221;row&#8221; use_row_as_full_screen_section=&#8221;no&#8221; type=&#8221;grid&#8221; text_align=&#8221;center&#8221; background_animation=&#8221;none&#8221; padding_top=&#8221;40&#8243; css_animation=&#8221;element_from_bottom&#8221;][vc_column width=&#8221;1\/4&#8243;][\/vc_column][vc_column width=&#8221;1\/2&#8243;][vc_single_image image=&#8221;1578&#8243; img_size=&#8221;full&#8221; alignment=&#8221;center&#8221; qode_css_animation=&#8221;element_from_bottom&#8221;][\/vc_column][vc_column css_animation=&#8221;slideInRight&#8221; width=&#8221;1\/4&#8243;][\/vc_column][\/vc_row][vc_row row_type=&#8221;row&#8221; use_row_as_full_screen_section=&#8221;no&#8221; type=&#8221;full_width&#8221; text_align=&#8221;center&#8221; background_animation=&#8221;none&#8221; padding_top=&#8221;70&#8243; padding_bottom=&#8221;120&#8243; css_animation=&#8221;&#8221;][vc_column width=&#8221;1\/4&#8243;][\/vc_column][vc_column width=&#8221;1\/4&#8243; css=&#8221;.vc_custom_1643850310541{padding-top: 20px !important;}&#8221;][vc_single_image image=&#8221;1568&#8243; img_size=&#8221;full&#8221; alignment=&#8221;center&#8221; onclick=&#8221;custom_link&#8221; qode_css_animation=&#8221;element_from_bottom&#8221; link=&#8221;https:\/\/www.salmonlink.uevora.pt\/en\/o-projeto\/&#8221;][\/vc_column][vc_column width=&#8221;1\/4&#8243; css=&#8221;.vc_custom_1643850319484{padding-top: 20px !important;}&#8221;][vc_single_image image=&#8221;1527&#8243; img_size=&#8221;full&#8221; alignment=&#8221;center&#8221; onclick=&#8221;custom_link&#8221; qode_css_animation=&#8221;element_from_bottom&#8221; link=&#8221;https:\/\/www.salmonlink.uevora.pt\/en\/o-salmao\/&#8221;][\/vc_column][vc_column width=&#8221;1\/4&#8243;][\/vc_column][\/vc_row]<\/p>\n","protected":false},"excerpt":{"rendered":"<p>[vc_row row_type=&#8221;row&#8221; use_row_as_full_screen_section=&#8221;no&#8221; type=&#8221;grid&#8221; text_align=&#8221;left&#8221; background_animation=&#8221;none&#8221; padding_top=&#8221;70&#8243; css_animation=&#8221;&#8221;][vc_column width=&#8221;1\/6&#8243;][\/vc_column][vc_column width=&#8221;2\/3&#8243;][vc_column_text] SOCIO-ECONOMIC VALUE [\/vc_column_text][\/vc_column][vc_column width=&#8221;1\/6&#8243;][\/vc_column][\/vc_row][vc_row row_type=&#8221;row&#8221; use_row_as_full_screen_section=&#8221;no&#8221; type=&#8221;grid&#8221; text_align=&#8221;center&#8221; background_animation=&#8221;none&#8221; padding_top=&#8221;50&#8243; css_animation=&#8221;&#8221;][vc_column width=&#8221;2\/6&#8243;][\/vc_column][vc_column width=&#8221;3\/6&#8243;][vc_column_text] Atlantic salmon has a higher socio-economic value mainly due to its interest for recreational fishing, especially fly fishing, and is very important&#8230;<\/p>\n","protected":false},"author":1,"featured_media":0,"parent":0,"menu_order":0,"comment_status":"closed","ping_status":"closed","template":"full_width.php","meta":{"footnotes":""},"class_list":["post-624","page","type-page","status-publish","hentry"],"yoast_head":"<!-- This site is optimized with the Yoast SEO plugin v27.5 - https:\/\/yoast.com\/product\/yoast-seo-wordpress\/ -->\n<title>Conservation &amp; Threats<\/title>\n<meta name=\"description\" content=\"[vc_row row_type=&quot;row&quot; use_row_as_full_screen_section=&quot;no&quot; type=&quot;grid&quot; text_align=&quot;left&quot; background_animation=&quot;none&quot; padding_top=&quot;70&quot; css_animation=&quot;&quot;][vc_column width=&quot;1\/6&quot;][\/vc_column][vc_column width=&quot;2\/3&quot;][vc_column_text] SOCIO-ECONOMIC VALUE [\/vc_column_text][\/vc_column][vc_column width=&quot;1\/6&quot;][\/vc_column][\/vc_row][vc_row row_type=&quot;row&quot; use_row_as_full_screen_section=&quot;no&quot; type=&quot;grid&quot; text_align=&quot;center&quot; background_animation=&quot;none&quot; padding_top=&quot;50&quot; css_animation=&quot;&quot;][vc_column width=&quot;2\/6&quot;][\/vc_column][vc_column width=&quot;3\/6&quot;][vc_column_text] Atlantic salmon has a higher socio-economic value mainly due to its interest for recreational fishing, especially fly fishing, and is very important for local gastronomy. In some countries, such as Norway and&hellip;\" \/>\n<meta name=\"robots\" content=\"index, follow, max-snippet:-1, max-image-preview:large, max-video-preview:-1\" \/>\n<link rel=\"canonical\" href=\"http:\/\/[vc_row%20row_type=row%20use_row_as_full_screen_section=no%20type=grid%20text_align=left%20background_animation=none%20padding_top=70%20css_animation=][vc_column%20width=1\/6%5D%5B\/vc_column%5D%5Bvc_column%20width=2\/3%5D%5Bvc_column_text%5D%20SOCIO-ECONOMIC%20VALUE%20%5B\/vc_column_text%5D%5B\/vc_column%5D%5Bvc_column%20width=1\/6%5D%5B\/vc_column%5D%5B\/vc_row%5D%5Bvc_row%20row_type=row%20use_row_as_full_screen_section=no%20type=grid%20text_align=center%20background_animation=none%20padding_top=50%20css_animation=%5D%5Bvc_column%20width=2\/6%5D%5B\/vc_column%5D%5Bvc_column%20width=3\/6%5D%5Bvc_column_text%5D%20Atlantic%20salmon%20has%20a%20higher%20socio-economic%20value%20mainly%20due%20to%20its%20interest%20for%20recreational%20fishing,%20especially%20fly%20fishing,%20and%20is%20very%20important%20for%20local%20gastronomy.%20In%20some%20countries,%20such%20as%20Norway%20and&hellip;\" \/>\n<meta property=\"og:locale\" content=\"en_US\" \/>\n<meta property=\"og:type\" content=\"article\" \/>\n<meta property=\"og:title\" content=\"Conservation &amp; Threats\" \/>\n<meta property=\"og:description\" content=\"[vc_row row_type=&quot;row&quot; use_row_as_full_screen_section=&quot;no&quot; type=&quot;grid&quot; text_align=&quot;left&quot; background_animation=&quot;none&quot; padding_top=&quot;70&quot; css_animation=&quot;&quot;][vc_column width=&quot;1\/6&quot;][\/vc_column][vc_column width=&quot;2\/3&quot;][vc_column_text] SOCIO-ECONOMIC VALUE [\/vc_column_text][\/vc_column][vc_column width=&quot;1\/6&quot;][\/vc_column][\/vc_row][vc_row row_type=&quot;row&quot; use_row_as_full_screen_section=&quot;no&quot; type=&quot;grid&quot; text_align=&quot;center&quot; background_animation=&quot;none&quot; padding_top=&quot;50&quot; css_animation=&quot;&quot;][vc_column width=&quot;2\/6&quot;][\/vc_column][vc_column width=&quot;3\/6&quot;][vc_column_text] Atlantic salmon has a higher socio-economic value mainly due to its interest for recreational fishing, especially fly fishing, and is very important for local gastronomy. In some countries, such as Norway and&hellip;\" \/>\n<meta property=\"og:url\" content=\"https:\/\/www.salmonlink.uevora.pt\/en\/conservacao-e-ameacas\/\" \/>\n<meta property=\"og:site_name\" content=\"SalmonLink\" \/>\n<meta property=\"article:publisher\" content=\"https:\/\/www.facebook.com\/salmonlinkuevora\/\" \/>\n<meta property=\"article:modified_time\" content=\"2022-02-23T17:08:51+00:00\" \/>\n<meta name=\"twitter:card\" content=\"summary_large_image\" \/>\n<meta name=\"twitter:label1\" content=\"Est. reading time\" \/>\n\t<meta name=\"twitter:data1\" content=\"2 minutes\" \/>\n<script type=\"application\/ld+json\" class=\"yoast-schema-graph\">{\"@context\":\"https:\\\/\\\/schema.org\",\"@graph\":[{\"@type\":\"WebPage\",\"@id\":\"https:\\\/\\\/www.salmonlink.uevora.pt\\\/en\\\/conservacao-e-ameacas\\\/\",\"url\":\"https:\\\/\\\/www.salmonlink.uevora.pt\\\/en\\\/conservacao-e-ameacas\\\/\",\"name\":\"Amea\u00e7as e conserva\u00e7\u00e3o - SalmonLink\",\"isPartOf\":{\"@id\":\"https:\\\/\\\/www.salmonlink.uevora.pt\\\/#website\"},\"datePublished\":\"2021-08-30T21:36:50+00:00\",\"dateModified\":\"2022-02-23T17:08:51+00:00\",\"description\":\"Quais s\u00e3o as principais amea\u00e7as, os meios de conserva\u00e7\u00e3o do Salm\u00e3o do atl\u00e2ntico e seu valor socioecon\u00f3mico.\",\"breadcrumb\":{\"@id\":\"https:\\\/\\\/www.salmonlink.uevora.pt\\\/en\\\/conservacao-e-ameacas\\\/#breadcrumb\"},\"inLanguage\":\"en-US\",\"potentialAction\":[{\"@type\":\"ReadAction\",\"target\":[\"https:\\\/\\\/www.salmonlink.uevora.pt\\\/en\\\/conservacao-e-ameacas\\\/\"]}]},{\"@type\":\"BreadcrumbList\",\"@id\":\"https:\\\/\\\/www.salmonlink.uevora.pt\\\/en\\\/conservacao-e-ameacas\\\/#breadcrumb\",\"itemListElement\":[{\"@type\":\"ListItem\",\"position\":1,\"name\":\"In\u00edcio\",\"item\":\"https:\\\/\\\/www.salmonlink.uevora.pt\\\/\"},{\"@type\":\"ListItem\",\"position\":2,\"name\":\"Conservation & Threats\"}]},{\"@type\":\"WebSite\",\"@id\":\"https:\\\/\\\/www.salmonlink.uevora.pt\\\/en\\\/#website\",\"url\":\"https:\\\/\\\/www.salmonlink.uevora.pt\\\/en\\\/\",\"name\":\"SalmonLink\",\"description\":\"Gest\u00e3o e conserva\u00e7\u00e3o do salm\u00e3o do atl\u00e2ntico em Portugal\",\"publisher\":{\"@id\":\"https:\\\/\\\/www.salmonlink.uevora.pt\\\/en\\\/#organization\"},\"potentialAction\":[{\"@type\":\"SearchAction\",\"target\":{\"@type\":\"EntryPoint\",\"urlTemplate\":\"https:\\\/\\\/www.salmonlink.uevora.pt\\\/en\\\/?s={search_term_string}\"},\"query-input\":{\"@type\":\"PropertyValueSpecification\",\"valueRequired\":true,\"valueName\":\"search_term_string\"}}],\"inLanguage\":\"en-US\"},{\"@type\":\"Organization\",\"@id\":\"https:\\\/\\\/www.salmonlink.uevora.pt\\\/en\\\/#organization\",\"name\":\"SalmonLink\",\"url\":\"https:\\\/\\\/www.salmonlink.uevora.pt\\\/en\\\/\",\"logo\":{\"@type\":\"ImageObject\",\"inLanguage\":\"en-US\",\"@id\":\"https:\\\/\\\/www.salmonlink.uevora.pt\\\/en\\\/#\\\/schema\\\/logo\\\/image\\\/\",\"url\":\"https:\\\/\\\/www.salmonlink.uevora.pt\\\/wp-content\\\/uploads\\\/2022\\\/01\\\/Logo_SalmonLink_horiz_degrade-e1643409263851.png\",\"contentUrl\":\"https:\\\/\\\/www.salmonlink.uevora.pt\\\/wp-content\\\/uploads\\\/2022\\\/01\\\/Logo_SalmonLink_horiz_degrade-e1643409263851.png\",\"width\":1920,\"height\":1080,\"caption\":\"SalmonLink\"},\"image\":{\"@id\":\"https:\\\/\\\/www.salmonlink.uevora.pt\\\/en\\\/#\\\/schema\\\/logo\\\/image\\\/\"},\"sameAs\":[\"https:\\\/\\\/www.facebook.com\\\/salmonlinkuevora\\\/\"]}]}<\/script>\n<!-- \/ Yoast SEO plugin. -->","yoast_head_json":{"title":"Conservation & Threats","description":"[vc_row row_type=\"row\" use_row_as_full_screen_section=\"no\" type=\"grid\" text_align=\"left\" background_animation=\"none\" padding_top=\"70\" css_animation=\"\"][vc_column width=\"1\/6\"][\/vc_column][vc_column width=\"2\/3\"][vc_column_text] SOCIO-ECONOMIC VALUE [\/vc_column_text][\/vc_column][vc_column width=\"1\/6\"][\/vc_column][\/vc_row][vc_row row_type=\"row\" use_row_as_full_screen_section=\"no\" type=\"grid\" text_align=\"center\" background_animation=\"none\" padding_top=\"50\" css_animation=\"\"][vc_column width=\"2\/6\"][\/vc_column][vc_column width=\"3\/6\"][vc_column_text] Atlantic salmon has a higher socio-economic value mainly due to its interest for recreational fishing, especially fly fishing, and is very important for local gastronomy. In some countries, such as Norway and&hellip;","robots":{"index":"index","follow":"follow","max-snippet":"max-snippet:-1","max-image-preview":"max-image-preview:large","max-video-preview":"max-video-preview:-1"},"canonical":"[vc_row row_type=\"row\" use_row_as_full_screen_section=\"no\" type=\"grid\" text_align=\"left\" background_animation=\"none\" padding_top=\"70\" css_animation=\"\"][vc_column width=\"1\/6\"][\/vc_column][vc_column width=\"2\/3\"][vc_column_text] SOCIO-ECONOMIC VALUE [\/vc_column_text][\/vc_column][vc_column width=\"1\/6\"][\/vc_column][\/vc_row][vc_row row_type=\"row\" use_row_as_full_screen_section=\"no\" type=\"grid\" text_align=\"center\" background_animation=\"none\" padding_top=\"50\" css_animation=\"\"][vc_column width=\"2\/6\"][\/vc_column][vc_column width=\"3\/6\"][vc_column_text] Atlantic salmon has a higher socio-economic value mainly due to its interest for recreational fishing, especially fly fishing, and is very important for local gastronomy. In some countries, such as Norway and&hellip;","og_locale":"en_US","og_type":"article","og_title":"Conservation & Threats","og_description":"[vc_row row_type=\"row\" use_row_as_full_screen_section=\"no\" type=\"grid\" text_align=\"left\" background_animation=\"none\" padding_top=\"70\" css_animation=\"\"][vc_column width=\"1\/6\"][\/vc_column][vc_column width=\"2\/3\"][vc_column_text] SOCIO-ECONOMIC VALUE [\/vc_column_text][\/vc_column][vc_column width=\"1\/6\"][\/vc_column][\/vc_row][vc_row row_type=\"row\" use_row_as_full_screen_section=\"no\" type=\"grid\" text_align=\"center\" background_animation=\"none\" padding_top=\"50\" css_animation=\"\"][vc_column width=\"2\/6\"][\/vc_column][vc_column width=\"3\/6\"][vc_column_text] Atlantic salmon has a higher socio-economic value mainly due to its interest for recreational fishing, especially fly fishing, and is very important for local gastronomy. In some countries, such as Norway and&hellip;","og_url":"https:\/\/www.salmonlink.uevora.pt\/en\/conservacao-e-ameacas\/","og_site_name":"SalmonLink","article_publisher":"https:\/\/www.facebook.com\/salmonlinkuevora\/","article_modified_time":"2022-02-23T17:08:51+00:00","twitter_card":"summary_large_image","twitter_misc":{"Est. reading time":"2 minutes"},"schema":{"@context":"https:\/\/schema.org","@graph":[{"@type":"WebPage","@id":"https:\/\/www.salmonlink.uevora.pt\/en\/conservacao-e-ameacas\/","url":"https:\/\/www.salmonlink.uevora.pt\/en\/conservacao-e-ameacas\/","name":"Amea\u00e7as e conserva\u00e7\u00e3o - SalmonLink","isPartOf":{"@id":"https:\/\/www.salmonlink.uevora.pt\/#website"},"datePublished":"2021-08-30T21:36:50+00:00","dateModified":"2022-02-23T17:08:51+00:00","description":"Quais s\u00e3o as principais amea\u00e7as, os meios de conserva\u00e7\u00e3o do Salm\u00e3o do atl\u00e2ntico e seu valor socioecon\u00f3mico.","breadcrumb":{"@id":"https:\/\/www.salmonlink.uevora.pt\/en\/conservacao-e-ameacas\/#breadcrumb"},"inLanguage":"en-US","potentialAction":[{"@type":"ReadAction","target":["https:\/\/www.salmonlink.uevora.pt\/en\/conservacao-e-ameacas\/"]}]},{"@type":"BreadcrumbList","@id":"https:\/\/www.salmonlink.uevora.pt\/en\/conservacao-e-ameacas\/#breadcrumb","itemListElement":[{"@type":"ListItem","position":1,"name":"In\u00edcio","item":"https:\/\/www.salmonlink.uevora.pt\/"},{"@type":"ListItem","position":2,"name":"Conservation & Threats"}]},{"@type":"WebSite","@id":"https:\/\/www.salmonlink.uevora.pt\/en\/#website","url":"https:\/\/www.salmonlink.uevora.pt\/en\/","name":"SalmonLink","description":"Gest\u00e3o e conserva\u00e7\u00e3o do salm\u00e3o do atl\u00e2ntico em Portugal","publisher":{"@id":"https:\/\/www.salmonlink.uevora.pt\/en\/#organization"},"potentialAction":[{"@type":"SearchAction","target":{"@type":"EntryPoint","urlTemplate":"https:\/\/www.salmonlink.uevora.pt\/en\/?s={search_term_string}"},"query-input":{"@type":"PropertyValueSpecification","valueRequired":true,"valueName":"search_term_string"}}],"inLanguage":"en-US"},{"@type":"Organization","@id":"https:\/\/www.salmonlink.uevora.pt\/en\/#organization","name":"SalmonLink","url":"https:\/\/www.salmonlink.uevora.pt\/en\/","logo":{"@type":"ImageObject","inLanguage":"en-US","@id":"https:\/\/www.salmonlink.uevora.pt\/en\/#\/schema\/logo\/image\/","url":"https:\/\/www.salmonlink.uevora.pt\/wp-content\/uploads\/2022\/01\/Logo_SalmonLink_horiz_degrade-e1643409263851.png","contentUrl":"https:\/\/www.salmonlink.uevora.pt\/wp-content\/uploads\/2022\/01\/Logo_SalmonLink_horiz_degrade-e1643409263851.png","width":1920,"height":1080,"caption":"SalmonLink"},"image":{"@id":"https:\/\/www.salmonlink.uevora.pt\/en\/#\/schema\/logo\/image\/"},"sameAs":["https:\/\/www.facebook.com\/salmonlinkuevora\/"]}]}},"_links":{"self":[{"href":"https:\/\/www.salmonlink.uevora.pt\/en\/wp-json\/wp\/v2\/pages\/624","targetHints":{"allow":["GET"]}}],"collection":[{"href":"https:\/\/www.salmonlink.uevora.pt\/en\/wp-json\/wp\/v2\/pages"}],"about":[{"href":"https:\/\/www.salmonlink.uevora.pt\/en\/wp-json\/wp\/v2\/types\/page"}],"author":[{"embeddable":true,"href":"https:\/\/www.salmonlink.uevora.pt\/en\/wp-json\/wp\/v2\/users\/1"}],"replies":[{"embeddable":true,"href":"https:\/\/www.salmonlink.uevora.pt\/en\/wp-json\/wp\/v2\/comments?post=624"}],"version-history":[{"count":23,"href":"https:\/\/www.salmonlink.uevora.pt\/en\/wp-json\/wp\/v2\/pages\/624\/revisions"}],"predecessor-version":[{"id":2183,"href":"https:\/\/www.salmonlink.uevora.pt\/en\/wp-json\/wp\/v2\/pages\/624\/revisions\/2183"}],"wp:attachment":[{"href":"https:\/\/www.salmonlink.uevora.pt\/en\/wp-json\/wp\/v2\/media?parent=624"}],"curies":[{"name":"wp","href":"https:\/\/api.w.org\/{rel}","templated":true}]}}