{"id":841,"date":"2021-11-15T08:20:43","date_gmt":"2021-11-15T11:20:43","guid":{"rendered":"https:\/\/www.salmonlink.uevora.pt\/?page_id=841"},"modified":"2022-02-23T17:08:50","modified_gmt":"2022-02-23T17:08:50","slug":"contacto","status":"publish","type":"page","link":"https:\/\/www.salmonlink.uevora.pt\/en\/contacto\/","title":{"rendered":"Contacts"},"content":{"rendered":"<p>[vc_row row_type=&#8221;row&#8221; use_row_as_full_screen_section=&#8221;no&#8221; type=&#8221;grid&#8221; text_align=&#8221;left&#8221; background_animation=&#8221;none&#8221; padding_top=&#8221;50&#8243; css_animation=&#8221;&#8221;][vc_column width=&#8221;1\/2&#8243;][vc_empty_space height=&#8221;50px&#8221;][vc_single_image image=&#8221;469&#8243; img_size=&#8221;211&#215;87,2&#8243; alignment=&#8221;center&#8221; onclick=&#8221;custom_link&#8221; img_link_target=&#8221;_blank&#8221; qode_css_animation=&#8221;&#8221; link=&#8221;https:\/\/www.uevora.pt\/&#8221;][vc_empty_space height=&#8221;20px&#8221;][vc_column_text]<\/p>\n<h5 style=\"text-align: center;\">Universidade de \u00c9vora<\/h5>\n<p style=\"text-align: center; font-size: 15px;\">Largo dos Colegiais, N\u00ba 2, 7004-516 \u00c9vora<br \/>\n<a href=\"mailto:salmonlink@uevora.pt\">salmonlink@uevora.pt<\/a><\/p>\n<p>[\/vc_column_text][vc_empty_space height=&#8221;50px&#8221;][vc_single_image image=&#8221;471&#8243; img_size=&#8221;174&#215;76.55&#8243; alignment=&#8221;center&#8221; onclick=&#8221;custom_link&#8221; img_link_target=&#8221;_blank&#8221; qode_css_animation=&#8221;&#8221; link=&#8221;https:\/\/www.mare-centre.pt\/pt&#8221;][vc_empty_space height=&#8221;20px&#8221;][vc_column_text]<\/p>\n<h5 style=\"text-align: center;\">MARE<\/h5>\n<div class=\"animation fadeIn animation-display\" data-animation=\"fadeIn\">\n<p class=\"animation fadeIn animation-display\" style=\"text-align: center;\">Edif\u00edcio do Patronato<\/p>\n<p class=\"animation fadeIn animation-display\" style=\"text-align: center;\">Apartado, 94 &#8211; 7002-554 \u00c9vora<\/p>\n<\/div>\n<p class=\"animation fadeIn animation-display\" style=\"text-align: center;\" data-animation=\"fadeIn\"><i class=\"fa fa-envelope text-colored\"><\/i><a class=\"animation fadeIn animation-display\" href=\"mailto:mare@mare-centre.pt\">mare@mare-centre.pt<\/a><\/p>\n<p>[\/vc_column_text][\/vc_column][vc_column width=&#8221;1\/2&#8243;][vc_empty_space height=&#8221;50px&#8221;]\n<div class=\"wpcf7 no-js\" id=\"wpcf7-f1496-o1\" lang=\"pt-PT\" dir=\"ltr\" data-wpcf7-id=\"1496\">\n<div class=\"screen-reader-response\"><p role=\"status\" aria-live=\"polite\" aria-atomic=\"true\"><\/p> <ul><\/ul><\/div>\n<form action=\"\/en\/wp-json\/wp\/v2\/pages\/841#wpcf7-f1496-o1\" method=\"post\" class=\"wpcf7-form init default\" aria-label=\"Formul\u00e1rio de contacto\" novalidate=\"novalidate\" data-status=\"init\">\n<fieldset class=\"hidden-fields-container\"><input type=\"hidden\" name=\"_wpcf7\" value=\"1496\" \/><input type=\"hidden\" name=\"_wpcf7_version\" value=\"6.1.5\" \/><input type=\"hidden\" name=\"_wpcf7_locale\" value=\"pt_PT\" \/><input type=\"hidden\" name=\"_wpcf7_unit_tag\" value=\"wpcf7-f1496-o1\" \/><input type=\"hidden\" name=\"_wpcf7_container_post\" value=\"0\" \/><input type=\"hidden\" name=\"_wpcf7_posted_data_hash\" value=\"\" \/>\n<\/fieldset>\n<p><label> Your name<br \/>\n<span class=\"wpcf7-form-control-wrap\" data-name=\"seu-nome\"><input size=\"40\" maxlength=\"400\" class=\"wpcf7-form-control wpcf7-text wpcf7-validates-as-required\" aria-required=\"true\" aria-invalid=\"false\" value=\"\" type=\"text\" name=\"seu-nome\" \/><\/span> <\/label>\n<\/p>\n<p><label> Email<br \/>\n<span class=\"wpcf7-form-control-wrap\" data-name=\"email\"><input size=\"40\" maxlength=\"400\" class=\"wpcf7-form-control wpcf7-email wpcf7-validates-as-required wpcf7-text wpcf7-validates-as-email\" aria-required=\"true\" aria-invalid=\"false\" value=\"\" type=\"email\" name=\"email\" \/><\/span> <\/label>\n<\/p>\n<p><label> Subject<br \/>\n<span class=\"wpcf7-form-control-wrap\" data-name=\"assunto\"><input size=\"40\" maxlength=\"400\" class=\"wpcf7-form-control wpcf7-text wpcf7-validates-as-required\" aria-required=\"true\" aria-invalid=\"false\" value=\"\" type=\"text\" name=\"assunto\" \/><\/span> <\/label>\n<\/p>\n<p><label> Message (optional)<br \/>\n<span class=\"wpcf7-form-control-wrap\" data-name=\"mensagem\"><textarea cols=\"40\" rows=\"10\" maxlength=\"2000\" class=\"wpcf7-form-control wpcf7-textarea\" aria-invalid=\"false\" name=\"mensagem\"><\/textarea><\/span> <\/label>\n<\/p>\n<p><input class=\"wpcf7-form-control wpcf7-submit has-spinner\" type=\"submit\" value=\"Send\" \/>\n<\/p><div class=\"wpcf7-response-output\" aria-hidden=\"true\"><\/div>\n<\/form>\n<\/div>\n[\/vc_column][\/vc_row][vc_row row_type=&#8221;row&#8221; use_row_as_full_screen_section=&#8221;no&#8221; type=&#8221;full_width&#8221; text_align=&#8221;left&#8221; background_animation=&#8221;none&#8221; css_animation=&#8221;&#8221;][vc_column][vc_empty_space height=&#8221;120px&#8221;][\/vc_column][\/vc_row]<\/p>\n","protected":false},"excerpt":{"rendered":"<p>[vc_row row_type=&#8221;row&#8221; use_row_as_full_screen_section=&#8221;no&#8221; type=&#8221;grid&#8221; text_align=&#8221;left&#8221; background_animation=&#8221;none&#8221; padding_top=&#8221;50&#8243; css_animation=&#8221;&#8221;][vc_column width=&#8221;1\/2&#8243;][vc_empty_space height=&#8221;50px&#8221;][vc_single_image image=&#8221;469&#8243; img_size=&#8221;211&#215;87,2&#8243; alignment=&#8221;center&#8221; onclick=&#8221;custom_link&#8221; img_link_target=&#8221;_blank&#8221; qode_css_animation=&#8221;&#8221; link=&#8221;https:\/\/www.uevora.pt\/&#8221;][vc_empty_space height=&#8221;20px&#8221;][vc_column_text] Universidade de \u00c9vora Largo dos Colegiais, N\u00ba 2, 7004-516 \u00c9vora salmonlink@uevora.pt [\/vc_column_text][vc_empty_space height=&#8221;50px&#8221;][vc_single_image image=&#8221;471&#8243; img_size=&#8221;174&#215;76.55&#8243; alignment=&#8221;center&#8221; onclick=&#8221;custom_link&#8221; img_link_target=&#8221;_blank&#8221; qode_css_animation=&#8221;&#8221; link=&#8221;https:\/\/www.mare-centre.pt\/pt&#8221;][vc_empty_space height=&#8221;20px&#8221;][vc_column_text] MARE Edif\u00edcio do Patronato Apartado, 94&#8230;<\/p>\n","protected":false},"author":1,"featured_media":0,"parent":0,"menu_order":0,"comment_status":"closed","ping_status":"closed","template":"full_width.php","meta":{"footnotes":""},"class_list":["post-841","page","type-page","status-publish","hentry"],"yoast_head":"<!-- This site is optimized with the Yoast SEO plugin v27.5 - https:\/\/yoast.com\/product\/yoast-seo-wordpress\/ -->\n<title>Contacts<\/title>\n<meta name=\"description\" content=\"[vc_row row_type=&quot;row&quot; use_row_as_full_screen_section=&quot;no&quot; type=&quot;grid&quot; text_align=&quot;left&quot; background_animation=&quot;none&quot; padding_top=&quot;50&quot; css_animation=&quot;&quot;][vc_column width=&quot;1\/2&quot;][vc_empty_space height=&quot;50px&quot;][vc_single_image image=&quot;469&quot; img_size=&quot;211x87,2&quot; alignment=&quot;center&quot; onclick=&quot;custom_link&quot; img_link_target=&quot;_blank&quot; qode_css_animation=&quot;&quot; link=&quot;https:\/\/www.uevora.pt\/&quot;][vc_empty_space height=&quot;20px&quot;][vc_column_text] Universidade de \u00c9vora Largo dos Colegiais, N\u00ba 2, 7004-516 \u00c9vora salmonlink@uevora.pt [\/vc_column_text][vc_empty_space height=&quot;50px&quot;][vc_single_image image=&quot;471&quot; img_size=&quot;174x76.55&quot; alignment=&quot;center&quot; onclick=&quot;custom_link&quot; img_link_target=&quot;_blank&quot; qode_css_animation=&quot;&quot; link=&quot;https:\/\/www.mare-centre.pt\/pt&quot;][vc_empty_space height=&quot;20px&quot;][vc_column_text] MARE Edif\u00edcio do Patronato Apartado, 94 - 7002-554 \u00c9vora mare@mare-centre.pt [\/vc_column_text][\/vc_column][vc_column width=&quot;1\/2&quot;][vc_empty_space height=&quot;50px&quot;][contact-form-7 id=&quot;1496&quot; html_class=&quot;default&quot;][\/vc_column][\/vc_row][vc_row row_type=&quot;row&quot;&hellip;\" \/>\n<meta name=\"robots\" content=\"index, follow, max-snippet:-1, max-image-preview:large, max-video-preview:-1\" \/>\n<link rel=\"canonical\" href=\"\" \/>\n<meta property=\"og:locale\" content=\"en_US\" \/>\n<meta property=\"og:type\" content=\"article\" \/>\n<meta property=\"og:title\" content=\"Contacts\" \/>\n<meta property=\"og:description\" content=\"[vc_row row_type=&quot;row&quot; use_row_as_full_screen_section=&quot;no&quot; type=&quot;grid&quot; text_align=&quot;left&quot; background_animation=&quot;none&quot; padding_top=&quot;50&quot; css_animation=&quot;&quot;][vc_column width=&quot;1\/2&quot;][vc_empty_space height=&quot;50px&quot;][vc_single_image image=&quot;469&quot; img_size=&quot;211x87,2&quot; alignment=&quot;center&quot; onclick=&quot;custom_link&quot; img_link_target=&quot;_blank&quot; qode_css_animation=&quot;&quot; link=&quot;https:\/\/www.uevora.pt\/&quot;][vc_empty_space height=&quot;20px&quot;][vc_column_text] Universidade de \u00c9vora Largo dos Colegiais, N\u00ba 2, 7004-516 \u00c9vora salmonlink@uevora.pt [\/vc_column_text][vc_empty_space height=&quot;50px&quot;][vc_single_image image=&quot;471&quot; img_size=&quot;174x76.55&quot; alignment=&quot;center&quot; onclick=&quot;custom_link&quot; img_link_target=&quot;_blank&quot; qode_css_animation=&quot;&quot; link=&quot;https:\/\/www.mare-centre.pt\/pt&quot;][vc_empty_space height=&quot;20px&quot;][vc_column_text] MARE Edif\u00edcio do Patronato Apartado, 94 - 7002-554 \u00c9vora mare@mare-centre.pt [\/vc_column_text][\/vc_column][vc_column width=&quot;1\/2&quot;][vc_empty_space height=&quot;50px&quot;][contact-form-7 id=&quot;1496&quot; html_class=&quot;default&quot;][\/vc_column][\/vc_row][vc_row row_type=&quot;row&quot;&hellip;\" \/>\n<meta property=\"og:url\" content=\"https:\/\/www.salmonlink.uevora.pt\/en\/contacto\/\" \/>\n<meta property=\"og:site_name\" content=\"SalmonLink\" \/>\n<meta property=\"article:publisher\" content=\"https:\/\/www.facebook.com\/salmonlinkuevora\/\" \/>\n<meta property=\"article:modified_time\" content=\"2022-02-23T17:08:50+00:00\" \/>\n<meta name=\"twitter:card\" content=\"summary_large_image\" \/>\n<meta name=\"twitter:label1\" content=\"Est. reading time\" \/>\n\t<meta name=\"twitter:data1\" content=\"1 minute\" \/>\n<script type=\"application\/ld+json\" class=\"yoast-schema-graph\">{\"@context\":\"https:\\\/\\\/schema.org\",\"@graph\":[{\"@type\":[\"WebPage\",\"ContactPage\"],\"@id\":\"https:\\\/\\\/www.salmonlink.uevora.pt\\\/en\\\/contacto\\\/\",\"url\":\"https:\\\/\\\/www.salmonlink.uevora.pt\\\/en\\\/contacto\\\/\",\"name\":\"Contacto - SalmonLink\",\"isPartOf\":{\"@id\":\"https:\\\/\\\/www.salmonlink.uevora.pt\\\/#website\"},\"datePublished\":\"2021-11-15T11:20:43+00:00\",\"dateModified\":\"2022-02-23T17:08:50+00:00\",\"description\":\"Quer saber mais sobre o projeto gest\u00e3o e conserva\u00e7\u00e3o do salm\u00e3o-do-atl\u00e2ntico? Entre em contacto com o Salmonlink\",\"breadcrumb\":{\"@id\":\"https:\\\/\\\/www.salmonlink.uevora.pt\\\/en\\\/contacto\\\/#breadcrumb\"},\"inLanguage\":\"en-US\",\"potentialAction\":[{\"@type\":\"ReadAction\",\"target\":[\"https:\\\/\\\/www.salmonlink.uevora.pt\\\/en\\\/contacto\\\/\"]}]},{\"@type\":\"BreadcrumbList\",\"@id\":\"https:\\\/\\\/www.salmonlink.uevora.pt\\\/en\\\/contacto\\\/#breadcrumb\",\"itemListElement\":[{\"@type\":\"ListItem\",\"position\":1,\"name\":\"In\u00edcio\",\"item\":\"https:\\\/\\\/www.salmonlink.uevora.pt\\\/\"},{\"@type\":\"ListItem\",\"position\":2,\"name\":\"Contacts\"}]},{\"@type\":\"WebSite\",\"@id\":\"https:\\\/\\\/www.salmonlink.uevora.pt\\\/en\\\/#website\",\"url\":\"https:\\\/\\\/www.salmonlink.uevora.pt\\\/en\\\/\",\"name\":\"SalmonLink\",\"description\":\"Gest\u00e3o e conserva\u00e7\u00e3o do salm\u00e3o do atl\u00e2ntico em Portugal\",\"publisher\":{\"@id\":\"https:\\\/\\\/www.salmonlink.uevora.pt\\\/en\\\/#organization\"},\"potentialAction\":[{\"@type\":\"SearchAction\",\"target\":{\"@type\":\"EntryPoint\",\"urlTemplate\":\"https:\\\/\\\/www.salmonlink.uevora.pt\\\/en\\\/?s={search_term_string}\"},\"query-input\":{\"@type\":\"PropertyValueSpecification\",\"valueRequired\":true,\"valueName\":\"search_term_string\"}}],\"inLanguage\":\"en-US\"},{\"@type\":\"Organization\",\"@id\":\"https:\\\/\\\/www.salmonlink.uevora.pt\\\/en\\\/#organization\",\"name\":\"SalmonLink\",\"url\":\"https:\\\/\\\/www.salmonlink.uevora.pt\\\/en\\\/\",\"logo\":{\"@type\":\"ImageObject\",\"inLanguage\":\"en-US\",\"@id\":\"https:\\\/\\\/www.salmonlink.uevora.pt\\\/en\\\/#\\\/schema\\\/logo\\\/image\\\/\",\"url\":\"https:\\\/\\\/www.salmonlink.uevora.pt\\\/wp-content\\\/uploads\\\/2022\\\/01\\\/Logo_SalmonLink_horiz_degrade-e1643409263851.png\",\"contentUrl\":\"https:\\\/\\\/www.salmonlink.uevora.pt\\\/wp-content\\\/uploads\\\/2022\\\/01\\\/Logo_SalmonLink_horiz_degrade-e1643409263851.png\",\"width\":1920,\"height\":1080,\"caption\":\"SalmonLink\"},\"image\":{\"@id\":\"https:\\\/\\\/www.salmonlink.uevora.pt\\\/en\\\/#\\\/schema\\\/logo\\\/image\\\/\"},\"sameAs\":[\"https:\\\/\\\/www.facebook.com\\\/salmonlinkuevora\\\/\"]}]}<\/script>\n<!-- \/ Yoast SEO plugin. -->","yoast_head_json":{"title":"Contacts","description":"[vc_row row_type=\"row\" use_row_as_full_screen_section=\"no\" type=\"grid\" text_align=\"left\" background_animation=\"none\" padding_top=\"50\" css_animation=\"\"][vc_column width=\"1\/2\"][vc_empty_space height=\"50px\"][vc_single_image image=\"469\" img_size=\"211x87,2\" alignment=\"center\" onclick=\"custom_link\" img_link_target=\"_blank\" qode_css_animation=\"\" link=\"https:\/\/www.uevora.pt\/\"][vc_empty_space height=\"20px\"][vc_column_text] Universidade de \u00c9vora Largo dos Colegiais, N\u00ba 2, 7004-516 \u00c9vora salmonlink@uevora.pt [\/vc_column_text][vc_empty_space height=\"50px\"][vc_single_image image=\"471\" img_size=\"174x76.55\" alignment=\"center\" onclick=\"custom_link\" img_link_target=\"_blank\" qode_css_animation=\"\" link=\"https:\/\/www.mare-centre.pt\/pt\"][vc_empty_space height=\"20px\"][vc_column_text] MARE Edif\u00edcio do Patronato Apartado, 94 - 7002-554 \u00c9vora mare@mare-centre.pt [\/vc_column_text][\/vc_column][vc_column width=\"1\/2\"][vc_empty_space height=\"50px\"][contact-form-7 id=\"1496\" html_class=\"default\"][\/vc_column][\/vc_row][vc_row row_type=\"row\"&hellip;","robots":{"index":"index","follow":"follow","max-snippet":"max-snippet:-1","max-image-preview":"max-image-preview:large","max-video-preview":"max-video-preview:-1"},"canonical":"[vc_row row_type=\"row\" use_row_as_full_screen_section=\"no\" type=\"grid\" text_align=\"left\" background_animation=\"none\" padding_top=\"50\" css_animation=\"\"][vc_column width=\"1\/2\"][vc_empty_space height=\"50px\"][vc_single_image image=\"469\" img_size=\"211x87,2\" alignment=\"center\" onclick=\"custom_link\" img_link_target=\"_blank\" qode_css_animation=\"\" link=\"https:\/\/www.uevora.pt\/\"][vc_empty_space height=\"20px\"][vc_column_text] Universidade de \u00c9vora Largo dos Colegiais, N\u00ba 2, 7004-516 \u00c9vora salmonlink@uevora.pt [\/vc_column_text][vc_empty_space height=\"50px\"][vc_single_image image=\"471\" img_size=\"174x76.55\" alignment=\"center\" onclick=\"custom_link\" img_link_target=\"_blank\" qode_css_animation=\"\" link=\"https:\/\/www.mare-centre.pt\/pt\"][vc_empty_space height=\"20px\"][vc_column_text] MARE Edif\u00edcio do Patronato Apartado, 94 - 7002-554 \u00c9vora mare@mare-centre.pt [\/vc_column_text][\/vc_column][vc_column width=\"1\/2\"][vc_empty_space height=\"50px\"][contact-form-7 id=\"1496\" html_class=\"default\"][\/vc_column][\/vc_row][vc_row row_type=\"row\"&hellip;","og_locale":"en_US","og_type":"article","og_title":"Contacts","og_description":"[vc_row row_type=\"row\" use_row_as_full_screen_section=\"no\" type=\"grid\" text_align=\"left\" background_animation=\"none\" padding_top=\"50\" css_animation=\"\"][vc_column width=\"1\/2\"][vc_empty_space height=\"50px\"][vc_single_image image=\"469\" img_size=\"211x87,2\" alignment=\"center\" onclick=\"custom_link\" img_link_target=\"_blank\" qode_css_animation=\"\" link=\"https:\/\/www.uevora.pt\/\"][vc_empty_space height=\"20px\"][vc_column_text] Universidade de \u00c9vora Largo dos Colegiais, N\u00ba 2, 7004-516 \u00c9vora salmonlink@uevora.pt [\/vc_column_text][vc_empty_space height=\"50px\"][vc_single_image image=\"471\" img_size=\"174x76.55\" alignment=\"center\" onclick=\"custom_link\" img_link_target=\"_blank\" qode_css_animation=\"\" link=\"https:\/\/www.mare-centre.pt\/pt\"][vc_empty_space height=\"20px\"][vc_column_text] MARE Edif\u00edcio do Patronato Apartado, 94 - 7002-554 \u00c9vora mare@mare-centre.pt [\/vc_column_text][\/vc_column][vc_column width=\"1\/2\"][vc_empty_space height=\"50px\"][contact-form-7 id=\"1496\" html_class=\"default\"][\/vc_column][\/vc_row][vc_row row_type=\"row\"&hellip;","og_url":"https:\/\/www.salmonlink.uevora.pt\/en\/contacto\/","og_site_name":"SalmonLink","article_publisher":"https:\/\/www.facebook.com\/salmonlinkuevora\/","article_modified_time":"2022-02-23T17:08:50+00:00","twitter_card":"summary_large_image","twitter_misc":{"Est. reading time":"1 minute"},"schema":{"@context":"https:\/\/schema.org","@graph":[{"@type":["WebPage","ContactPage"],"@id":"https:\/\/www.salmonlink.uevora.pt\/en\/contacto\/","url":"https:\/\/www.salmonlink.uevora.pt\/en\/contacto\/","name":"Contacto - SalmonLink","isPartOf":{"@id":"https:\/\/www.salmonlink.uevora.pt\/#website"},"datePublished":"2021-11-15T11:20:43+00:00","dateModified":"2022-02-23T17:08:50+00:00","description":"Quer saber mais sobre o projeto gest\u00e3o e conserva\u00e7\u00e3o do salm\u00e3o-do-atl\u00e2ntico? Entre em contacto com o Salmonlink","breadcrumb":{"@id":"https:\/\/www.salmonlink.uevora.pt\/en\/contacto\/#breadcrumb"},"inLanguage":"en-US","potentialAction":[{"@type":"ReadAction","target":["https:\/\/www.salmonlink.uevora.pt\/en\/contacto\/"]}]},{"@type":"BreadcrumbList","@id":"https:\/\/www.salmonlink.uevora.pt\/en\/contacto\/#breadcrumb","itemListElement":[{"@type":"ListItem","position":1,"name":"In\u00edcio","item":"https:\/\/www.salmonlink.uevora.pt\/"},{"@type":"ListItem","position":2,"name":"Contacts"}]},{"@type":"WebSite","@id":"https:\/\/www.salmonlink.uevora.pt\/en\/#website","url":"https:\/\/www.salmonlink.uevora.pt\/en\/","name":"SalmonLink","description":"Gest\u00e3o e conserva\u00e7\u00e3o do salm\u00e3o do atl\u00e2ntico em Portugal","publisher":{"@id":"https:\/\/www.salmonlink.uevora.pt\/en\/#organization"},"potentialAction":[{"@type":"SearchAction","target":{"@type":"EntryPoint","urlTemplate":"https:\/\/www.salmonlink.uevora.pt\/en\/?s={search_term_string}"},"query-input":{"@type":"PropertyValueSpecification","valueRequired":true,"valueName":"search_term_string"}}],"inLanguage":"en-US"},{"@type":"Organization","@id":"https:\/\/www.salmonlink.uevora.pt\/en\/#organization","name":"SalmonLink","url":"https:\/\/www.salmonlink.uevora.pt\/en\/","logo":{"@type":"ImageObject","inLanguage":"en-US","@id":"https:\/\/www.salmonlink.uevora.pt\/en\/#\/schema\/logo\/image\/","url":"https:\/\/www.salmonlink.uevora.pt\/wp-content\/uploads\/2022\/01\/Logo_SalmonLink_horiz_degrade-e1643409263851.png","contentUrl":"https:\/\/www.salmonlink.uevora.pt\/wp-content\/uploads\/2022\/01\/Logo_SalmonLink_horiz_degrade-e1643409263851.png","width":1920,"height":1080,"caption":"SalmonLink"},"image":{"@id":"https:\/\/www.salmonlink.uevora.pt\/en\/#\/schema\/logo\/image\/"},"sameAs":["https:\/\/www.facebook.com\/salmonlinkuevora\/"]}]}},"_links":{"self":[{"href":"https:\/\/www.salmonlink.uevora.pt\/en\/wp-json\/wp\/v2\/pages\/841","targetHints":{"allow":["GET"]}}],"collection":[{"href":"https:\/\/www.salmonlink.uevora.pt\/en\/wp-json\/wp\/v2\/pages"}],"about":[{"href":"https:\/\/www.salmonlink.uevora.pt\/en\/wp-json\/wp\/v2\/types\/page"}],"author":[{"embeddable":true,"href":"https:\/\/www.salmonlink.uevora.pt\/en\/wp-json\/wp\/v2\/users\/1"}],"replies":[{"embeddable":true,"href":"https:\/\/www.salmonlink.uevora.pt\/en\/wp-json\/wp\/v2\/comments?post=841"}],"version-history":[{"count":39,"href":"https:\/\/www.salmonlink.uevora.pt\/en\/wp-json\/wp\/v2\/pages\/841\/revisions"}],"predecessor-version":[{"id":2179,"href":"https:\/\/www.salmonlink.uevora.pt\/en\/wp-json\/wp\/v2\/pages\/841\/revisions\/2179"}],"wp:attachment":[{"href":"https:\/\/www.salmonlink.uevora.pt\/en\/wp-json\/wp\/v2\/media?parent=841"}],"curies":[{"name":"wp","href":"https:\/\/api.w.org\/{rel}","templated":true}]}}