{"id":871,"date":"2021-11-17T12:31:20","date_gmt":"2021-11-17T15:31:20","guid":{"rendered":"https:\/\/www.salmonlink.uevora.pt\/?page_id=871"},"modified":"2022-02-23T17:08:49","modified_gmt":"2022-02-23T17:08:49","slug":"arquivo","status":"publish","type":"page","link":"https:\/\/www.salmonlink.uevora.pt\/en\/arquivo\/","title":{"rendered":"Archive"},"content":{"rendered":"<p>[vc_row row_type=&#8221;row&#8221; use_row_as_full_screen_section=&#8221;no&#8221; type=&#8221;full_width&#8221; text_align=&#8221;left&#8221; background_animation=&#8221;none&#8221; css_animation=&#8221;&#8221;][vc_column][vc_empty_space height=&#8221;120px&#8221;][\/vc_column][\/vc_row][vc_row row_type=&#8221;row&#8221; use_row_as_full_screen_section=&#8221;no&#8221; type=&#8221;full_width&#8221; text_align=&#8221;left&#8221; background_animation=&#8221;none&#8221; css_animation=&#8221;&#8221;][vc_column width=&#8221;1\/4&#8243;][\/vc_column][vc_column width=&#8221;3\/4&#8243;][vc_column_text]<\/p>\n<h2 style=\"text-align: left;\">file repository<\/h2>\n<p>[\/vc_column_text][vc_column_text css=&#8221;.vc_custom_1643402877248{padding-top: 40px !important;}&#8221;]<\/p>\n<p style=\"text-align: left;\"><span style=\"font-size: 16px;\">Academic files associated with the SalmonLink Project provided by the team.<\/span><\/p>\n<p>[\/vc_column_text][\/vc_column][\/vc_row][vc_row row_type=&#8221;row&#8221; use_row_as_full_screen_section=&#8221;no&#8221; type=&#8221;full_width&#8221; text_align=&#8221;left&#8221; background_animation=&#8221;none&#8221; padding_top=&#8221;50&#8243; css_animation=&#8221;&#8221;][vc_column width=&#8221;1\/4&#8243;][\/vc_column][vc_column width=&#8221;3\/4&#8243;][vc_column_text]<\/p>\n<h6><span style=\"text-decoration: underline;\"><strong><a href=\"https:\/\/www.salmonlink.uevora.pt\/artigos-cientificos-e-relatorios-tecnicos\/\">SCIENTIFIC ARTICLES &amp; TECHNICAL REPORTS<\/a><\/strong><\/span><\/h6>\n<p>[\/vc_column_text][\/vc_column][\/vc_row][vc_row row_type=&#8221;row&#8221; use_row_as_full_screen_section=&#8221;no&#8221; type=&#8221;full_width&#8221; text_align=&#8221;left&#8221; background_animation=&#8221;none&#8221; padding_top=&#8221;50&#8243; css_animation=&#8221;&#8221;][vc_column width=&#8221;1\/4&#8243;][\/vc_column][vc_column width=&#8221;3\/4&#8243;][vc_column_text]<\/p>\n<h6 style=\"text-align: left;\"><a href=\"https:\/\/www.salmonlink.uevora.pt\/apresentacoes\/\"><b><u>Presentation<\/u><\/b><\/a><\/h6>\n<p>[\/vc_column_text][\/vc_column][\/vc_row][vc_row row_type=&#8221;row&#8221; use_row_as_full_screen_section=&#8221;no&#8221; type=&#8221;full_width&#8221; text_align=&#8221;left&#8221; background_animation=&#8221;none&#8221; padding_top=&#8221;50&#8243; css_animation=&#8221;&#8221;][vc_column width=&#8221;1\/4&#8243;][\/vc_column][vc_column width=&#8221;3\/4&#8243;][vc_column_text]<\/p>\n<h6 style=\"text-align: left;\"><a href=\"https:\/\/www.salmonlink.uevora.pt\/materiais-de-divulgacao\/\"><b><u>Promotional Files<\/u><\/b><\/a><\/h6>\n<p>[\/vc_column_text][\/vc_column][\/vc_row][vc_row row_type=&#8221;row&#8221; use_row_as_full_screen_section=&#8221;no&#8221; type=&#8221;full_width&#8221; text_align=&#8221;left&#8221; background_animation=&#8221;none&#8221; padding_top=&#8221;50&#8243; css_animation=&#8221;&#8221;][vc_column width=&#8221;1\/4&#8243;][\/vc_column][vc_column width=&#8221;3\/4&#8243;][vc_column_text]<\/p>\n<h6 style=\"text-align: left;\"><a href=\"https:\/\/www.salmonlink.uevora.pt\/galeria\/\"><b><u>Gallery<\/u><\/b><\/a><\/h6>\n<p>[\/vc_column_text][\/vc_column][\/vc_row][vc_row row_type=&#8221;row&#8221; use_row_as_full_screen_section=&#8221;no&#8221; type=&#8221;full_width&#8221; text_align=&#8221;left&#8221; background_animation=&#8221;none&#8221; css_animation=&#8221;&#8221;][vc_column][vc_empty_space height=&#8221;120px&#8221;][\/vc_column][\/vc_row]<\/p>\n","protected":false},"excerpt":{"rendered":"<p>[vc_row row_type=&#8221;row&#8221; use_row_as_full_screen_section=&#8221;no&#8221; type=&#8221;full_width&#8221; text_align=&#8221;left&#8221; background_animation=&#8221;none&#8221; css_animation=&#8221;&#8221;][vc_column][vc_empty_space height=&#8221;120px&#8221;][\/vc_column][\/vc_row][vc_row row_type=&#8221;row&#8221; use_row_as_full_screen_section=&#8221;no&#8221; type=&#8221;full_width&#8221; text_align=&#8221;left&#8221; background_animation=&#8221;none&#8221; css_animation=&#8221;&#8221;][vc_column width=&#8221;1\/4&#8243;][\/vc_column][vc_column width=&#8221;3\/4&#8243;][vc_column_text] file repository [\/vc_column_text][vc_column_text css=&#8221;.vc_custom_1643402877248{padding-top: 40px !important;}&#8221;] Academic files associated with the SalmonLink Project provided by the team. [\/vc_column_text][\/vc_column][\/vc_row][vc_row row_type=&#8221;row&#8221; use_row_as_full_screen_section=&#8221;no&#8221; type=&#8221;full_width&#8221; text_align=&#8221;left&#8221; background_animation=&#8221;none&#8221; padding_top=&#8221;50&#8243; css_animation=&#8221;&#8221;][vc_column width=&#8221;1\/4&#8243;][\/vc_column][vc_column width=&#8221;3\/4&#8243;][vc_column_text] SCIENTIFIC ARTICLES&#8230;<\/p>\n","protected":false},"author":1,"featured_media":0,"parent":0,"menu_order":0,"comment_status":"closed","ping_status":"closed","template":"full_width.php","meta":{"footnotes":""},"class_list":["post-871","page","type-page","status-publish","hentry"],"yoast_head":"<!-- This site is optimized with the Yoast SEO plugin v27.5 - https:\/\/yoast.com\/product\/yoast-seo-wordpress\/ -->\n<title>Archive<\/title>\n<meta name=\"description\" content=\"[vc_row row_type=&quot;row&quot; use_row_as_full_screen_section=&quot;no&quot; type=&quot;full_width&quot; text_align=&quot;left&quot; background_animation=&quot;none&quot; css_animation=&quot;&quot;][vc_column][vc_empty_space height=&quot;120px&quot;][\/vc_column][\/vc_row][vc_row row_type=&quot;row&quot; use_row_as_full_screen_section=&quot;no&quot; type=&quot;full_width&quot; text_align=&quot;left&quot; background_animation=&quot;none&quot; css_animation=&quot;&quot;][vc_column width=&quot;1\/4&quot;][\/vc_column][vc_column width=&quot;3\/4&quot;][vc_column_text] file repository [\/vc_column_text][vc_column_text css=&quot;.vc_custom_1643402877248{padding-top: 40px !important;}&quot;] Academic files associated with the SalmonLink Project provided by the team. [\/vc_column_text][\/vc_column][\/vc_row][vc_row row_type=&quot;row&quot; use_row_as_full_screen_section=&quot;no&quot; type=&quot;full_width&quot; text_align=&quot;left&quot; background_animation=&quot;none&quot; padding_top=&quot;50&quot; css_animation=&quot;&quot;][vc_column width=&quot;1\/4&quot;][\/vc_column][vc_column width=&quot;3\/4&quot;][vc_column_text] SCIENTIFIC ARTICLES &amp; TECHNICAL REPORTS [\/vc_column_text][\/vc_column][\/vc_row][vc_row row_type=&quot;row&quot; use_row_as_full_screen_section=&quot;no&quot; type=&quot;full_width&quot; text_align=&quot;left&quot; background_animation=&quot;none&quot; padding_top=&quot;50&quot;&hellip;\" \/>\n<meta name=\"robots\" content=\"index, follow, max-snippet:-1, max-image-preview:large, max-video-preview:-1\" \/>\n<link rel=\"canonical\" href=\"\" \/>\n<meta property=\"og:locale\" content=\"en_US\" \/>\n<meta property=\"og:type\" content=\"article\" \/>\n<meta property=\"og:title\" content=\"Archive\" \/>\n<meta property=\"og:description\" content=\"[vc_row row_type=&quot;row&quot; use_row_as_full_screen_section=&quot;no&quot; type=&quot;full_width&quot; text_align=&quot;left&quot; background_animation=&quot;none&quot; css_animation=&quot;&quot;][vc_column][vc_empty_space height=&quot;120px&quot;][\/vc_column][\/vc_row][vc_row row_type=&quot;row&quot; use_row_as_full_screen_section=&quot;no&quot; type=&quot;full_width&quot; text_align=&quot;left&quot; background_animation=&quot;none&quot; css_animation=&quot;&quot;][vc_column width=&quot;1\/4&quot;][\/vc_column][vc_column width=&quot;3\/4&quot;][vc_column_text] file repository [\/vc_column_text][vc_column_text css=&quot;.vc_custom_1643402877248{padding-top: 40px !important;}&quot;] Academic files associated with the SalmonLink Project provided by the team. [\/vc_column_text][\/vc_column][\/vc_row][vc_row row_type=&quot;row&quot; use_row_as_full_screen_section=&quot;no&quot; type=&quot;full_width&quot; text_align=&quot;left&quot; background_animation=&quot;none&quot; padding_top=&quot;50&quot; css_animation=&quot;&quot;][vc_column width=&quot;1\/4&quot;][\/vc_column][vc_column width=&quot;3\/4&quot;][vc_column_text] SCIENTIFIC ARTICLES &amp; TECHNICAL REPORTS [\/vc_column_text][\/vc_column][\/vc_row][vc_row row_type=&quot;row&quot; use_row_as_full_screen_section=&quot;no&quot; type=&quot;full_width&quot; text_align=&quot;left&quot; background_animation=&quot;none&quot; padding_top=&quot;50&quot;&hellip;\" \/>\n<meta property=\"og:url\" content=\"https:\/\/www.salmonlink.uevora.pt\/en\/arquivo\/\" \/>\n<meta property=\"og:site_name\" content=\"SalmonLink\" \/>\n<meta property=\"article:publisher\" content=\"https:\/\/www.facebook.com\/salmonlinkuevora\/\" \/>\n<meta property=\"article:modified_time\" content=\"2022-02-23T17:08:49+00:00\" \/>\n<meta name=\"twitter:card\" content=\"summary_large_image\" \/>\n<meta name=\"twitter:label1\" content=\"Est. reading time\" \/>\n\t<meta name=\"twitter:data1\" content=\"2 minutes\" \/>\n<script type=\"application\/ld+json\" class=\"yoast-schema-graph\">{\"@context\":\"https:\\\/\\\/schema.org\",\"@graph\":[{\"@type\":\"WebPage\",\"@id\":\"https:\\\/\\\/www.salmonlink.uevora.pt\\\/en\\\/arquivo\\\/\",\"url\":\"https:\\\/\\\/www.salmonlink.uevora.pt\\\/en\\\/arquivo\\\/\",\"name\":\"Arquivo - SalmonLink\",\"isPartOf\":{\"@id\":\"https:\\\/\\\/www.salmonlink.uevora.pt\\\/#website\"},\"datePublished\":\"2021-11-17T15:31:20+00:00\",\"dateModified\":\"2022-02-23T17:08:49+00:00\",\"breadcrumb\":{\"@id\":\"https:\\\/\\\/www.salmonlink.uevora.pt\\\/en\\\/arquivo\\\/#breadcrumb\"},\"inLanguage\":\"en-US\",\"potentialAction\":[{\"@type\":\"ReadAction\",\"target\":[\"https:\\\/\\\/www.salmonlink.uevora.pt\\\/en\\\/arquivo\\\/\"]}]},{\"@type\":\"BreadcrumbList\",\"@id\":\"https:\\\/\\\/www.salmonlink.uevora.pt\\\/en\\\/arquivo\\\/#breadcrumb\",\"itemListElement\":[{\"@type\":\"ListItem\",\"position\":1,\"name\":\"In\u00edcio\",\"item\":\"https:\\\/\\\/www.salmonlink.uevora.pt\\\/\"},{\"@type\":\"ListItem\",\"position\":2,\"name\":\"Archive\"}]},{\"@type\":\"WebSite\",\"@id\":\"https:\\\/\\\/www.salmonlink.uevora.pt\\\/en\\\/#website\",\"url\":\"https:\\\/\\\/www.salmonlink.uevora.pt\\\/en\\\/\",\"name\":\"SalmonLink\",\"description\":\"Gest\u00e3o e conserva\u00e7\u00e3o do salm\u00e3o do atl\u00e2ntico em Portugal\",\"publisher\":{\"@id\":\"https:\\\/\\\/www.salmonlink.uevora.pt\\\/en\\\/#organization\"},\"potentialAction\":[{\"@type\":\"SearchAction\",\"target\":{\"@type\":\"EntryPoint\",\"urlTemplate\":\"https:\\\/\\\/www.salmonlink.uevora.pt\\\/en\\\/?s={search_term_string}\"},\"query-input\":{\"@type\":\"PropertyValueSpecification\",\"valueRequired\":true,\"valueName\":\"search_term_string\"}}],\"inLanguage\":\"en-US\"},{\"@type\":\"Organization\",\"@id\":\"https:\\\/\\\/www.salmonlink.uevora.pt\\\/en\\\/#organization\",\"name\":\"SalmonLink\",\"url\":\"https:\\\/\\\/www.salmonlink.uevora.pt\\\/en\\\/\",\"logo\":{\"@type\":\"ImageObject\",\"inLanguage\":\"en-US\",\"@id\":\"https:\\\/\\\/www.salmonlink.uevora.pt\\\/en\\\/#\\\/schema\\\/logo\\\/image\\\/\",\"url\":\"https:\\\/\\\/www.salmonlink.uevora.pt\\\/wp-content\\\/uploads\\\/2022\\\/01\\\/Logo_SalmonLink_horiz_degrade-e1643409263851.png\",\"contentUrl\":\"https:\\\/\\\/www.salmonlink.uevora.pt\\\/wp-content\\\/uploads\\\/2022\\\/01\\\/Logo_SalmonLink_horiz_degrade-e1643409263851.png\",\"width\":1920,\"height\":1080,\"caption\":\"SalmonLink\"},\"image\":{\"@id\":\"https:\\\/\\\/www.salmonlink.uevora.pt\\\/en\\\/#\\\/schema\\\/logo\\\/image\\\/\"},\"sameAs\":[\"https:\\\/\\\/www.facebook.com\\\/salmonlinkuevora\\\/\"]}]}<\/script>\n<!-- \/ Yoast SEO plugin. -->","yoast_head_json":{"title":"Archive","description":"[vc_row row_type=\"row\" use_row_as_full_screen_section=\"no\" type=\"full_width\" text_align=\"left\" background_animation=\"none\" css_animation=\"\"][vc_column][vc_empty_space height=\"120px\"][\/vc_column][\/vc_row][vc_row row_type=\"row\" use_row_as_full_screen_section=\"no\" type=\"full_width\" text_align=\"left\" background_animation=\"none\" css_animation=\"\"][vc_column width=\"1\/4\"][\/vc_column][vc_column width=\"3\/4\"][vc_column_text] file repository [\/vc_column_text][vc_column_text css=\".vc_custom_1643402877248{padding-top: 40px !important;}\"] Academic files associated with the SalmonLink Project provided by the team. [\/vc_column_text][\/vc_column][\/vc_row][vc_row row_type=\"row\" use_row_as_full_screen_section=\"no\" type=\"full_width\" text_align=\"left\" background_animation=\"none\" padding_top=\"50\" css_animation=\"\"][vc_column width=\"1\/4\"][\/vc_column][vc_column width=\"3\/4\"][vc_column_text] SCIENTIFIC ARTICLES &amp; TECHNICAL REPORTS [\/vc_column_text][\/vc_column][\/vc_row][vc_row row_type=\"row\" use_row_as_full_screen_section=\"no\" type=\"full_width\" text_align=\"left\" background_animation=\"none\" padding_top=\"50\"&hellip;","robots":{"index":"index","follow":"follow","max-snippet":"max-snippet:-1","max-image-preview":"max-image-preview:large","max-video-preview":"max-video-preview:-1"},"canonical":"[vc_row row_type=\"row\" use_row_as_full_screen_section=\"no\" type=\"full_width\" text_align=\"left\" background_animation=\"none\" css_animation=\"\"][vc_column][vc_empty_space height=\"120px\"][\/vc_column][\/vc_row][vc_row row_type=\"row\" use_row_as_full_screen_section=\"no\" type=\"full_width\" text_align=\"left\" background_animation=\"none\" css_animation=\"\"][vc_column width=\"1\/4\"][\/vc_column][vc_column width=\"3\/4\"][vc_column_text] file repository [\/vc_column_text][vc_column_text css=\".vc_custom_1643402877248{padding-top: 40px !important;}\"] Academic files associated with the SalmonLink Project provided by the team. [\/vc_column_text][\/vc_column][\/vc_row][vc_row row_type=\"row\" use_row_as_full_screen_section=\"no\" type=\"full_width\" text_align=\"left\" background_animation=\"none\" padding_top=\"50\" css_animation=\"\"][vc_column width=\"1\/4\"][\/vc_column][vc_column width=\"3\/4\"][vc_column_text] SCIENTIFIC ARTICLES &amp; TECHNICAL REPORTS [\/vc_column_text][\/vc_column][\/vc_row][vc_row row_type=\"row\" use_row_as_full_screen_section=\"no\" type=\"full_width\" text_align=\"left\" background_animation=\"none\" padding_top=\"50\"&hellip;","og_locale":"en_US","og_type":"article","og_title":"Archive","og_description":"[vc_row row_type=\"row\" use_row_as_full_screen_section=\"no\" type=\"full_width\" text_align=\"left\" background_animation=\"none\" css_animation=\"\"][vc_column][vc_empty_space height=\"120px\"][\/vc_column][\/vc_row][vc_row row_type=\"row\" use_row_as_full_screen_section=\"no\" type=\"full_width\" text_align=\"left\" background_animation=\"none\" css_animation=\"\"][vc_column width=\"1\/4\"][\/vc_column][vc_column width=\"3\/4\"][vc_column_text] file repository [\/vc_column_text][vc_column_text css=\".vc_custom_1643402877248{padding-top: 40px !important;}\"] Academic files associated with the SalmonLink Project provided by the team. [\/vc_column_text][\/vc_column][\/vc_row][vc_row row_type=\"row\" use_row_as_full_screen_section=\"no\" type=\"full_width\" text_align=\"left\" background_animation=\"none\" padding_top=\"50\" css_animation=\"\"][vc_column width=\"1\/4\"][\/vc_column][vc_column width=\"3\/4\"][vc_column_text] SCIENTIFIC ARTICLES &amp; TECHNICAL REPORTS [\/vc_column_text][\/vc_column][\/vc_row][vc_row row_type=\"row\" use_row_as_full_screen_section=\"no\" type=\"full_width\" text_align=\"left\" background_animation=\"none\" padding_top=\"50\"&hellip;","og_url":"https:\/\/www.salmonlink.uevora.pt\/en\/arquivo\/","og_site_name":"SalmonLink","article_publisher":"https:\/\/www.facebook.com\/salmonlinkuevora\/","article_modified_time":"2022-02-23T17:08:49+00:00","twitter_card":"summary_large_image","twitter_misc":{"Est. reading time":"2 minutes"},"schema":{"@context":"https:\/\/schema.org","@graph":[{"@type":"WebPage","@id":"https:\/\/www.salmonlink.uevora.pt\/en\/arquivo\/","url":"https:\/\/www.salmonlink.uevora.pt\/en\/arquivo\/","name":"Arquivo - SalmonLink","isPartOf":{"@id":"https:\/\/www.salmonlink.uevora.pt\/#website"},"datePublished":"2021-11-17T15:31:20+00:00","dateModified":"2022-02-23T17:08:49+00:00","breadcrumb":{"@id":"https:\/\/www.salmonlink.uevora.pt\/en\/arquivo\/#breadcrumb"},"inLanguage":"en-US","potentialAction":[{"@type":"ReadAction","target":["https:\/\/www.salmonlink.uevora.pt\/en\/arquivo\/"]}]},{"@type":"BreadcrumbList","@id":"https:\/\/www.salmonlink.uevora.pt\/en\/arquivo\/#breadcrumb","itemListElement":[{"@type":"ListItem","position":1,"name":"In\u00edcio","item":"https:\/\/www.salmonlink.uevora.pt\/"},{"@type":"ListItem","position":2,"name":"Archive"}]},{"@type":"WebSite","@id":"https:\/\/www.salmonlink.uevora.pt\/en\/#website","url":"https:\/\/www.salmonlink.uevora.pt\/en\/","name":"SalmonLink","description":"Gest\u00e3o e conserva\u00e7\u00e3o do salm\u00e3o do atl\u00e2ntico em Portugal","publisher":{"@id":"https:\/\/www.salmonlink.uevora.pt\/en\/#organization"},"potentialAction":[{"@type":"SearchAction","target":{"@type":"EntryPoint","urlTemplate":"https:\/\/www.salmonlink.uevora.pt\/en\/?s={search_term_string}"},"query-input":{"@type":"PropertyValueSpecification","valueRequired":true,"valueName":"search_term_string"}}],"inLanguage":"en-US"},{"@type":"Organization","@id":"https:\/\/www.salmonlink.uevora.pt\/en\/#organization","name":"SalmonLink","url":"https:\/\/www.salmonlink.uevora.pt\/en\/","logo":{"@type":"ImageObject","inLanguage":"en-US","@id":"https:\/\/www.salmonlink.uevora.pt\/en\/#\/schema\/logo\/image\/","url":"https:\/\/www.salmonlink.uevora.pt\/wp-content\/uploads\/2022\/01\/Logo_SalmonLink_horiz_degrade-e1643409263851.png","contentUrl":"https:\/\/www.salmonlink.uevora.pt\/wp-content\/uploads\/2022\/01\/Logo_SalmonLink_horiz_degrade-e1643409263851.png","width":1920,"height":1080,"caption":"SalmonLink"},"image":{"@id":"https:\/\/www.salmonlink.uevora.pt\/en\/#\/schema\/logo\/image\/"},"sameAs":["https:\/\/www.facebook.com\/salmonlinkuevora\/"]}]}},"_links":{"self":[{"href":"https:\/\/www.salmonlink.uevora.pt\/en\/wp-json\/wp\/v2\/pages\/871","targetHints":{"allow":["GET"]}}],"collection":[{"href":"https:\/\/www.salmonlink.uevora.pt\/en\/wp-json\/wp\/v2\/pages"}],"about":[{"href":"https:\/\/www.salmonlink.uevora.pt\/en\/wp-json\/wp\/v2\/types\/page"}],"author":[{"embeddable":true,"href":"https:\/\/www.salmonlink.uevora.pt\/en\/wp-json\/wp\/v2\/users\/1"}],"replies":[{"embeddable":true,"href":"https:\/\/www.salmonlink.uevora.pt\/en\/wp-json\/wp\/v2\/comments?post=871"}],"version-history":[{"count":74,"href":"https:\/\/www.salmonlink.uevora.pt\/en\/wp-json\/wp\/v2\/pages\/871\/revisions"}],"predecessor-version":[{"id":2177,"href":"https:\/\/www.salmonlink.uevora.pt\/en\/wp-json\/wp\/v2\/pages\/871\/revisions\/2177"}],"wp:attachment":[{"href":"https:\/\/www.salmonlink.uevora.pt\/en\/wp-json\/wp\/v2\/media?parent=871"}],"curies":[{"name":"wp","href":"https:\/\/api.w.org\/{rel}","templated":true}]}}